{"id":83300,"date":"2025-04-01T13:00:29","date_gmt":"2025-04-01T12:00:29","guid":{"rendered":"https:\/\/www.jardipond.com\/?page_id=83300"},"modified":"2026-04-21T11:13:03","modified_gmt":"2026-04-21T10:13:03","slug":"politique-retours","status":"publish","type":"page","link":"https:\/\/www.jardipond.com\/fr\/politique-retours\/","title":{"rendered":"Politique de retours"},"content":{"rendered":"\t\t<div data-elementor-type=\"wp-page\" data-elementor-id=\"83300\" class=\"elementor elementor-83300 elementor-8236\" data-elementor-post-type=\"page\">\n\t\t\t\t<div class=\"elementor-element elementor-element-6e2591f6 e-con-full e-flex e-con e-parent\" data-id=\"6e2591f6\" data-element_type=\"container\" data-settings=\"{&quot;background_background&quot;:&quot;classic&quot;}\">\n\t\t\t\t<div class=\"elementor-element elementor-element-700bfe0e elementor-widget elementor-widget-heading\" data-id=\"700bfe0e\" data-element_type=\"widget\" data-widget_type=\"heading.default\">\n\t\t\t\t<div class=\"elementor-widget-container\">\n\t\t\t<h2 class=\"elementor-heading-title elementor-size-default\">CHANGEMENTS ET RETOURS<\/h2>\t\t<\/div>\n\t\t\t\t<\/div>\n\t\t\t\t<\/div>\n\t\t<div class=\"elementor-element elementor-element-a4482d2 e-flex e-con-boxed e-con e-parent\" data-id=\"a4482d2\" data-element_type=\"container\">\n\t\t\t\t\t<div class=\"e-con-inner\">\n\t\t\t\t<div class=\"elementor-element elementor-element-1038d2f7 elementor-widget elementor-widget-text-editor\" data-id=\"1038d2f7\" data-element_type=\"widget\" data-widget_type=\"text-editor.default\">\n\t\t\t\t<div class=\"elementor-widget-container\">\n\t\t\t\t\t\t\t<p data-start=\"0\" data-end=\"82\"><strong data-start=\"0\" data-end=\"20\">Frais de gestion<\/strong><br data-start=\"20\" data-end=\"23\" \/>Une p\u00e9nalit\u00e9 de 15 % sera appliqu\u00e9e sur le montant factur\u00e9.<\/p><p data-start=\"84\" data-end=\"342\"><strong data-start=\"84\" data-end=\"144\">D\u00e9lai maximum \u00e0 compter de la date de facture : 30 jours<\/strong><br data-start=\"144\" data-end=\"147\" \/>Les retours ne seront accept\u00e9s que dans un d\u00e9lai de 30 jours \u00e0 compter de la date de facturation. Il est essentiel de respecter ce d\u00e9lai afin de garantir le traitement de votre demande de retour.<\/p><p data-start=\"344\" data-end=\"597\"><strong data-start=\"344\" data-end=\"384\">Emballage d\u2019origine et \u00e9tat conforme<\/strong><br data-start=\"384\" data-end=\"387\" \/>Le retour ne sera accept\u00e9 que si le produit est dans son emballage d\u2019origine et en \u00e9tat propre \u00e0 la revente. Veuillez vous assurer que le produit est retourn\u00e9 dans les m\u00eames conditions que lors de sa r\u00e9ception.<\/p><p data-start=\"599\" data-end=\"833\"><strong data-start=\"599\" data-end=\"631\">Produits d\u00e9coup\u00e9s sur mesure<\/strong><br data-start=\"631\" data-end=\"634\" \/>Les produits d\u00e9coup\u00e9s sur mesure ne peuvent malheureusement pas \u00eatre retourn\u00e9s en raison de leur caract\u00e8re personnalis\u00e9. Cela inclut, sans s\u2019y limiter, les produits d\u00e9coup\u00e9s selon vos sp\u00e9cifications.<\/p><p data-start=\"835\" data-end=\"1057\"><strong data-start=\"835\" data-end=\"866\">Conditions de remboursement<\/strong><br data-start=\"866\" data-end=\"869\" \/>Aucun remboursement en esp\u00e8ces ne sera effectu\u00e9. Le montant correspondant au retour sera conserv\u00e9 sous forme d\u2019avoir au b\u00e9n\u00e9fice du client et pourra \u00eatre utilis\u00e9 pour de futures commandes.<\/p><p data-start=\"1059\" data-end=\"1259\"><strong data-start=\"1059\" data-end=\"1081\">Frais de transport<\/strong><br data-start=\"1081\" data-end=\"1084\" \/>Les frais de transport li\u00e9s au retour du produit sont \u00e0 la charge du client, sauf si le retour r\u00e9sulte d\u2019une erreur de l\u2019entreprise, du transporteur ou d\u2019un d\u00e9faut du produit.<\/p><p data-start=\"1261\" data-end=\"1549\"><strong data-start=\"1261\" data-end=\"1286\">Inspection du produit<\/strong><br data-start=\"1286\" data-end=\"1289\" \/>Le produit retourn\u00e9 fera l\u2019objet d\u2019un contr\u00f4le afin de v\u00e9rifier qu\u2019il est en \u00e9tat de revente. Si le produit a \u00e9t\u00e9 endommag\u00e9 en raison d\u2019une mauvaise manipulation de la part du client, le retour pourra \u00eatre refus\u00e9 ou faire l\u2019objet d\u2019une p\u00e9nalit\u00e9 suppl\u00e9mentaire.<\/p><p data-start=\"1551\" data-end=\"1749\" data-is-last-node=\"\" data-is-only-node=\"\"><strong data-start=\"1551\" data-end=\"1571\">Refus de retours<\/strong><br data-start=\"1571\" data-end=\"1574\" \/>L\u2019entreprise se r\u00e9serve le droit de refuser tout retour ne respectant pas les crit\u00e8res d\u00e9finis dans la pr\u00e9sente politique ou si la demande est effectu\u00e9e hors du d\u00e9lai indiqu\u00e9.<\/p>\t\t\t\t\t\t<\/div>\n\t\t\t\t<\/div>\n\t\t\t\t\t<\/div>\n\t\t\t\t<\/div>\n\t\t\t\t<\/div>\n\t\t","protected":false},"excerpt":{"rendered":"<p>CHANGEMENTS ET RETOURS Frais de gestionUne p\u00e9nalit\u00e9 de 15 % sera appliqu\u00e9e sur le montant factur\u00e9. D\u00e9lai maximum \u00e0 compter de la date de facture : 30 joursLes retours ne seront accept\u00e9s que dans un d\u00e9lai de 30 jours \u00e0 compter de la date de facturation. Il est essentiel de respecter ce d\u00e9lai afin de [&hellip;]<\/p>\n","protected":false},"author":3,"featured_media":0,"parent":0,"menu_order":0,"comment_status":"closed","ping_status":"closed","template":"","meta":{"_acf_changed":false,"footnotes":""},"class_list":["post-83300","page","type-page","status-publish","hentry"],"acf":[],"yoast_head":"<!-- This site is optimized with the Yoast SEO plugin v23.4 - https:\/\/yoast.com\/wordpress\/plugins\/seo\/ -->\n<title>Politique de retours | Jard\u00ed Pond<\/title>\n<meta name=\"description\" content=\"Solicita informaci\u00f3n sobre Politique de retours\" \/>\n<meta name=\"robots\" content=\"index, follow, max-snippet:-1, max-image-preview:large, max-video-preview:-1\" \/>\n<link rel=\"canonical\" href=\"https:\/\/www.jardipond.com\/fr\/politique-retours\/\" \/>\n<meta property=\"og:locale\" content=\"fr_FR\" \/>\n<meta property=\"og:type\" content=\"article\" \/>\n<meta property=\"og:title\" content=\"Politique de retours | Jard\u00ed Pond\" \/>\n<meta property=\"og:description\" content=\"Solicita informaci\u00f3n sobre Politique de retours\" \/>\n<meta property=\"og:url\" content=\"https:\/\/www.jardipond.com\/fr\/politique-retours\/\" \/>\n<meta property=\"og:site_name\" content=\"Jard\u00ed Pond\" \/>\n<meta property=\"article:modified_time\" content=\"2026-04-21T10:13:03+00:00\" \/>\n<meta name=\"twitter:card\" content=\"summary_large_image\" \/>\n<meta name=\"twitter:label1\" content=\"Dur\u00e9e de lecture estim\u00e9e\" \/>\n\t<meta name=\"twitter:data1\" content=\"2 minutes\" \/>\n<script type=\"application\/ld+json\" class=\"yoast-schema-graph\">{\"@context\":\"https:\/\/schema.org\",\"@graph\":[{\"@type\":\"WebPage\",\"@id\":\"https:\/\/www.jardipond.com\/fr\/politique-retours\/\",\"url\":\"https:\/\/www.jardipond.com\/fr\/politique-retours\/\",\"name\":\"Politique de retours | Jard\u00ed Pond\",\"isPartOf\":{\"@id\":\"https:\/\/www.jardipond.com\/fr\/#website\"},\"datePublished\":\"2025-04-01T12:00:29+00:00\",\"dateModified\":\"2026-04-21T10:13:03+00:00\",\"description\":\"Solicita informaci\u00f3n sobre Politique de retours\",\"breadcrumb\":{\"@id\":\"https:\/\/www.jardipond.com\/fr\/politique-retours\/#breadcrumb\"},\"inLanguage\":\"fr-FR\",\"potentialAction\":[{\"@type\":\"ReadAction\",\"target\":[\"https:\/\/www.jardipond.com\/fr\/politique-retours\/\"]}]},{\"@type\":\"BreadcrumbList\",\"@id\":\"https:\/\/www.jardipond.com\/fr\/politique-retours\/#breadcrumb\",\"itemListElement\":[{\"@type\":\"ListItem\",\"position\":1,\"name\":\"Portada\",\"item\":\"https:\/\/www.jardipond.com\/fr\/\"},{\"@type\":\"ListItem\",\"position\":2,\"name\":\"Politique de retours\"}]},{\"@type\":\"WebSite\",\"@id\":\"https:\/\/www.jardipond.com\/fr\/#website\",\"url\":\"https:\/\/www.jardipond.com\/fr\/\",\"name\":\"Jard\u00ed Pond\",\"description\":\"\",\"publisher\":{\"@id\":\"https:\/\/www.jardipond.com\/fr\/#organization\"},\"potentialAction\":[{\"@type\":\"SearchAction\",\"target\":{\"@type\":\"EntryPoint\",\"urlTemplate\":\"https:\/\/www.jardipond.com\/fr\/?s={search_term_string}\"},\"query-input\":{\"@type\":\"PropertyValueSpecification\",\"valueRequired\":true,\"valueName\":\"search_term_string\"}}],\"inLanguage\":\"fr-FR\"},{\"@type\":\"Organization\",\"@id\":\"https:\/\/www.jardipond.com\/fr\/#organization\",\"name\":\"Jard\u00ed Pond\",\"url\":\"https:\/\/www.jardipond.com\/fr\/\",\"logo\":{\"@type\":\"ImageObject\",\"inLanguage\":\"fr-FR\",\"@id\":\"https:\/\/www.jardipond.com\/fr\/#\/schema\/logo\/image\/\",\"url\":\"https:\/\/www.jardipond.com\/wp-content\/uploads\/2025\/05\/cropped-default.jpg\",\"contentUrl\":\"https:\/\/www.jardipond.com\/wp-content\/uploads\/2025\/05\/cropped-default.jpg\",\"width\":157,\"height\":157,\"caption\":\"Jard\u00ed Pond\"},\"image\":{\"@id\":\"https:\/\/www.jardipond.com\/fr\/#\/schema\/logo\/image\/\"}}]}<\/script>\n<!-- \/ Yoast SEO plugin. -->","yoast_head_json":{"title":"Politique de retours | Jard\u00ed Pond","description":"Solicita informaci\u00f3n sobre Politique de retours","robots":{"index":"index","follow":"follow","max-snippet":"max-snippet:-1","max-image-preview":"max-image-preview:large","max-video-preview":"max-video-preview:-1"},"canonical":"https:\/\/www.jardipond.com\/fr\/politique-retours\/","og_locale":"fr_FR","og_type":"article","og_title":"Politique de retours | Jard\u00ed Pond","og_description":"Solicita informaci\u00f3n sobre Politique de retours","og_url":"https:\/\/www.jardipond.com\/fr\/politique-retours\/","og_site_name":"Jard\u00ed Pond","article_modified_time":"2026-04-21T10:13:03+00:00","twitter_card":"summary_large_image","twitter_misc":{"Dur\u00e9e de lecture estim\u00e9e":"2 minutes"},"schema":{"@context":"https:\/\/schema.org","@graph":[{"@type":"WebPage","@id":"https:\/\/www.jardipond.com\/fr\/politique-retours\/","url":"https:\/\/www.jardipond.com\/fr\/politique-retours\/","name":"Politique de retours | Jard\u00ed Pond","isPartOf":{"@id":"https:\/\/www.jardipond.com\/fr\/#website"},"datePublished":"2025-04-01T12:00:29+00:00","dateModified":"2026-04-21T10:13:03+00:00","description":"Solicita informaci\u00f3n sobre Politique de retours","breadcrumb":{"@id":"https:\/\/www.jardipond.com\/fr\/politique-retours\/#breadcrumb"},"inLanguage":"fr-FR","potentialAction":[{"@type":"ReadAction","target":["https:\/\/www.jardipond.com\/fr\/politique-retours\/"]}]},{"@type":"BreadcrumbList","@id":"https:\/\/www.jardipond.com\/fr\/politique-retours\/#breadcrumb","itemListElement":[{"@type":"ListItem","position":1,"name":"Portada","item":"https:\/\/www.jardipond.com\/fr\/"},{"@type":"ListItem","position":2,"name":"Politique de retours"}]},{"@type":"WebSite","@id":"https:\/\/www.jardipond.com\/fr\/#website","url":"https:\/\/www.jardipond.com\/fr\/","name":"Jard\u00ed Pond","description":"","publisher":{"@id":"https:\/\/www.jardipond.com\/fr\/#organization"},"potentialAction":[{"@type":"SearchAction","target":{"@type":"EntryPoint","urlTemplate":"https:\/\/www.jardipond.com\/fr\/?s={search_term_string}"},"query-input":{"@type":"PropertyValueSpecification","valueRequired":true,"valueName":"search_term_string"}}],"inLanguage":"fr-FR"},{"@type":"Organization","@id":"https:\/\/www.jardipond.com\/fr\/#organization","name":"Jard\u00ed Pond","url":"https:\/\/www.jardipond.com\/fr\/","logo":{"@type":"ImageObject","inLanguage":"fr-FR","@id":"https:\/\/www.jardipond.com\/fr\/#\/schema\/logo\/image\/","url":"https:\/\/www.jardipond.com\/wp-content\/uploads\/2025\/05\/cropped-default.jpg","contentUrl":"https:\/\/www.jardipond.com\/wp-content\/uploads\/2025\/05\/cropped-default.jpg","width":157,"height":157,"caption":"Jard\u00ed Pond"},"image":{"@id":"https:\/\/www.jardipond.com\/fr\/#\/schema\/logo\/image\/"}}]}},"_links":{"self":[{"href":"https:\/\/www.jardipond.com\/fr\/wp-json\/wp\/v2\/pages\/83300"}],"collection":[{"href":"https:\/\/www.jardipond.com\/fr\/wp-json\/wp\/v2\/pages"}],"about":[{"href":"https:\/\/www.jardipond.com\/fr\/wp-json\/wp\/v2\/types\/page"}],"author":[{"embeddable":true,"href":"https:\/\/www.jardipond.com\/fr\/wp-json\/wp\/v2\/users\/3"}],"replies":[{"embeddable":true,"href":"https:\/\/www.jardipond.com\/fr\/wp-json\/wp\/v2\/comments?post=83300"}],"version-history":[{"count":7,"href":"https:\/\/www.jardipond.com\/fr\/wp-json\/wp\/v2\/pages\/83300\/revisions"}],"predecessor-version":[{"id":87215,"href":"https:\/\/www.jardipond.com\/fr\/wp-json\/wp\/v2\/pages\/83300\/revisions\/87215"}],"wp:attachment":[{"href":"https:\/\/www.jardipond.com\/fr\/wp-json\/wp\/v2\/media?parent=83300"}],"curies":[{"name":"wp","href":"https:\/\/api.w.org\/{rel}","templated":true}]}}