{"id":87209,"date":"2024-09-12T08:38:38","date_gmt":"2024-09-12T07:38:38","guid":{"rendered":"https:\/\/www.jardipond.com\/?page_id=87209"},"modified":"2026-04-21T11:10:47","modified_gmt":"2026-04-21T10:10:47","slug":"politique-de-cookies","status":"publish","type":"page","link":"https:\/\/www.jardipond.com\/fr\/politique-de-cookies\/","title":{"rendered":"Politique de cookies"},"content":{"rendered":"\t\t<div data-elementor-type=\"wp-page\" data-elementor-id=\"87209\" class=\"elementor elementor-87209 elementor-24\" data-elementor-post-type=\"page\">\n\t\t\t\t<div class=\"elementor-element elementor-element-5079273 e-flex e-con-boxed e-con e-parent\" data-id=\"5079273\" data-element_type=\"container\" data-settings=\"{&quot;background_background&quot;:&quot;classic&quot;}\">\n\t\t\t\t\t<div class=\"e-con-inner\">\n\t\t\t\t<div class=\"elementor-element elementor-element-b4d377b elementor-widget-divider--view-line elementor-widget elementor-widget-divider\" data-id=\"b4d377b\" data-element_type=\"widget\" data-widget_type=\"divider.default\">\n\t\t\t\t<div class=\"elementor-widget-container\">\n\t\t\t\t\t<div class=\"elementor-divider\">\n\t\t\t<span class=\"elementor-divider-separator\">\n\t\t\t\t\t\t<\/span>\n\t\t<\/div>\n\t\t\t\t<\/div>\n\t\t\t\t<\/div>\n\t\t\t\t<div class=\"elementor-element elementor-element-d86e840 elementor-widget-divider--view-line elementor-widget elementor-widget-divider\" data-id=\"d86e840\" data-element_type=\"widget\" data-widget_type=\"divider.default\">\n\t\t\t\t<div class=\"elementor-widget-container\">\n\t\t\t\t\t<div class=\"elementor-divider\">\n\t\t\t<span class=\"elementor-divider-separator\">\n\t\t\t\t\t\t<\/span>\n\t\t<\/div>\n\t\t\t\t<\/div>\n\t\t\t\t<\/div>\n\t\t\t\t<div class=\"elementor-element elementor-element-7bd8e4c elementor-widget elementor-widget-heading\" data-id=\"7bd8e4c\" data-element_type=\"widget\" data-widget_type=\"heading.default\">\n\t\t\t\t<div class=\"elementor-widget-container\">\n\t\t\t<h2 class=\"elementor-heading-title elementor-size-default\">POLITIQUE DE COOKIES<\/h2>\t\t<\/div>\n\t\t\t\t<\/div>\n\t\t\t\t<div class=\"elementor-element elementor-element-324bd99 elementor-widget-divider--view-line elementor-widget elementor-widget-divider\" data-id=\"324bd99\" data-element_type=\"widget\" data-widget_type=\"divider.default\">\n\t\t\t\t<div class=\"elementor-widget-container\">\n\t\t\t\t\t<div class=\"elementor-divider\">\n\t\t\t<span class=\"elementor-divider-separator\">\n\t\t\t\t\t\t<\/span>\n\t\t<\/div>\n\t\t\t\t<\/div>\n\t\t\t\t<\/div>\n\t\t\t\t\t<\/div>\n\t\t\t\t<\/div>\n\t\t<div class=\"elementor-element elementor-element-6c134f29 e-flex e-con-boxed e-con e-parent\" data-id=\"6c134f29\" data-element_type=\"container\">\n\t\t\t\t\t<div class=\"e-con-inner\">\n\t\t\t\t<div class=\"elementor-element elementor-element-3b0d427 elementor-widget-divider--view-line elementor-widget elementor-widget-divider\" data-id=\"3b0d427\" data-element_type=\"widget\" data-widget_type=\"divider.default\">\n\t\t\t\t<div class=\"elementor-widget-container\">\n\t\t\t\t\t<div class=\"elementor-divider\">\n\t\t\t<span class=\"elementor-divider-separator\">\n\t\t\t\t\t\t<\/span>\n\t\t<\/div>\n\t\t\t\t<\/div>\n\t\t\t\t<\/div>\n\t\t\t\t<div class=\"elementor-element elementor-element-6c7d9c1 elementor-widget elementor-widget-text-editor\" data-id=\"6c7d9c1\" data-element_type=\"widget\" data-widget_type=\"text-editor.default\">\n\t\t\t\t<div class=\"elementor-widget-container\">\n\t\t\t\t\t\t\t<p data-start=\"82\" data-end=\"277\"><em>Cette politique de cookies a \u00e9t\u00e9 mise \u00e0 jour pour la derni\u00e8re fois le 1 janvier 2026 et s\u2019applique aux citoyens et r\u00e9sidents permanents l\u00e9gaux de l\u2019Espace \u00e9conomique europ\u00e9en et de la Suisse.<\/em><\/p><p data-start=\"284\" data-end=\"303\"><strong data-start=\"284\" data-end=\"303\">1. Introduction<\/strong><\/p><p data-start=\"305\" data-end=\"681\">Notre site web, <a class=\"decorated-link\" href=\"https:\/\/www.jardipond.com\" target=\"_new\" rel=\"noopener\" data-start=\"321\" data-end=\"346\">https:\/\/www.jardipond.com<\/a> (ci-apr\u00e8s : \u00ab le site \u00bb), utilise des cookies et d\u2019autres technologies li\u00e9es (par commodit\u00e9, toutes ces technologies sont d\u00e9sign\u00e9es par le terme \u00ab cookies \u00bb). Des cookies sont \u00e9galement d\u00e9pos\u00e9s par des tiers auxquels nous faisons appel. Dans le document ci-dessous, nous vous informons de l\u2019utilisation des cookies sur notre site web.<\/p><p data-start=\"688\" data-end=\"717\"><strong data-start=\"688\" data-end=\"717\">2. Que sont les cookies ?<\/strong><\/p><p data-start=\"719\" data-end=\"1003\">Un cookie est un petit fichier envoy\u00e9 avec les pages de ce site web et stock\u00e9 par votre navigateur sur le disque dur de votre ordinateur ou d\u2019un autre appareil. Les informations stock\u00e9es peuvent \u00eatre renvoy\u00e9es \u00e0 nos serveurs ou \u00e0 ceux de tiers appropri\u00e9s lors d\u2019une visite ult\u00e9rieure.<\/p><p data-start=\"1010\" data-end=\"1039\"><strong data-start=\"1010\" data-end=\"1039\">3. Que sont les scripts ?<\/strong><\/p><p data-start=\"1041\" data-end=\"1238\">Un script est un fragment de code utilis\u00e9 pour permettre \u00e0 notre site web de fonctionner correctement et de mani\u00e8re interactive. Ce code est ex\u00e9cut\u00e9 soit sur notre serveur, soit sur votre appareil.<\/p><p data-start=\"1245\" data-end=\"1281\"><strong data-start=\"1245\" data-end=\"1281\">4. Qu\u2019est-ce qu\u2019une balise web ?<\/strong><\/p><p data-start=\"1283\" data-end=\"1519\">Une balise web (ou pixel espion) est un petit \u00e9l\u00e9ment de texte ou d\u2019image, invisible sur un site web, utilis\u00e9 pour suivre le trafic sur un site. \u00c0 cette fin, diff\u00e9rentes donn\u00e9es vous concernant sont stock\u00e9es \u00e0 l\u2019aide de ces balises web.<\/p><p data-start=\"1526\" data-end=\"1540\"><strong data-start=\"1526\" data-end=\"1540\">5. Cookies<\/strong><\/p><p data-start=\"1542\" data-end=\"1584\"><strong data-start=\"1542\" data-end=\"1584\">5.1 Cookies techniques ou fonctionnels<\/strong><\/p><p data-start=\"1586\" data-end=\"2035\">Certains cookies garantissent le bon fonctionnement de certaines parties du site et la prise en compte de vos pr\u00e9f\u00e9rences utilisateur. En pla\u00e7ant des cookies fonctionnels, nous facilitons votre visite sur notre site. Ainsi, vous n\u2019avez pas \u00e0 saisir \u00e0 plusieurs reprises les m\u00eames informations lors de vos visites et, par exemple, les articles restent dans votre panier jusqu\u2019\u00e0 votre paiement. Nous pouvons placer ces cookies sans votre consentement.<\/p><p data-start=\"2042\" data-end=\"2061\"><strong data-start=\"2042\" data-end=\"2061\">6. Consentement<\/strong><\/p><p data-start=\"2063\" data-end=\"2559\">Lors de votre premi\u00e8re visite sur notre site, une fen\u00eatre contextuelle s\u2019affichera avec des explications sur les cookies. D\u00e8s que vous cliquez sur \u00ab Enregistrer les pr\u00e9f\u00e9rences \u00bb, vous acceptez que nous utilisions les cat\u00e9gories de cookies et plugins que vous avez s\u00e9lectionn\u00e9es dans la fen\u00eatre contextuelle, conform\u00e9ment \u00e0 cette politique de cookies. Vous pouvez d\u00e9sactiver l\u2019utilisation des cookies via votre navigateur, mais veuillez noter que notre site peut ne plus fonctionner correctement.<\/p><p data-start=\"2561\" data-end=\"2605\"><strong data-start=\"2561\" data-end=\"2605\">6.1 G\u00e9rez vos param\u00e8tres de consentement<\/strong><\/p><p data-start=\"2607\" data-end=\"2632\">FonctionnelToujours actif<\/p><p data-start=\"2639\" data-end=\"2697\"><strong data-start=\"2639\" data-end=\"2697\">7. Activation\/d\u00e9sactivation et suppression des cookies<\/strong><\/p><p data-start=\"2699\" data-end=\"3117\">Vous pouvez utiliser votre navigateur Internet pour supprimer les cookies automatiquement ou manuellement. Vous pouvez \u00e9galement sp\u00e9cifier que certains cookies ne peuvent pas \u00eatre d\u00e9pos\u00e9s. Une autre option consiste \u00e0 modifier les param\u00e8tres de votre navigateur afin de recevoir un message chaque fois qu\u2019un cookie est d\u00e9pos\u00e9. Pour plus d\u2019informations sur ces options, consultez la section \u00ab Aide \u00bb de votre navigateur.<\/p><p data-start=\"3119\" data-end=\"3363\">Veuillez noter que notre site peut ne pas fonctionner correctement si tous les cookies sont d\u00e9sactiv\u00e9s. Si vous supprimez les cookies de votre navigateur, ils seront \u00e0 nouveau plac\u00e9s apr\u00e8s votre consentement lorsque vous revisiterez notre site.<\/p><p data-start=\"3370\" data-end=\"3423\"><strong data-start=\"3370\" data-end=\"3423\">8. Vos droits concernant les donn\u00e9es personnelles<\/strong><\/p><p data-start=\"3425\" data-end=\"3496\">Vous disposez des droits suivants concernant vos donn\u00e9es personnelles :<\/p><ul data-start=\"3498\" data-end=\"4426\"><li data-section-id=\"16ehcxi\" data-start=\"3498\" data-end=\"3649\">Vous avez le droit de savoir pourquoi vos donn\u00e9es personnelles sont n\u00e9cessaires, ce qu\u2019il en adviendra et combien de temps elles seront conserv\u00e9es.<\/li><li data-section-id=\"t6rqj7\" data-start=\"3650\" data-end=\"3744\">Droit d\u2019acc\u00e8s : vous avez le droit d\u2019acc\u00e9der \u00e0 vos donn\u00e9es personnelles que nous d\u00e9tenons.<\/li><li data-section-id=\"pd43cb\" data-start=\"3745\" data-end=\"3877\">Droit de rectification : vous avez le droit de compl\u00e9ter, corriger, supprimer ou bloquer vos donn\u00e9es personnelles \u00e0 tout moment.<\/li><li data-section-id=\"1tkamyc\" data-start=\"3878\" data-end=\"4060\">Si vous nous donnez votre consentement pour le traitement de vos donn\u00e9es, vous avez le droit de retirer ce consentement et de demander la suppression de vos donn\u00e9es personnelles.<\/li><li data-section-id=\"al8wej\" data-start=\"4061\" data-end=\"4252\">Droit \u00e0 la portabilit\u00e9 des donn\u00e9es : vous avez le droit de demander toutes vos donn\u00e9es personnelles au responsable du traitement et de les transf\u00e9rer \u00e0 un autre responsable du traitement.<\/li><li data-section-id=\"1bftlkn\" data-start=\"4253\" data-end=\"4426\">Droit d\u2019opposition : vous pouvez vous opposer au traitement de vos donn\u00e9es. Nous nous y conformerons, sauf s\u2019il existe des motifs l\u00e9gitimes imp\u00e9rieux pour le traitement.<\/li><\/ul><p data-start=\"4428\" data-end=\"4808\">Pour exercer ces droits, veuillez nous contacter. Consultez les coordonn\u00e9es en bas de cette politique de cookies. Si vous avez une r\u00e9clamation concernant la mani\u00e8re dont nous traitons vos donn\u00e9es, nous vous invitons \u00e0 nous en informer, mais vous avez \u00e9galement le droit d\u2019introduire une r\u00e9clamation aupr\u00e8s de l\u2019autorit\u00e9 de contr\u00f4le comp\u00e9tente (autorit\u00e9 de protection des donn\u00e9es).<\/p><p data-start=\"4815\" data-end=\"4833\"><strong data-start=\"4815\" data-end=\"4833\">9. Coordonn\u00e9es<\/strong><\/p><p data-start=\"4835\" data-end=\"4984\">Pour toute question et\/ou commentaire concernant notre politique de cookies et cette d\u00e9claration, veuillez nous contacter aux coordonn\u00e9es suivantes :<\/p><p data-start=\"4986\" data-end=\"5128\">Jard\u00ed Pond<br data-start=\"4996\" data-end=\"4999\" \/>Cam\u00ed de Can Curet, 15, 08224 Terrassa (Barcelona)<br data-start=\"5048\" data-end=\"5051\" \/>Espagne<br data-start=\"5058\" data-end=\"5061\" \/>Site web : <a class=\"decorated-link\" href=\"https:\/\/www.jardipond.com\" target=\"_new\" rel=\"noopener\" data-start=\"5072\" data-end=\"5097\">https:\/\/www.jardipond.com<\/a><br data-start=\"5097\" data-end=\"5100\" \/>Email : <a class=\"decorated-link cursor-pointer\" rel=\"noopener\" data-start=\"5108\" data-end=\"5126\">info@jardipond.com<\/a><\/p>\t\t\t\t\t\t<\/div>\n\t\t\t\t<\/div>\n\t\t\t\t\t<\/div>\n\t\t\t\t<\/div>\n\t\t\t\t<\/div>\n\t\t","protected":false},"excerpt":{"rendered":"<p>POLITIQUE DE COOKIES Cette politique de cookies a \u00e9t\u00e9 mise \u00e0 jour pour la derni\u00e8re fois le 1 janvier 2026 et s\u2019applique aux citoyens et r\u00e9sidents permanents l\u00e9gaux de l\u2019Espace \u00e9conomique europ\u00e9en et de la Suisse. 1. Introduction Notre site web, https:\/\/www.jardipond.com (ci-apr\u00e8s : \u00ab le site \u00bb), utilise des cookies et d\u2019autres technologies li\u00e9es [&hellip;]<\/p>\n","protected":false},"author":3,"featured_media":0,"parent":0,"menu_order":0,"comment_status":"closed","ping_status":"closed","template":"","meta":{"_acf_changed":false,"footnotes":""},"class_list":["post-87209","page","type-page","status-publish","hentry"],"acf":[],"yoast_head":"<!-- This site is optimized with the Yoast SEO plugin v23.4 - https:\/\/yoast.com\/wordpress\/plugins\/seo\/ -->\n<title>Politique de cookies | Jard\u00ed Pond<\/title>\n<meta name=\"description\" content=\"Solicita informaci\u00f3n sobre Politique de cookies\" \/>\n<meta name=\"robots\" content=\"noindex, follow\" \/>\n<meta property=\"og:locale\" content=\"fr_FR\" \/>\n<meta property=\"og:type\" content=\"article\" \/>\n<meta property=\"og:title\" content=\"Politique de cookies | Jard\u00ed Pond\" \/>\n<meta property=\"og:description\" content=\"Solicita informaci\u00f3n sobre Politique de cookies\" \/>\n<meta property=\"og:url\" content=\"https:\/\/www.jardipond.com\/fr\/politique-de-cookies\/\" \/>\n<meta property=\"og:site_name\" content=\"Jard\u00ed Pond\" \/>\n<meta property=\"article:modified_time\" content=\"2026-04-21T10:10:47+00:00\" \/>\n<meta name=\"twitter:card\" content=\"summary_large_image\" \/>\n<meta name=\"twitter:label1\" content=\"Dur\u00e9e de lecture estim\u00e9e\" \/>\n\t<meta name=\"twitter:data1\" content=\"4 minutes\" \/>\n<script type=\"application\/ld+json\" class=\"yoast-schema-graph\">{\"@context\":\"https:\/\/schema.org\",\"@graph\":[{\"@type\":\"WebPage\",\"@id\":\"https:\/\/www.jardipond.com\/fr\/politique-de-cookies\/\",\"url\":\"https:\/\/www.jardipond.com\/fr\/politique-de-cookies\/\",\"name\":\"Politique de cookies | Jard\u00ed Pond\",\"isPartOf\":{\"@id\":\"https:\/\/www.jardipond.com\/fr\/#website\"},\"datePublished\":\"2024-09-12T07:38:38+00:00\",\"dateModified\":\"2026-04-21T10:10:47+00:00\",\"description\":\"Solicita informaci\u00f3n sobre Politique de cookies\",\"breadcrumb\":{\"@id\":\"https:\/\/www.jardipond.com\/fr\/politique-de-cookies\/#breadcrumb\"},\"inLanguage\":\"fr-FR\",\"potentialAction\":[{\"@type\":\"ReadAction\",\"target\":[\"https:\/\/www.jardipond.com\/fr\/politique-de-cookies\/\"]}]},{\"@type\":\"BreadcrumbList\",\"@id\":\"https:\/\/www.jardipond.com\/fr\/politique-de-cookies\/#breadcrumb\",\"itemListElement\":[{\"@type\":\"ListItem\",\"position\":1,\"name\":\"Portada\",\"item\":\"https:\/\/www.jardipond.com\/fr\/\"},{\"@type\":\"ListItem\",\"position\":2,\"name\":\"Politique de cookies\"}]},{\"@type\":\"WebSite\",\"@id\":\"https:\/\/www.jardipond.com\/fr\/#website\",\"url\":\"https:\/\/www.jardipond.com\/fr\/\",\"name\":\"Jard\u00ed Pond\",\"description\":\"\",\"publisher\":{\"@id\":\"https:\/\/www.jardipond.com\/fr\/#organization\"},\"potentialAction\":[{\"@type\":\"SearchAction\",\"target\":{\"@type\":\"EntryPoint\",\"urlTemplate\":\"https:\/\/www.jardipond.com\/fr\/?s={search_term_string}\"},\"query-input\":{\"@type\":\"PropertyValueSpecification\",\"valueRequired\":true,\"valueName\":\"search_term_string\"}}],\"inLanguage\":\"fr-FR\"},{\"@type\":\"Organization\",\"@id\":\"https:\/\/www.jardipond.com\/fr\/#organization\",\"name\":\"Jard\u00ed Pond\",\"url\":\"https:\/\/www.jardipond.com\/fr\/\",\"logo\":{\"@type\":\"ImageObject\",\"inLanguage\":\"fr-FR\",\"@id\":\"https:\/\/www.jardipond.com\/fr\/#\/schema\/logo\/image\/\",\"url\":\"https:\/\/www.jardipond.com\/wp-content\/uploads\/2025\/05\/cropped-default.jpg\",\"contentUrl\":\"https:\/\/www.jardipond.com\/wp-content\/uploads\/2025\/05\/cropped-default.jpg\",\"width\":157,\"height\":157,\"caption\":\"Jard\u00ed Pond\"},\"image\":{\"@id\":\"https:\/\/www.jardipond.com\/fr\/#\/schema\/logo\/image\/\"}}]}<\/script>\n<!-- \/ Yoast SEO plugin. -->","yoast_head_json":{"title":"Politique de cookies | Jard\u00ed Pond","description":"Solicita informaci\u00f3n sobre Politique de cookies","robots":{"index":"noindex","follow":"follow"},"og_locale":"fr_FR","og_type":"article","og_title":"Politique de cookies | Jard\u00ed Pond","og_description":"Solicita informaci\u00f3n sobre Politique de cookies","og_url":"https:\/\/www.jardipond.com\/fr\/politique-de-cookies\/","og_site_name":"Jard\u00ed Pond","article_modified_time":"2026-04-21T10:10:47+00:00","twitter_card":"summary_large_image","twitter_misc":{"Dur\u00e9e de lecture estim\u00e9e":"4 minutes"},"schema":{"@context":"https:\/\/schema.org","@graph":[{"@type":"WebPage","@id":"https:\/\/www.jardipond.com\/fr\/politique-de-cookies\/","url":"https:\/\/www.jardipond.com\/fr\/politique-de-cookies\/","name":"Politique de cookies | Jard\u00ed Pond","isPartOf":{"@id":"https:\/\/www.jardipond.com\/fr\/#website"},"datePublished":"2024-09-12T07:38:38+00:00","dateModified":"2026-04-21T10:10:47+00:00","description":"Solicita informaci\u00f3n sobre Politique de cookies","breadcrumb":{"@id":"https:\/\/www.jardipond.com\/fr\/politique-de-cookies\/#breadcrumb"},"inLanguage":"fr-FR","potentialAction":[{"@type":"ReadAction","target":["https:\/\/www.jardipond.com\/fr\/politique-de-cookies\/"]}]},{"@type":"BreadcrumbList","@id":"https:\/\/www.jardipond.com\/fr\/politique-de-cookies\/#breadcrumb","itemListElement":[{"@type":"ListItem","position":1,"name":"Portada","item":"https:\/\/www.jardipond.com\/fr\/"},{"@type":"ListItem","position":2,"name":"Politique de cookies"}]},{"@type":"WebSite","@id":"https:\/\/www.jardipond.com\/fr\/#website","url":"https:\/\/www.jardipond.com\/fr\/","name":"Jard\u00ed Pond","description":"","publisher":{"@id":"https:\/\/www.jardipond.com\/fr\/#organization"},"potentialAction":[{"@type":"SearchAction","target":{"@type":"EntryPoint","urlTemplate":"https:\/\/www.jardipond.com\/fr\/?s={search_term_string}"},"query-input":{"@type":"PropertyValueSpecification","valueRequired":true,"valueName":"search_term_string"}}],"inLanguage":"fr-FR"},{"@type":"Organization","@id":"https:\/\/www.jardipond.com\/fr\/#organization","name":"Jard\u00ed Pond","url":"https:\/\/www.jardipond.com\/fr\/","logo":{"@type":"ImageObject","inLanguage":"fr-FR","@id":"https:\/\/www.jardipond.com\/fr\/#\/schema\/logo\/image\/","url":"https:\/\/www.jardipond.com\/wp-content\/uploads\/2025\/05\/cropped-default.jpg","contentUrl":"https:\/\/www.jardipond.com\/wp-content\/uploads\/2025\/05\/cropped-default.jpg","width":157,"height":157,"caption":"Jard\u00ed Pond"},"image":{"@id":"https:\/\/www.jardipond.com\/fr\/#\/schema\/logo\/image\/"}}]}},"_links":{"self":[{"href":"https:\/\/www.jardipond.com\/fr\/wp-json\/wp\/v2\/pages\/87209"}],"collection":[{"href":"https:\/\/www.jardipond.com\/fr\/wp-json\/wp\/v2\/pages"}],"about":[{"href":"https:\/\/www.jardipond.com\/fr\/wp-json\/wp\/v2\/types\/page"}],"author":[{"embeddable":true,"href":"https:\/\/www.jardipond.com\/fr\/wp-json\/wp\/v2\/users\/3"}],"replies":[{"embeddable":true,"href":"https:\/\/www.jardipond.com\/fr\/wp-json\/wp\/v2\/comments?post=87209"}],"version-history":[{"count":3,"href":"https:\/\/www.jardipond.com\/fr\/wp-json\/wp\/v2\/pages\/87209\/revisions"}],"predecessor-version":[{"id":87212,"href":"https:\/\/www.jardipond.com\/fr\/wp-json\/wp\/v2\/pages\/87209\/revisions\/87212"}],"wp:attachment":[{"href":"https:\/\/www.jardipond.com\/fr\/wp-json\/wp\/v2\/media?parent=87209"}],"curies":[{"name":"wp","href":"https:\/\/api.w.org\/{rel}","templated":true}]}}