{"id":87216,"date":"2024-09-12T06:24:26","date_gmt":"2024-09-12T05:24:26","guid":{"rendered":"https:\/\/www.jardipond.com\/?page_id=87216"},"modified":"2026-04-21T11:30:25","modified_gmt":"2026-04-21T10:30:25","slug":"politique-confidentialite","status":"publish","type":"page","link":"https:\/\/www.jardipond.com\/fr\/politique-confidentialite\/","title":{"rendered":"Politique de confidentialit\u00e9"},"content":{"rendered":"\t\t<div data-elementor-type=\"wp-page\" data-elementor-id=\"87216\" class=\"elementor elementor-87216 elementor-3\" data-elementor-post-type=\"page\">\n\t\t\t\t<div class=\"elementor-element elementor-element-4132f08c e-flex e-con-boxed e-con e-parent\" data-id=\"4132f08c\" data-element_type=\"container\" data-settings=\"{&quot;background_background&quot;:&quot;classic&quot;}\">\n\t\t\t\t\t<div class=\"e-con-inner\">\n\t\t<div class=\"elementor-element elementor-element-36325f7 e-con-full e-flex e-con e-child\" data-id=\"36325f7\" data-element_type=\"container\">\n\t\t\t\t<div class=\"elementor-element elementor-element-781f819 elementor-widget-divider--view-line elementor-widget elementor-widget-divider\" data-id=\"781f819\" data-element_type=\"widget\" data-widget_type=\"divider.default\">\n\t\t\t\t<div class=\"elementor-widget-container\">\n\t\t\t\t\t<div class=\"elementor-divider\">\n\t\t\t<span class=\"elementor-divider-separator\">\n\t\t\t\t\t\t<\/span>\n\t\t<\/div>\n\t\t\t\t<\/div>\n\t\t\t\t<\/div>\n\t\t\t\t<div class=\"elementor-element elementor-element-c06d90a elementor-widget-divider--view-line elementor-widget elementor-widget-divider\" data-id=\"c06d90a\" data-element_type=\"widget\" data-widget_type=\"divider.default\">\n\t\t\t\t<div class=\"elementor-widget-container\">\n\t\t\t\t\t<div class=\"elementor-divider\">\n\t\t\t<span class=\"elementor-divider-separator\">\n\t\t\t\t\t\t<\/span>\n\t\t<\/div>\n\t\t\t\t<\/div>\n\t\t\t\t<\/div>\n\t\t\t\t<div class=\"elementor-element elementor-element-644b280 elementor-widget elementor-widget-heading\" data-id=\"644b280\" data-element_type=\"widget\" data-widget_type=\"heading.default\">\n\t\t\t\t<div class=\"elementor-widget-container\">\n\t\t\t<h2 class=\"elementor-heading-title elementor-size-default\">POLITIQUE DE CONFIDENTIALIT\u00c9<\/h2>\t\t<\/div>\n\t\t\t\t<\/div>\n\t\t\t\t<div class=\"elementor-element elementor-element-40f89cb elementor-widget-divider--view-line elementor-widget elementor-widget-divider\" data-id=\"40f89cb\" data-element_type=\"widget\" data-widget_type=\"divider.default\">\n\t\t\t\t<div class=\"elementor-widget-container\">\n\t\t\t\t\t<div class=\"elementor-divider\">\n\t\t\t<span class=\"elementor-divider-separator\">\n\t\t\t\t\t\t<\/span>\n\t\t<\/div>\n\t\t\t\t<\/div>\n\t\t\t\t<\/div>\n\t\t\t\t<\/div>\n\t\t\t\t\t<\/div>\n\t\t\t\t<\/div>\n\t\t<div class=\"elementor-element elementor-element-d38d817 e-flex e-con-boxed e-con e-parent\" data-id=\"d38d817\" data-element_type=\"container\">\n\t\t\t\t\t<div class=\"e-con-inner\">\n\t\t\t\t<div class=\"elementor-element elementor-element-786805bb elementor-widget elementor-widget-text-editor\" data-id=\"786805bb\" data-element_type=\"widget\" data-widget_type=\"text-editor.default\">\n\t\t\t\t<div class=\"elementor-widget-container\">\n\t\t\t\t\t\t\t<div class=\"\" data-turn-id-container=\"request-WEB:2d40ce29-c51c-4b1c-b168-f983bd8ffc39-13\" data-is-intersecting=\"true\"><section class=\"text-token-text-primary w-full focus:outline-none [--shadow-height:45px] has-data-writing-block:pointer-events-none has-data-writing-block:-mt-(--shadow-height) has-data-writing-block:pt-(--shadow-height) [&amp;:has([data-writing-block])&gt;*]:pointer-events-auto R6Vx5W_threadScrollVars scroll-mb-[calc(var(--scroll-root-safe-area-inset-bottom,0px)+var(--thread-response-height))] scroll-mt-[calc(var(--header-height)+min(200px,max(70px,20svh)))]\" dir=\"auto\" data-turn-id=\"request-WEB:2d40ce29-c51c-4b1c-b168-f983bd8ffc39-13\" data-testid=\"conversation-turn-28\" data-scroll-anchor=\"false\" data-turn=\"assistant\"><div class=\"text-base my-auto mx-auto pb-10 [--thread-content-margin:var(--thread-content-margin-xs,calc(var(--spacing)*4))] @w-sm\/main:[--thread-content-margin:var(--thread-content-margin-sm,calc(var(--spacing)*6))] @w-lg\/main:[--thread-content-margin:var(--thread-content-margin-lg,calc(var(--spacing)*16))] px-(--thread-content-margin)\"><div class=\"[--thread-content-max-width:40rem] @w-lg\/main:[--thread-content-max-width:48rem] mx-auto max-w-(--thread-content-max-width) flex-1 group\/turn-messages focus-visible:outline-hidden relative flex w-full min-w-0 flex-col agent-turn\"><div class=\"flex max-w-full flex-col gap-4 grow\"><div class=\"min-h-8 text-message relative flex w-full flex-col items-end gap-2 text-start break-words whitespace-normal outline-none keyboard-focused:focus-ring [.text-message+&amp;]:mt-1\" dir=\"auto\" tabindex=\"0\" data-message-author-role=\"assistant\" data-message-id=\"4bc15562-2208-4836-84a5-3cad60173c80\" data-message-model-slug=\"gpt-5-3\" data-turn-start-message=\"true\"><div class=\"flex w-full flex-col gap-1 empty:hidden\"><div class=\"markdown prose dark:prose-invert w-full wrap-break-word light markdown-new-styling\"><p data-start=\"0\" data-end=\"216\"><strong data-start=\"0\" data-end=\"32\">1. Responsable du traitement<\/strong><br data-start=\"32\" data-end=\"35\" \/>Conform\u00e9ment au R\u00e8glement (UE) 2016\/679 (RGPD) et \u00e0 la Loi Organique 3\/2018 (LOPDGDD), il est pr\u00e9cis\u00e9 que les donn\u00e9es personnelles collect\u00e9es via ce site web seront trait\u00e9es par :<\/p><p data-start=\"218\" data-end=\"298\">Jard\u00ed Pond<br data-start=\"228\" data-end=\"231\" \/>Site web : <a class=\"decorated-link\" href=\"https:\/\/www.jardipond.com\" target=\"_new\" rel=\"noopener\" data-start=\"242\" data-end=\"267\">https:\/\/www.jardipond.com<\/a><br data-start=\"267\" data-end=\"270\" \/>Email : <a class=\"decorated-link cursor-pointer\" rel=\"noopener\" data-start=\"278\" data-end=\"296\">info@jardipond.com<\/a><\/p><p data-start=\"300\" data-end=\"838\"><strong data-start=\"300\" data-end=\"341\">2. Finalit\u00e9 du traitement des donn\u00e9es<\/strong><br data-start=\"341\" data-end=\"344\" \/>Les donn\u00e9es personnelles fournies par l\u2019utilisateur seront trait\u00e9es aux fins suivantes :<br data-start=\"432\" data-end=\"435\" \/>Gestion des demandes effectu\u00e9es via les formulaires ou par email<br data-start=\"499\" data-end=\"502\" \/>Envoi d\u2019informations commerciales sur les produits et services (avec consentement pr\u00e9alable)<br data-start=\"594\" data-end=\"597\" \/>Gestion des relations commerciales en environnement B2B<br data-start=\"652\" data-end=\"655\" \/>\u00c9laboration de devis et suivi commercial<br data-start=\"695\" data-end=\"698\" \/>Am\u00e9lioration de l\u2019exp\u00e9rience utilisateur sur le site<br data-start=\"750\" data-end=\"753\" \/>Analyse de l\u2019utilisation du site web<br data-start=\"789\" data-end=\"792\" \/>Pr\u00e9vention de la fraude et d\u00e9tection du spam<\/p><p data-start=\"840\" data-end=\"1207\"><strong data-start=\"840\" data-end=\"872\">3. Base l\u00e9gale du traitement<\/strong><br data-start=\"872\" data-end=\"875\" \/>Le traitement des donn\u00e9es repose sur :<br data-start=\"913\" data-end=\"916\" \/>Le consentement de la personne concern\u00e9e (art. 6.1.a RGPD)<br data-start=\"974\" data-end=\"977\" \/>L\u2019ex\u00e9cution d\u2019une relation contractuelle ou pr\u00e9contractuelle (art. 6.1.b RGPD)<br data-start=\"1055\" data-end=\"1058\" \/>L\u2019int\u00e9r\u00eat l\u00e9gitime du responsable du traitement pour le d\u00e9veloppement de son activit\u00e9 commerciale (art. 6.1.f RGPD), notamment en environnement B2B<\/p><p data-start=\"1209\" data-end=\"1559\"><strong data-start=\"1209\" data-end=\"1246\">4. Typologie des donn\u00e9es trait\u00e9es<\/strong><br data-start=\"1246\" data-end=\"1249\" \/>Les cat\u00e9gories de donn\u00e9es suivantes peuvent \u00eatre trait\u00e9es :<br data-start=\"1308\" data-end=\"1311\" \/>Donn\u00e9es d\u2019identification : nom, pr\u00e9nom<br data-start=\"1349\" data-end=\"1352\" \/>Donn\u00e9es de contact : email, t\u00e9l\u00e9phone<br data-start=\"1389\" data-end=\"1392\" \/>Donn\u00e9es professionnelles : entreprise, fonction<br data-start=\"1439\" data-end=\"1442\" \/>Donn\u00e9es de navigation : adresse IP, type de navigateur, appareil<br data-start=\"1506\" data-end=\"1509\" \/>Donn\u00e9es issues de l\u2019interaction avec le site web<\/p><p data-start=\"1561\" data-end=\"1824\"><strong data-start=\"1561\" data-end=\"1587\">5. Origine des donn\u00e9es<\/strong><br data-start=\"1587\" data-end=\"1590\" \/>Les donn\u00e9es peuvent provenir de :<br data-start=\"1623\" data-end=\"1626\" \/>Formulaires du site web<br data-start=\"1649\" data-end=\"1652\" \/>Contact direct par email ou t\u00e9l\u00e9phone<br data-start=\"1689\" data-end=\"1692\" \/>Interactions commerciales ant\u00e9rieures<br data-start=\"1729\" data-end=\"1732\" \/>Bases de donn\u00e9es professionnelles acquises ou accessibles publiquement (dans le cadre B2B)<\/p><p data-start=\"1826\" data-end=\"2195\"><strong data-start=\"1826\" data-end=\"1857\">6. Conservation des donn\u00e9es<\/strong><br data-start=\"1857\" data-end=\"1860\" \/>Les donn\u00e9es seront conserv\u00e9es :<br data-start=\"1891\" data-end=\"1894\" \/>Pendant la dur\u00e9e n\u00e9cessaire \u00e0 la finalit\u00e9 pour laquelle elles ont \u00e9t\u00e9 collect\u00e9es<br data-start=\"1974\" data-end=\"1977\" \/>Tant qu\u2019une relation commerciale ou contractuelle existe<br data-start=\"2033\" data-end=\"2036\" \/>Pendant la dur\u00e9e n\u00e9cessaire au respect des obligations l\u00e9gales<br data-start=\"2098\" data-end=\"2101\" \/>En cas de communications commerciales, jusqu\u2019\u00e0 ce que l\u2019utilisateur demande leur suppression<\/p><p data-start=\"2197\" data-end=\"2683\"><strong data-start=\"2197\" data-end=\"2229\">7. Destinataires des donn\u00e9es<\/strong><br data-start=\"2229\" data-end=\"2232\" \/>Les donn\u00e9es peuvent \u00eatre communiqu\u00e9es \u00e0 :<br data-start=\"2273\" data-end=\"2276\" \/>Fournisseurs technologiques n\u00e9cessaires \u00e0 la prestation du service<br data-start=\"2342\" data-end=\"2345\" \/>Plateformes de gestion commerciale et marketing (par exemple, CRM comme Odoo ou outils d\u2019email marketing comme Mailchimp)<br data-start=\"2466\" data-end=\"2469\" \/>Fournisseurs d\u2019h\u00e9bergement et services web<br data-start=\"2511\" data-end=\"2514\" \/>En cas de transferts internationaux (par exemple via Mailchimp), le respect du RGPD sera garanti par des clauses contractuelles types ou d\u2019autres m\u00e9canismes appropri\u00e9s<\/p><p data-start=\"2685\" data-end=\"3130\"><strong data-start=\"2685\" data-end=\"2715\">8. Droits de l\u2019utilisateur<\/strong><br data-start=\"2715\" data-end=\"2718\" \/>L\u2019utilisateur peut exercer les droits suivants :<br data-start=\"2766\" data-end=\"2769\" \/>Droit d\u2019acc\u00e8s<br data-start=\"2782\" data-end=\"2785\" \/>Droit de rectification<br data-start=\"2807\" data-end=\"2810\" \/>Droit de suppression<br data-start=\"2830\" data-end=\"2833\" \/>Droit d\u2019opposition<br data-start=\"2851\" data-end=\"2854\" \/>Droit \u00e0 la limitation du traitement<br data-start=\"2889\" data-end=\"2892\" \/>Droit \u00e0 la portabilit\u00e9 des donn\u00e9es<br data-start=\"2926\" data-end=\"2929\" \/>Ces droits peuvent \u00eatre exerc\u00e9s en envoyant une demande \u00e0 : <a class=\"decorated-link cursor-pointer\" rel=\"noopener\" data-start=\"2989\" data-end=\"3007\">info@jardipond.com<\/a><br data-start=\"3007\" data-end=\"3010\" \/>L\u2019utilisateur a \u00e9galement le droit d\u2019introduire une r\u00e9clamation aupr\u00e8s de l\u2019autorit\u00e9 de contr\u00f4le : <a class=\"decorated-link\" href=\"https:\/\/www.aepd.es\" target=\"_new\" rel=\"noopener\" data-start=\"3109\" data-end=\"3128\">https:\/\/www.aepd.es<\/a><\/p><p data-start=\"3132\" data-end=\"3399\"><strong data-start=\"3132\" data-end=\"3159\">9. S\u00e9curit\u00e9 des donn\u00e9es<\/strong><br data-start=\"3159\" data-end=\"3162\" \/>Jard\u00ed Pond met en \u0153uvre les mesures techniques et organisationnelles n\u00e9cessaires pour garantir la s\u00e9curit\u00e9, l\u2019int\u00e9grit\u00e9 et la confidentialit\u00e9 des donn\u00e9es personnelles, en \u00e9vitant leur alt\u00e9ration, perte, traitement ou acc\u00e8s non autoris\u00e9<\/p><p data-start=\"3401\" data-end=\"3791\"><strong data-start=\"3401\" data-end=\"3432\">10. Utilisation des cookies<\/strong><br data-start=\"3432\" data-end=\"3435\" \/>Ce site web utilise des cookies propres et de tiers \u00e0 des fins techniques, analytiques et de personnalisation<br data-start=\"3544\" data-end=\"3547\" \/>Les cookies permettent :<br data-start=\"3571\" data-end=\"3574\" \/>De m\u00e9moriser les pr\u00e9f\u00e9rences de l\u2019utilisateur<br data-start=\"3619\" data-end=\"3622\" \/>D\u2019analyser le comportement de navigation<br data-start=\"3662\" data-end=\"3665\" \/>D\u2019am\u00e9liorer l\u2019exp\u00e9rience utilisateur<br data-start=\"3701\" data-end=\"3704\" \/>L\u2019utilisateur peut configurer ou refuser l\u2019utilisation des cookies via son navigateur<\/p><p data-start=\"3793\" data-end=\"4123\"><strong data-start=\"3793\" data-end=\"3828\">11. Commentaires et formulaires<\/strong><br data-start=\"3828\" data-end=\"3831\" \/>Lorsque les utilisateurs laissent des commentaires ou remplissent des formulaires :<br data-start=\"3914\" data-end=\"3917\" \/>Les donn\u00e9es saisies dans le formulaire sont collect\u00e9es<br data-start=\"3971\" data-end=\"3974\" \/>L\u2019adresse IP et les donn\u00e9es du navigateur sont enregistr\u00e9es afin de pr\u00e9venir le spam<br data-start=\"4058\" data-end=\"4061\" \/>Un syst\u00e8me automatis\u00e9 de d\u00e9tection du spam peut \u00eatre utilis\u00e9<\/p><p data-start=\"4125\" data-end=\"4412\"><strong data-start=\"4125\" data-end=\"4157\">12. Contenu int\u00e9gr\u00e9 de tiers<\/strong><br data-start=\"4157\" data-end=\"4160\" \/>Ce site web peut inclure du contenu int\u00e9gr\u00e9 (vid\u00e9os, images, etc.) provenant de tiers<br data-start=\"4245\" data-end=\"4248\" \/>Ce contenu peut collecter des donn\u00e9es sur l\u2019utilisateur, utiliser des cookies et suivre son interaction, notamment si l\u2019utilisateur est connect\u00e9 \u00e0 ces plateformes<\/p><p data-start=\"4414\" data-end=\"4723\"><strong data-start=\"4414\" data-end=\"4449\">13. Communications commerciales<\/strong><br data-start=\"4449\" data-end=\"4452\" \/>Si l\u2019utilisateur a donn\u00e9 son consentement, Jard\u00ed Pond pourra envoyer des communications commerciales relatives \u00e0 ses produits et services<br data-start=\"4589\" data-end=\"4592\" \/>L\u2019utilisateur peut se d\u00e9sinscrire \u00e0 tout moment via :<br data-start=\"4645\" data-end=\"4648\" \/>Le lien de d\u00e9sinscription dans les emails<br data-start=\"4689\" data-end=\"4692\" \/>Une demande directe par email<\/p><p data-start=\"4725\" data-end=\"4950\"><strong data-start=\"4725\" data-end=\"4781\">14. Modifications de la politique de confidentialit\u00e9<\/strong><br data-start=\"4781\" data-end=\"4784\" \/>Jard\u00ed Pond se r\u00e9serve le droit de modifier la pr\u00e9sente politique de confidentialit\u00e9 afin de l\u2019adapter aux \u00e9volutions l\u00e9gislatives ou aux changements de son activit\u00e9<\/p><p data-start=\"4952\" data-end=\"5096\" data-is-last-node=\"\" data-is-only-node=\"\"><strong data-start=\"4952\" data-end=\"4982\">15. L\u00e9gislation applicable<\/strong><br data-start=\"4982\" data-end=\"4985\" \/>La pr\u00e9sente politique est r\u00e9gie par la l\u00e9gislation espagnole et europ\u00e9enne en mati\u00e8re de protection des donn\u00e9es<\/p><\/div><\/div><\/div><\/div><div class=\"z-0 flex min-h-[46px] justify-start\">\u00a0<\/div><div class=\"mt-3 w-full empty:hidden\"><div class=\"text-center\">\u00a0<\/div><\/div><\/div><\/div><\/section><\/div><div class=\"pointer-events-none -mt-px h-px translate-y-[calc(var(--scroll-root-safe-area-inset-bottom)-14*var(--spacing))]\" aria-hidden=\"true\">\u00a0<\/div>\t\t\t\t\t\t<\/div>\n\t\t\t\t<\/div>\n\t\t\t\t\t<\/div>\n\t\t\t\t<\/div>\n\t\t\t\t<\/div>\n\t\t","protected":false},"excerpt":{"rendered":"<p>POLITIQUE DE CONFIDENTIALIT\u00c9 1. Responsable du traitementConform\u00e9ment au R\u00e8glement (UE) 2016\/679 (RGPD) et \u00e0 la Loi Organique 3\/2018 (LOPDGDD), il est pr\u00e9cis\u00e9 que les donn\u00e9es personnelles collect\u00e9es via ce site web seront trait\u00e9es par : Jard\u00ed PondSite web : https:\/\/www.jardipond.comEmail : info@jardipond.com 2. Finalit\u00e9 du traitement des donn\u00e9esLes donn\u00e9es personnelles fournies par l\u2019utilisateur seront trait\u00e9es [&hellip;]<\/p>\n","protected":false},"author":3,"featured_media":0,"parent":0,"menu_order":0,"comment_status":"closed","ping_status":"open","template":"","meta":{"_acf_changed":false,"footnotes":""},"class_list":["post-87216","page","type-page","status-publish","hentry"],"acf":[],"yoast_head":"<!-- This site is optimized with the Yoast SEO plugin v23.4 - https:\/\/yoast.com\/wordpress\/plugins\/seo\/ -->\n<title>Politique de confidentialit\u00e9 | Jard\u00ed Pond<\/title>\n<meta name=\"description\" content=\"Solicita informaci\u00f3n sobre Politique de confidentialit\u00e9\" \/>\n<meta name=\"robots\" content=\"noindex, follow\" \/>\n<meta property=\"og:locale\" content=\"fr_FR\" \/>\n<meta property=\"og:type\" content=\"article\" \/>\n<meta property=\"og:title\" content=\"Politique de confidentialit\u00e9 | Jard\u00ed Pond\" \/>\n<meta property=\"og:description\" content=\"Solicita informaci\u00f3n sobre Politique de confidentialit\u00e9\" \/>\n<meta property=\"og:url\" content=\"https:\/\/www.jardipond.com\/fr\/politique-confidentialite\/\" \/>\n<meta property=\"og:site_name\" content=\"Jard\u00ed Pond\" \/>\n<meta property=\"article:modified_time\" content=\"2026-04-21T10:30:25+00:00\" \/>\n<meta name=\"twitter:card\" content=\"summary_large_image\" \/>\n<meta name=\"twitter:label1\" content=\"Dur\u00e9e de lecture estim\u00e9e\" \/>\n\t<meta name=\"twitter:data1\" content=\"4 minutes\" \/>\n<script type=\"application\/ld+json\" class=\"yoast-schema-graph\">{\"@context\":\"https:\/\/schema.org\",\"@graph\":[{\"@type\":\"WebPage\",\"@id\":\"https:\/\/www.jardipond.com\/fr\/politique-confidentialite\/\",\"url\":\"https:\/\/www.jardipond.com\/fr\/politique-confidentialite\/\",\"name\":\"Politique de confidentialit\u00e9 | Jard\u00ed Pond\",\"isPartOf\":{\"@id\":\"https:\/\/www.jardipond.com\/fr\/#website\"},\"datePublished\":\"2024-09-12T05:24:26+00:00\",\"dateModified\":\"2026-04-21T10:30:25+00:00\",\"description\":\"Solicita informaci\u00f3n sobre Politique de confidentialit\u00e9\",\"breadcrumb\":{\"@id\":\"https:\/\/www.jardipond.com\/fr\/politique-confidentialite\/#breadcrumb\"},\"inLanguage\":\"fr-FR\",\"potentialAction\":[{\"@type\":\"ReadAction\",\"target\":[\"https:\/\/www.jardipond.com\/fr\/politique-confidentialite\/\"]}]},{\"@type\":\"BreadcrumbList\",\"@id\":\"https:\/\/www.jardipond.com\/fr\/politique-confidentialite\/#breadcrumb\",\"itemListElement\":[{\"@type\":\"ListItem\",\"position\":1,\"name\":\"Portada\",\"item\":\"https:\/\/www.jardipond.com\/fr\/\"},{\"@type\":\"ListItem\",\"position\":2,\"name\":\"Politique de confidentialit\u00e9\"}]},{\"@type\":\"WebSite\",\"@id\":\"https:\/\/www.jardipond.com\/fr\/#website\",\"url\":\"https:\/\/www.jardipond.com\/fr\/\",\"name\":\"Jard\u00ed Pond\",\"description\":\"\",\"publisher\":{\"@id\":\"https:\/\/www.jardipond.com\/fr\/#organization\"},\"potentialAction\":[{\"@type\":\"SearchAction\",\"target\":{\"@type\":\"EntryPoint\",\"urlTemplate\":\"https:\/\/www.jardipond.com\/fr\/?s={search_term_string}\"},\"query-input\":{\"@type\":\"PropertyValueSpecification\",\"valueRequired\":true,\"valueName\":\"search_term_string\"}}],\"inLanguage\":\"fr-FR\"},{\"@type\":\"Organization\",\"@id\":\"https:\/\/www.jardipond.com\/fr\/#organization\",\"name\":\"Jard\u00ed Pond\",\"url\":\"https:\/\/www.jardipond.com\/fr\/\",\"logo\":{\"@type\":\"ImageObject\",\"inLanguage\":\"fr-FR\",\"@id\":\"https:\/\/www.jardipond.com\/fr\/#\/schema\/logo\/image\/\",\"url\":\"https:\/\/www.jardipond.com\/wp-content\/uploads\/2025\/05\/cropped-default.jpg\",\"contentUrl\":\"https:\/\/www.jardipond.com\/wp-content\/uploads\/2025\/05\/cropped-default.jpg\",\"width\":157,\"height\":157,\"caption\":\"Jard\u00ed Pond\"},\"image\":{\"@id\":\"https:\/\/www.jardipond.com\/fr\/#\/schema\/logo\/image\/\"}}]}<\/script>\n<!-- \/ Yoast SEO plugin. -->","yoast_head_json":{"title":"Politique de confidentialit\u00e9 | Jard\u00ed Pond","description":"Solicita informaci\u00f3n sobre Politique de confidentialit\u00e9","robots":{"index":"noindex","follow":"follow"},"og_locale":"fr_FR","og_type":"article","og_title":"Politique de confidentialit\u00e9 | Jard\u00ed Pond","og_description":"Solicita informaci\u00f3n sobre Politique de confidentialit\u00e9","og_url":"https:\/\/www.jardipond.com\/fr\/politique-confidentialite\/","og_site_name":"Jard\u00ed Pond","article_modified_time":"2026-04-21T10:30:25+00:00","twitter_card":"summary_large_image","twitter_misc":{"Dur\u00e9e de lecture estim\u00e9e":"4 minutes"},"schema":{"@context":"https:\/\/schema.org","@graph":[{"@type":"WebPage","@id":"https:\/\/www.jardipond.com\/fr\/politique-confidentialite\/","url":"https:\/\/www.jardipond.com\/fr\/politique-confidentialite\/","name":"Politique de confidentialit\u00e9 | Jard\u00ed Pond","isPartOf":{"@id":"https:\/\/www.jardipond.com\/fr\/#website"},"datePublished":"2024-09-12T05:24:26+00:00","dateModified":"2026-04-21T10:30:25+00:00","description":"Solicita informaci\u00f3n sobre Politique de confidentialit\u00e9","breadcrumb":{"@id":"https:\/\/www.jardipond.com\/fr\/politique-confidentialite\/#breadcrumb"},"inLanguage":"fr-FR","potentialAction":[{"@type":"ReadAction","target":["https:\/\/www.jardipond.com\/fr\/politique-confidentialite\/"]}]},{"@type":"BreadcrumbList","@id":"https:\/\/www.jardipond.com\/fr\/politique-confidentialite\/#breadcrumb","itemListElement":[{"@type":"ListItem","position":1,"name":"Portada","item":"https:\/\/www.jardipond.com\/fr\/"},{"@type":"ListItem","position":2,"name":"Politique de confidentialit\u00e9"}]},{"@type":"WebSite","@id":"https:\/\/www.jardipond.com\/fr\/#website","url":"https:\/\/www.jardipond.com\/fr\/","name":"Jard\u00ed Pond","description":"","publisher":{"@id":"https:\/\/www.jardipond.com\/fr\/#organization"},"potentialAction":[{"@type":"SearchAction","target":{"@type":"EntryPoint","urlTemplate":"https:\/\/www.jardipond.com\/fr\/?s={search_term_string}"},"query-input":{"@type":"PropertyValueSpecification","valueRequired":true,"valueName":"search_term_string"}}],"inLanguage":"fr-FR"},{"@type":"Organization","@id":"https:\/\/www.jardipond.com\/fr\/#organization","name":"Jard\u00ed Pond","url":"https:\/\/www.jardipond.com\/fr\/","logo":{"@type":"ImageObject","inLanguage":"fr-FR","@id":"https:\/\/www.jardipond.com\/fr\/#\/schema\/logo\/image\/","url":"https:\/\/www.jardipond.com\/wp-content\/uploads\/2025\/05\/cropped-default.jpg","contentUrl":"https:\/\/www.jardipond.com\/wp-content\/uploads\/2025\/05\/cropped-default.jpg","width":157,"height":157,"caption":"Jard\u00ed Pond"},"image":{"@id":"https:\/\/www.jardipond.com\/fr\/#\/schema\/logo\/image\/"}}]}},"_links":{"self":[{"href":"https:\/\/www.jardipond.com\/fr\/wp-json\/wp\/v2\/pages\/87216"}],"collection":[{"href":"https:\/\/www.jardipond.com\/fr\/wp-json\/wp\/v2\/pages"}],"about":[{"href":"https:\/\/www.jardipond.com\/fr\/wp-json\/wp\/v2\/types\/page"}],"author":[{"embeddable":true,"href":"https:\/\/www.jardipond.com\/fr\/wp-json\/wp\/v2\/users\/3"}],"replies":[{"embeddable":true,"href":"https:\/\/www.jardipond.com\/fr\/wp-json\/wp\/v2\/comments?post=87216"}],"version-history":[{"count":4,"href":"https:\/\/www.jardipond.com\/fr\/wp-json\/wp\/v2\/pages\/87216\/revisions"}],"predecessor-version":[{"id":87221,"href":"https:\/\/www.jardipond.com\/fr\/wp-json\/wp\/v2\/pages\/87216\/revisions\/87221"}],"wp:attachment":[{"href":"https:\/\/www.jardipond.com\/fr\/wp-json\/wp\/v2\/media?parent=87216"}],"curies":[{"name":"wp","href":"https:\/\/api.w.org\/{rel}","templated":true}]}}