{"id":7692,"date":"2025-03-17T09:23:49","date_gmt":"2025-03-17T08:23:49","guid":{"rendered":"https:\/\/www.jardipond.com\/tienda\/sin%20categor\u00eda\/alubord-aluminio-5-clacon\/"},"modified":"2026-04-10T09:40:09","modified_gmt":"2026-04-10T08:40:09","slug":"alubord-aluminio-5-clacon","status":"publish","type":"product","link":"https:\/\/www.jardipond.com\/fr\/tienda\/global-edging\/aluminio\/alubord-aluminio-5-clacon\/","title":{"rendered":"Alubord Aluminio (5 Cla+Con)"},"content":{"rendered":"<p><span style=\"font-size: 12px\"><strong>Alubord<\/strong> es un <strong>perfil flexible de aluminio en forma de \u201cL\u201d<\/strong>, dise\u00f1ado para separar de forma limpia y duradera materiales como gravas, \u00e1ridos, c\u00e9sped artificial o pavimentos en proyectos de paisajismo y jardiner\u00eda profesional. Fabricado en <strong>aluminio<\/strong>, combina resistencia, ligereza y durabilidad frente a la corrosi\u00f3n.<\/span><\/p>\n<p><span style=\"font-size: 12px\">Gracias a su flexibilidad, puede instalarse en l\u00edneas rectas o curvas. Cada unidad se suministra con <strong>5 clavos de fijaci\u00f3n<\/strong> y <strong>1 conector<\/strong> para facilitar una instalaci\u00f3n r\u00e1pida y continua.<\/span><\/p>\n<ul>\n<li><span style=\"font-size: 12px\">Material: aluminio<\/span><\/li>\n<li><span style=\"font-size: 12px\">Formato: perfil flexible en \u201cL\u201d<\/span><\/li>\n<li><span style=\"font-size: 12px\">M<span style=\"font-size: 12px\">edidas disponibles:<\/span><\/span><\/li>\n<li class=\"oe-nested\">\n<ul>\n<li><span style=\"font-size: 12px\">100 x 70 x 2.300 mm<\/span><\/li>\n<li><span style=\"font-size: 12px\">75 x 70 x 2.300 mm<\/span><\/li>\n<li><span style=\"font-size: 12px\">40 x 45 x 2.300 mm<\/span><\/li>\n<\/ul>\n<\/li>\n<li><span style=\"font-size: 12px\">Incluye: 5 clavos de fijaci\u00f3n + 1 conector<\/span><\/li>\n<li><span style=\"font-size: 12px\">Aplicaci\u00f3n: separaci\u00f3n de materiales en jardines y espacios exteriores<\/span><\/li>\n<\/ul>\n","protected":false},"excerpt":{"rendered":"<p><span style=\"font-size: 12px\"><strong>Alubord<\/strong> es un <strong>perfil flexible de aluminio en forma de \u201cL\u201d<\/strong>, dise\u00f1ado para separar de forma limpia y duradera materiales como gravas, \u00e1ridos, c\u00e9sped artificial o pavimentos en proyectos de paisajismo y jardiner\u00eda profesional. Fabricado en <strong>aluminio<\/strong>, combina resistencia, ligereza y durabilidad frente a la corrosi\u00f3n.<\/span><\/p>\n<p><span style=\"font-size: 12px\">Gracias a su flexibilidad, puede instalarse en l\u00edneas rectas o curvas. Cada unidad se suministra con <strong>5 clavos de fijaci\u00f3n<\/strong> y <strong>1 conector<\/strong> para facilitar una instalaci\u00f3n r\u00e1pida y continua.<\/span><\/p>\n<ul>\n<li><span style=\"font-size: 12px\">Material: aluminio<\/span><\/li>\n<li><span style=\"font-size: 12px\">Formato: perfil flexible en \u201cL\u201d<\/span><\/li>\n<li><span style=\"font-size: 12px\">M<span style=\"font-size: 12px\">edidas disponibles:<\/span><\/span><\/li>\n<li class=\"oe-nested\">\n<ul>\n<li><span style=\"font-size: 12px\">100 x 70 x 2.300 mm<\/span><\/li>\n<li><span style=\"font-size: 12px\">75 x 70 x 2.300 mm<\/span><\/li>\n<li><span style=\"font-size: 12px\">40 x 45 x 2.300 mm<\/span><\/li>\n<\/ul>\n<\/li>\n<li><span style=\"font-size: 12px\">Incluye: 5 clavos de fijaci\u00f3n + 1 conector<\/span><\/li>\n<li><span style=\"font-size: 12px\">Aplicaci\u00f3n: separaci\u00f3n de materiales en jardines y espacios exteriores<\/span><\/li>\n<\/ul>\n","protected":false},"featured_media":86506,"comment_status":"open","ping_status":"closed","template":"","meta":{"_acf_changed":false},"product_cat":[46,86],"product_tag":[],"class_list":{"0":"post-7692","1":"product","2":"type-product","3":"status-publish","4":"has-post-thumbnail","6":"product_cat-global-edging","7":"product_cat-aluminio","9":"first","10":"instock","11":"shipping-taxable","12":"purchasable","13":"product-type-simple"},"acf":[],"yoast_head":"<!-- This site is optimized with the Yoast SEO plugin v23.4 - https:\/\/yoast.com\/wordpress\/plugins\/seo\/ -->\n<title>Cat\u00e1logo Online de Jardiner\u00eda. Descubre todos nuestros productos | Jard\u00ed Pond<\/title>\n<meta name=\"description\" content=\"Explora todo el cat\u00e1logo de Jard\u00ed Pond y solicita presupuesto para tus proyectos de jardiner\u00eda y paisajismo directamente online.\" \/>\n<meta name=\"robots\" content=\"index, follow, max-snippet:-1, max-image-preview:large, max-video-preview:-1\" \/>\n<link rel=\"canonical\" href=\"https:\/\/www.jardipond.com\/fr\/tienda\/global-edging\/aluminio\/alubord-aluminio-5-clacon\/\" \/>\n<meta property=\"og:locale\" content=\"fr_FR\" \/>\n<meta property=\"og:type\" content=\"article\" \/>\n<meta property=\"og:title\" content=\"Cat\u00e1logo Online de Jardiner\u00eda. Descubre todos nuestros productos | Jard\u00ed Pond\" \/>\n<meta property=\"og:description\" content=\"Explora todo el cat\u00e1logo de Jard\u00ed Pond y solicita presupuesto para tus proyectos de jardiner\u00eda y paisajismo directamente online.\" \/>\n<meta property=\"og:url\" content=\"https:\/\/www.jardipond.com\/fr\/tienda\/global-edging\/aluminio\/alubord-aluminio-5-clacon\/\" \/>\n<meta property=\"og:site_name\" content=\"Jard\u00ed Pond\" \/>\n<meta property=\"article:modified_time\" content=\"2026-04-10T08:40:09+00:00\" \/>\n<meta property=\"og:image\" content=\"https:\/\/www.jardipond.com\/wp-content\/uploads\/productImgs\/External\/1122.png\" \/>\n\t<meta property=\"og:image:width\" content=\"778\" \/>\n\t<meta property=\"og:image:height\" content=\"822\" \/>\n\t<meta property=\"og:image:type\" content=\"image\/png\" \/>\n<meta name=\"twitter:card\" content=\"summary_large_image\" \/>\n<meta name=\"twitter:label1\" content=\"Dur\u00e9e de lecture estim\u00e9e\" \/>\n\t<meta name=\"twitter:data1\" content=\"1 minute\" \/>\n<script type=\"application\/ld+json\" class=\"yoast-schema-graph\">{\"@context\":\"https:\/\/schema.org\",\"@graph\":[{\"@type\":\"WebPage\",\"@id\":\"https:\/\/www.jardipond.com\/fr\/tienda\/global-edging\/aluminio\/alubord-aluminio-5-clacon\/\",\"url\":\"https:\/\/www.jardipond.com\/fr\/tienda\/global-edging\/aluminio\/alubord-aluminio-5-clacon\/\",\"name\":\"Cat\u00e1logo Online de Jardiner\u00eda. Descubre todos nuestros productos | Jard\u00ed Pond\",\"isPartOf\":{\"@id\":\"https:\/\/www.jardipond.com\/fr\/#website\"},\"primaryImageOfPage\":{\"@id\":\"https:\/\/www.jardipond.com\/fr\/tienda\/global-edging\/aluminio\/alubord-aluminio-5-clacon\/#primaryimage\"},\"image\":{\"@id\":\"https:\/\/www.jardipond.com\/fr\/tienda\/global-edging\/aluminio\/alubord-aluminio-5-clacon\/#primaryimage\"},\"thumbnailUrl\":\"https:\/\/www.jardipond.com\/wp-content\/uploads\/productImgs\/External\/1122.png\",\"datePublished\":\"2025-03-17T08:23:49+00:00\",\"dateModified\":\"2026-04-10T08:40:09+00:00\",\"description\":\"Explora todo el cat\u00e1logo de Jard\u00ed Pond y solicita presupuesto para tus proyectos de jardiner\u00eda y paisajismo directamente online.\",\"breadcrumb\":{\"@id\":\"https:\/\/www.jardipond.com\/fr\/tienda\/global-edging\/aluminio\/alubord-aluminio-5-clacon\/#breadcrumb\"},\"inLanguage\":\"fr-FR\",\"potentialAction\":[{\"@type\":\"ReadAction\",\"target\":[\"https:\/\/www.jardipond.com\/fr\/tienda\/global-edging\/aluminio\/alubord-aluminio-5-clacon\/\"]}]},{\"@type\":\"ImageObject\",\"inLanguage\":\"fr-FR\",\"@id\":\"https:\/\/www.jardipond.com\/fr\/tienda\/global-edging\/aluminio\/alubord-aluminio-5-clacon\/#primaryimage\",\"url\":\"https:\/\/www.jardipond.com\/wp-content\/uploads\/productImgs\/External\/1122.png\",\"contentUrl\":\"https:\/\/www.jardipond.com\/wp-content\/uploads\/productImgs\/External\/1122.png\",\"width\":778,\"height\":822},{\"@type\":\"BreadcrumbList\",\"@id\":\"https:\/\/www.jardipond.com\/fr\/tienda\/global-edging\/aluminio\/alubord-aluminio-5-clacon\/#breadcrumb\",\"itemListElement\":[{\"@type\":\"ListItem\",\"position\":1,\"name\":\"Portada\",\"item\":\"https:\/\/www.jardipond.com\/fr\/\"},{\"@type\":\"ListItem\",\"position\":2,\"name\":\"Cat\u00e1logo\",\"item\":\"https:\/\/www.jardipond.com\/tienda\/\"},{\"@type\":\"ListItem\",\"position\":3,\"name\":\"Alubord Aluminio (5 Cla+Con)\"}]},{\"@type\":\"WebSite\",\"@id\":\"https:\/\/www.jardipond.com\/fr\/#website\",\"url\":\"https:\/\/www.jardipond.com\/fr\/\",\"name\":\"Jard\u00ed Pond\",\"description\":\"\",\"publisher\":{\"@id\":\"https:\/\/www.jardipond.com\/fr\/#organization\"},\"potentialAction\":[{\"@type\":\"SearchAction\",\"target\":{\"@type\":\"EntryPoint\",\"urlTemplate\":\"https:\/\/www.jardipond.com\/fr\/?s={search_term_string}\"},\"query-input\":{\"@type\":\"PropertyValueSpecification\",\"valueRequired\":true,\"valueName\":\"search_term_string\"}}],\"inLanguage\":\"fr-FR\"},{\"@type\":\"Organization\",\"@id\":\"https:\/\/www.jardipond.com\/fr\/#organization\",\"name\":\"Jard\u00ed Pond\",\"url\":\"https:\/\/www.jardipond.com\/fr\/\",\"logo\":{\"@type\":\"ImageObject\",\"inLanguage\":\"fr-FR\",\"@id\":\"https:\/\/www.jardipond.com\/fr\/#\/schema\/logo\/image\/\",\"url\":\"https:\/\/www.jardipond.com\/wp-content\/uploads\/2025\/05\/cropped-default.jpg\",\"contentUrl\":\"https:\/\/www.jardipond.com\/wp-content\/uploads\/2025\/05\/cropped-default.jpg\",\"width\":157,\"height\":157,\"caption\":\"Jard\u00ed Pond\"},\"image\":{\"@id\":\"https:\/\/www.jardipond.com\/fr\/#\/schema\/logo\/image\/\"}}]}<\/script>\n<!-- \/ Yoast SEO plugin. -->","yoast_head_json":{"title":"Cat\u00e1logo Online de Jardiner\u00eda. Descubre todos nuestros productos | Jard\u00ed Pond","description":"Explora todo el cat\u00e1logo de Jard\u00ed Pond y solicita presupuesto para tus proyectos de jardiner\u00eda y paisajismo directamente online.","robots":{"index":"index","follow":"follow","max-snippet":"max-snippet:-1","max-image-preview":"max-image-preview:large","max-video-preview":"max-video-preview:-1"},"canonical":"https:\/\/www.jardipond.com\/fr\/tienda\/global-edging\/aluminio\/alubord-aluminio-5-clacon\/","og_locale":"fr_FR","og_type":"article","og_title":"Cat\u00e1logo Online de Jardiner\u00eda. Descubre todos nuestros productos | Jard\u00ed Pond","og_description":"Explora todo el cat\u00e1logo de Jard\u00ed Pond y solicita presupuesto para tus proyectos de jardiner\u00eda y paisajismo directamente online.","og_url":"https:\/\/www.jardipond.com\/fr\/tienda\/global-edging\/aluminio\/alubord-aluminio-5-clacon\/","og_site_name":"Jard\u00ed Pond","article_modified_time":"2026-04-10T08:40:09+00:00","og_image":[{"width":778,"height":822,"url":"https:\/\/www.jardipond.com\/wp-content\/uploads\/productImgs\/External\/1122.png","type":"image\/png"}],"twitter_card":"summary_large_image","twitter_misc":{"Dur\u00e9e de lecture estim\u00e9e":"1 minute"},"schema":{"@context":"https:\/\/schema.org","@graph":[{"@type":"WebPage","@id":"https:\/\/www.jardipond.com\/fr\/tienda\/global-edging\/aluminio\/alubord-aluminio-5-clacon\/","url":"https:\/\/www.jardipond.com\/fr\/tienda\/global-edging\/aluminio\/alubord-aluminio-5-clacon\/","name":"Cat\u00e1logo Online de Jardiner\u00eda. Descubre todos nuestros productos | Jard\u00ed Pond","isPartOf":{"@id":"https:\/\/www.jardipond.com\/fr\/#website"},"primaryImageOfPage":{"@id":"https:\/\/www.jardipond.com\/fr\/tienda\/global-edging\/aluminio\/alubord-aluminio-5-clacon\/#primaryimage"},"image":{"@id":"https:\/\/www.jardipond.com\/fr\/tienda\/global-edging\/aluminio\/alubord-aluminio-5-clacon\/#primaryimage"},"thumbnailUrl":"https:\/\/www.jardipond.com\/wp-content\/uploads\/productImgs\/External\/1122.png","datePublished":"2025-03-17T08:23:49+00:00","dateModified":"2026-04-10T08:40:09+00:00","description":"Explora todo el cat\u00e1logo de Jard\u00ed Pond y solicita presupuesto para tus proyectos de jardiner\u00eda y paisajismo directamente online.","breadcrumb":{"@id":"https:\/\/www.jardipond.com\/fr\/tienda\/global-edging\/aluminio\/alubord-aluminio-5-clacon\/#breadcrumb"},"inLanguage":"fr-FR","potentialAction":[{"@type":"ReadAction","target":["https:\/\/www.jardipond.com\/fr\/tienda\/global-edging\/aluminio\/alubord-aluminio-5-clacon\/"]}]},{"@type":"ImageObject","inLanguage":"fr-FR","@id":"https:\/\/www.jardipond.com\/fr\/tienda\/global-edging\/aluminio\/alubord-aluminio-5-clacon\/#primaryimage","url":"https:\/\/www.jardipond.com\/wp-content\/uploads\/productImgs\/External\/1122.png","contentUrl":"https:\/\/www.jardipond.com\/wp-content\/uploads\/productImgs\/External\/1122.png","width":778,"height":822},{"@type":"BreadcrumbList","@id":"https:\/\/www.jardipond.com\/fr\/tienda\/global-edging\/aluminio\/alubord-aluminio-5-clacon\/#breadcrumb","itemListElement":[{"@type":"ListItem","position":1,"name":"Portada","item":"https:\/\/www.jardipond.com\/fr\/"},{"@type":"ListItem","position":2,"name":"Cat\u00e1logo","item":"https:\/\/www.jardipond.com\/tienda\/"},{"@type":"ListItem","position":3,"name":"Alubord Aluminio (5 Cla+Con)"}]},{"@type":"WebSite","@id":"https:\/\/www.jardipond.com\/fr\/#website","url":"https:\/\/www.jardipond.com\/fr\/","name":"Jard\u00ed Pond","description":"","publisher":{"@id":"https:\/\/www.jardipond.com\/fr\/#organization"},"potentialAction":[{"@type":"SearchAction","target":{"@type":"EntryPoint","urlTemplate":"https:\/\/www.jardipond.com\/fr\/?s={search_term_string}"},"query-input":{"@type":"PropertyValueSpecification","valueRequired":true,"valueName":"search_term_string"}}],"inLanguage":"fr-FR"},{"@type":"Organization","@id":"https:\/\/www.jardipond.com\/fr\/#organization","name":"Jard\u00ed Pond","url":"https:\/\/www.jardipond.com\/fr\/","logo":{"@type":"ImageObject","inLanguage":"fr-FR","@id":"https:\/\/www.jardipond.com\/fr\/#\/schema\/logo\/image\/","url":"https:\/\/www.jardipond.com\/wp-content\/uploads\/2025\/05\/cropped-default.jpg","contentUrl":"https:\/\/www.jardipond.com\/wp-content\/uploads\/2025\/05\/cropped-default.jpg","width":157,"height":157,"caption":"Jard\u00ed Pond"},"image":{"@id":"https:\/\/www.jardipond.com\/fr\/#\/schema\/logo\/image\/"}}]}},"_links":{"self":[{"href":"https:\/\/www.jardipond.com\/fr\/wp-json\/wp\/v2\/product\/7692"}],"collection":[{"href":"https:\/\/www.jardipond.com\/fr\/wp-json\/wp\/v2\/product"}],"about":[{"href":"https:\/\/www.jardipond.com\/fr\/wp-json\/wp\/v2\/types\/product"}],"replies":[{"embeddable":true,"href":"https:\/\/www.jardipond.com\/fr\/wp-json\/wp\/v2\/comments?post=7692"}],"wp:featuredmedia":[{"embeddable":true,"href":"https:\/\/www.jardipond.com\/fr\/wp-json\/wp\/v2\/media\/86506"}],"wp:attachment":[{"href":"https:\/\/www.jardipond.com\/fr\/wp-json\/wp\/v2\/media?parent=7692"}],"wp:term":[{"taxonomy":"product_cat","embeddable":true,"href":"https:\/\/www.jardipond.com\/fr\/wp-json\/wp\/v2\/product_cat?post=7692"},{"taxonomy":"product_tag","embeddable":true,"href":"https:\/\/www.jardipond.com\/fr\/wp-json\/wp\/v2\/product_tag?post=7692"}],"curies":[{"name":"wp","href":"https:\/\/api.w.org\/{rel}","templated":true}]}}