{"id":7696,"date":"2025-03-17T09:23:51","date_gmt":"2025-03-17T08:23:51","guid":{"rendered":"https:\/\/www.jardipond.com\/tienda\/sin%20categor\u00eda\/aluplac-excellence-5x100x2300mm-1con3-adap-e-ml\/"},"modified":"2026-04-10T09:40:14","modified_gmt":"2026-04-10T08:40:14","slug":"aluplac-excellence-5x100x2300mm-1con3-adap-e-ml","status":"publish","type":"product","link":"https:\/\/www.jardipond.com\/fr\/tienda\/global-edging\/aluminio\/aluplac-excellence-5x100x2300mm-1con3-adap-e-ml\/","title":{"rendered":"Aluplac Excellence 5x100x2300mm (1Con+3 Adap) \u20ac\/Ml"},"content":{"rendered":"<p><span style=\"font-size: 12px\"><strong>Aluplac Excellence<\/strong> es un perfil de aluminio de alta calidad, dise\u00f1ado para <strong>la separaci\u00f3n y contenci\u00f3n de pavimentos, \u00e1ridos y otros materiales<\/strong> en proyectos exteriores exigentes. Gracias a su estructura robusta de <strong>5 mm de espesor y 100 mm de altura<\/strong>, ofrece una soluci\u00f3n s\u00f3lida, estable y de gran durabilidad.<\/span><\/p>\n<ul>\n<li><span style=\"font-size: 12px\">Material: aluminio<\/span><\/li>\n<li><span style=\"font-size: 12px\">Dimensiones: 5 x 100 x 2.300 mm<\/span><\/li>\n<li><span style=\"font-size: 12px\">Incluye: 1 conector + 3 adaptadores<\/span><\/li>\n<li><span style=\"font-size: 12px\">Aplicaci\u00f3n: separaci\u00f3n de pavimentos y materiales en exteriores<\/span><\/li>\n<\/ul>\n","protected":false},"excerpt":{"rendered":"<p><span style=\"font-size: 12px\"><strong>Aluplac Excellence<\/strong> es un perfil de aluminio de alta calidad, dise\u00f1ado para <strong>la separaci\u00f3n y contenci\u00f3n de pavimentos, \u00e1ridos y otros materiales<\/strong> en proyectos exteriores exigentes. Gracias a su estructura robusta de <strong>5 mm de espesor y 100 mm de altura<\/strong>, ofrece una soluci\u00f3n s\u00f3lida, estable y de gran durabilidad.<\/span><\/p>\n<ul>\n<li><span style=\"font-size: 12px\">Material: aluminio<\/span><\/li>\n<li><span style=\"font-size: 12px\">Dimensiones: 5 x 100 x 2.300 mm<\/span><\/li>\n<li><span style=\"font-size: 12px\">Incluye: 1 conector + 3 adaptadores<\/span><\/li>\n<li><span style=\"font-size: 12px\">Aplicaci\u00f3n: separaci\u00f3n de pavimentos y materiales en exteriores<\/span><\/li>\n<\/ul>\n","protected":false},"featured_media":86514,"comment_status":"open","ping_status":"closed","template":"","meta":{"_acf_changed":false},"product_cat":[46,86],"product_tag":[],"class_list":{"0":"post-7696","1":"product","2":"type-product","3":"status-publish","4":"has-post-thumbnail","6":"product_cat-global-edging","7":"product_cat-aluminio","9":"first","10":"outofstock","11":"shipping-taxable","12":"product-type-variable"},"acf":[],"yoast_head":"<!-- This site is optimized with the Yoast SEO plugin v23.4 - https:\/\/yoast.com\/wordpress\/plugins\/seo\/ -->\n<title>Cat\u00e1logo Online de Jardiner\u00eda. Descubre todos nuestros productos | Jard\u00ed Pond<\/title>\n<meta name=\"description\" content=\"Explora todo el cat\u00e1logo de Jard\u00ed Pond y solicita presupuesto para tus proyectos de jardiner\u00eda y paisajismo directamente online.\" \/>\n<meta name=\"robots\" content=\"index, follow, max-snippet:-1, max-image-preview:large, max-video-preview:-1\" \/>\n<link rel=\"canonical\" href=\"https:\/\/www.jardipond.com\/fr\/tienda\/global-edging\/aluminio\/aluplac-excellence-5x100x2300mm-1con3-adap-e-ml\/\" \/>\n<meta property=\"og:locale\" content=\"fr_FR\" \/>\n<meta property=\"og:type\" content=\"article\" \/>\n<meta property=\"og:title\" content=\"Cat\u00e1logo Online de Jardiner\u00eda. Descubre todos nuestros productos | Jard\u00ed Pond\" \/>\n<meta property=\"og:description\" content=\"Explora todo el cat\u00e1logo de Jard\u00ed Pond y solicita presupuesto para tus proyectos de jardiner\u00eda y paisajismo directamente online.\" \/>\n<meta property=\"og:url\" content=\"https:\/\/www.jardipond.com\/fr\/tienda\/global-edging\/aluminio\/aluplac-excellence-5x100x2300mm-1con3-adap-e-ml\/\" \/>\n<meta property=\"og:site_name\" content=\"Jard\u00ed Pond\" \/>\n<meta property=\"article:modified_time\" content=\"2026-04-10T08:40:14+00:00\" \/>\n<meta property=\"og:image\" content=\"https:\/\/www.jardipond.com\/wp-content\/uploads\/productImgs\/External\/PL112.png\" \/>\n\t<meta property=\"og:image:width\" content=\"778\" \/>\n\t<meta property=\"og:image:height\" content=\"822\" \/>\n\t<meta property=\"og:image:type\" content=\"image\/png\" \/>\n<meta name=\"twitter:card\" content=\"summary_large_image\" \/>\n<script type=\"application\/ld+json\" class=\"yoast-schema-graph\">{\"@context\":\"https:\/\/schema.org\",\"@graph\":[{\"@type\":\"WebPage\",\"@id\":\"https:\/\/www.jardipond.com\/fr\/tienda\/global-edging\/aluminio\/aluplac-excellence-5x100x2300mm-1con3-adap-e-ml\/\",\"url\":\"https:\/\/www.jardipond.com\/fr\/tienda\/global-edging\/aluminio\/aluplac-excellence-5x100x2300mm-1con3-adap-e-ml\/\",\"name\":\"Cat\u00e1logo Online de Jardiner\u00eda. Descubre todos nuestros productos | Jard\u00ed Pond\",\"isPartOf\":{\"@id\":\"https:\/\/www.jardipond.com\/fr\/#website\"},\"primaryImageOfPage\":{\"@id\":\"https:\/\/www.jardipond.com\/fr\/tienda\/global-edging\/aluminio\/aluplac-excellence-5x100x2300mm-1con3-adap-e-ml\/#primaryimage\"},\"image\":{\"@id\":\"https:\/\/www.jardipond.com\/fr\/tienda\/global-edging\/aluminio\/aluplac-excellence-5x100x2300mm-1con3-adap-e-ml\/#primaryimage\"},\"thumbnailUrl\":\"https:\/\/www.jardipond.com\/wp-content\/uploads\/productImgs\/External\/PL112.png\",\"datePublished\":\"2025-03-17T08:23:51+00:00\",\"dateModified\":\"2026-04-10T08:40:14+00:00\",\"description\":\"Explora todo el cat\u00e1logo de Jard\u00ed Pond y solicita presupuesto para tus proyectos de jardiner\u00eda y paisajismo directamente online.\",\"breadcrumb\":{\"@id\":\"https:\/\/www.jardipond.com\/fr\/tienda\/global-edging\/aluminio\/aluplac-excellence-5x100x2300mm-1con3-adap-e-ml\/#breadcrumb\"},\"inLanguage\":\"fr-FR\",\"potentialAction\":[{\"@type\":\"ReadAction\",\"target\":[\"https:\/\/www.jardipond.com\/fr\/tienda\/global-edging\/aluminio\/aluplac-excellence-5x100x2300mm-1con3-adap-e-ml\/\"]}]},{\"@type\":\"ImageObject\",\"inLanguage\":\"fr-FR\",\"@id\":\"https:\/\/www.jardipond.com\/fr\/tienda\/global-edging\/aluminio\/aluplac-excellence-5x100x2300mm-1con3-adap-e-ml\/#primaryimage\",\"url\":\"https:\/\/www.jardipond.com\/wp-content\/uploads\/productImgs\/External\/PL112.png\",\"contentUrl\":\"https:\/\/www.jardipond.com\/wp-content\/uploads\/productImgs\/External\/PL112.png\",\"width\":778,\"height\":822},{\"@type\":\"BreadcrumbList\",\"@id\":\"https:\/\/www.jardipond.com\/fr\/tienda\/global-edging\/aluminio\/aluplac-excellence-5x100x2300mm-1con3-adap-e-ml\/#breadcrumb\",\"itemListElement\":[{\"@type\":\"ListItem\",\"position\":1,\"name\":\"Portada\",\"item\":\"https:\/\/www.jardipond.com\/fr\/\"},{\"@type\":\"ListItem\",\"position\":2,\"name\":\"Cat\u00e1logo\",\"item\":\"https:\/\/www.jardipond.com\/tienda\/\"},{\"@type\":\"ListItem\",\"position\":3,\"name\":\"Aluplac Excellence 5x100x2300mm (1Con+3 Adap) \u20ac\/Ml\"}]},{\"@type\":\"WebSite\",\"@id\":\"https:\/\/www.jardipond.com\/fr\/#website\",\"url\":\"https:\/\/www.jardipond.com\/fr\/\",\"name\":\"Jard\u00ed Pond\",\"description\":\"\",\"publisher\":{\"@id\":\"https:\/\/www.jardipond.com\/fr\/#organization\"},\"potentialAction\":[{\"@type\":\"SearchAction\",\"target\":{\"@type\":\"EntryPoint\",\"urlTemplate\":\"https:\/\/www.jardipond.com\/fr\/?s={search_term_string}\"},\"query-input\":{\"@type\":\"PropertyValueSpecification\",\"valueRequired\":true,\"valueName\":\"search_term_string\"}}],\"inLanguage\":\"fr-FR\"},{\"@type\":\"Organization\",\"@id\":\"https:\/\/www.jardipond.com\/fr\/#organization\",\"name\":\"Jard\u00ed Pond\",\"url\":\"https:\/\/www.jardipond.com\/fr\/\",\"logo\":{\"@type\":\"ImageObject\",\"inLanguage\":\"fr-FR\",\"@id\":\"https:\/\/www.jardipond.com\/fr\/#\/schema\/logo\/image\/\",\"url\":\"https:\/\/www.jardipond.com\/wp-content\/uploads\/2025\/05\/cropped-default.jpg\",\"contentUrl\":\"https:\/\/www.jardipond.com\/wp-content\/uploads\/2025\/05\/cropped-default.jpg\",\"width\":157,\"height\":157,\"caption\":\"Jard\u00ed Pond\"},\"image\":{\"@id\":\"https:\/\/www.jardipond.com\/fr\/#\/schema\/logo\/image\/\"}}]}<\/script>\n<!-- \/ Yoast SEO plugin. -->","yoast_head_json":{"title":"Cat\u00e1logo Online de Jardiner\u00eda. Descubre todos nuestros productos | Jard\u00ed Pond","description":"Explora todo el cat\u00e1logo de Jard\u00ed Pond y solicita presupuesto para tus proyectos de jardiner\u00eda y paisajismo directamente online.","robots":{"index":"index","follow":"follow","max-snippet":"max-snippet:-1","max-image-preview":"max-image-preview:large","max-video-preview":"max-video-preview:-1"},"canonical":"https:\/\/www.jardipond.com\/fr\/tienda\/global-edging\/aluminio\/aluplac-excellence-5x100x2300mm-1con3-adap-e-ml\/","og_locale":"fr_FR","og_type":"article","og_title":"Cat\u00e1logo Online de Jardiner\u00eda. Descubre todos nuestros productos | Jard\u00ed Pond","og_description":"Explora todo el cat\u00e1logo de Jard\u00ed Pond y solicita presupuesto para tus proyectos de jardiner\u00eda y paisajismo directamente online.","og_url":"https:\/\/www.jardipond.com\/fr\/tienda\/global-edging\/aluminio\/aluplac-excellence-5x100x2300mm-1con3-adap-e-ml\/","og_site_name":"Jard\u00ed Pond","article_modified_time":"2026-04-10T08:40:14+00:00","og_image":[{"width":778,"height":822,"url":"https:\/\/www.jardipond.com\/wp-content\/uploads\/productImgs\/External\/PL112.png","type":"image\/png"}],"twitter_card":"summary_large_image","schema":{"@context":"https:\/\/schema.org","@graph":[{"@type":"WebPage","@id":"https:\/\/www.jardipond.com\/fr\/tienda\/global-edging\/aluminio\/aluplac-excellence-5x100x2300mm-1con3-adap-e-ml\/","url":"https:\/\/www.jardipond.com\/fr\/tienda\/global-edging\/aluminio\/aluplac-excellence-5x100x2300mm-1con3-adap-e-ml\/","name":"Cat\u00e1logo Online de Jardiner\u00eda. Descubre todos nuestros productos | Jard\u00ed Pond","isPartOf":{"@id":"https:\/\/www.jardipond.com\/fr\/#website"},"primaryImageOfPage":{"@id":"https:\/\/www.jardipond.com\/fr\/tienda\/global-edging\/aluminio\/aluplac-excellence-5x100x2300mm-1con3-adap-e-ml\/#primaryimage"},"image":{"@id":"https:\/\/www.jardipond.com\/fr\/tienda\/global-edging\/aluminio\/aluplac-excellence-5x100x2300mm-1con3-adap-e-ml\/#primaryimage"},"thumbnailUrl":"https:\/\/www.jardipond.com\/wp-content\/uploads\/productImgs\/External\/PL112.png","datePublished":"2025-03-17T08:23:51+00:00","dateModified":"2026-04-10T08:40:14+00:00","description":"Explora todo el cat\u00e1logo de Jard\u00ed Pond y solicita presupuesto para tus proyectos de jardiner\u00eda y paisajismo directamente online.","breadcrumb":{"@id":"https:\/\/www.jardipond.com\/fr\/tienda\/global-edging\/aluminio\/aluplac-excellence-5x100x2300mm-1con3-adap-e-ml\/#breadcrumb"},"inLanguage":"fr-FR","potentialAction":[{"@type":"ReadAction","target":["https:\/\/www.jardipond.com\/fr\/tienda\/global-edging\/aluminio\/aluplac-excellence-5x100x2300mm-1con3-adap-e-ml\/"]}]},{"@type":"ImageObject","inLanguage":"fr-FR","@id":"https:\/\/www.jardipond.com\/fr\/tienda\/global-edging\/aluminio\/aluplac-excellence-5x100x2300mm-1con3-adap-e-ml\/#primaryimage","url":"https:\/\/www.jardipond.com\/wp-content\/uploads\/productImgs\/External\/PL112.png","contentUrl":"https:\/\/www.jardipond.com\/wp-content\/uploads\/productImgs\/External\/PL112.png","width":778,"height":822},{"@type":"BreadcrumbList","@id":"https:\/\/www.jardipond.com\/fr\/tienda\/global-edging\/aluminio\/aluplac-excellence-5x100x2300mm-1con3-adap-e-ml\/#breadcrumb","itemListElement":[{"@type":"ListItem","position":1,"name":"Portada","item":"https:\/\/www.jardipond.com\/fr\/"},{"@type":"ListItem","position":2,"name":"Cat\u00e1logo","item":"https:\/\/www.jardipond.com\/tienda\/"},{"@type":"ListItem","position":3,"name":"Aluplac Excellence 5x100x2300mm (1Con+3 Adap) \u20ac\/Ml"}]},{"@type":"WebSite","@id":"https:\/\/www.jardipond.com\/fr\/#website","url":"https:\/\/www.jardipond.com\/fr\/","name":"Jard\u00ed Pond","description":"","publisher":{"@id":"https:\/\/www.jardipond.com\/fr\/#organization"},"potentialAction":[{"@type":"SearchAction","target":{"@type":"EntryPoint","urlTemplate":"https:\/\/www.jardipond.com\/fr\/?s={search_term_string}"},"query-input":{"@type":"PropertyValueSpecification","valueRequired":true,"valueName":"search_term_string"}}],"inLanguage":"fr-FR"},{"@type":"Organization","@id":"https:\/\/www.jardipond.com\/fr\/#organization","name":"Jard\u00ed Pond","url":"https:\/\/www.jardipond.com\/fr\/","logo":{"@type":"ImageObject","inLanguage":"fr-FR","@id":"https:\/\/www.jardipond.com\/fr\/#\/schema\/logo\/image\/","url":"https:\/\/www.jardipond.com\/wp-content\/uploads\/2025\/05\/cropped-default.jpg","contentUrl":"https:\/\/www.jardipond.com\/wp-content\/uploads\/2025\/05\/cropped-default.jpg","width":157,"height":157,"caption":"Jard\u00ed Pond"},"image":{"@id":"https:\/\/www.jardipond.com\/fr\/#\/schema\/logo\/image\/"}}]}},"_links":{"self":[{"href":"https:\/\/www.jardipond.com\/fr\/wp-json\/wp\/v2\/product\/7696"}],"collection":[{"href":"https:\/\/www.jardipond.com\/fr\/wp-json\/wp\/v2\/product"}],"about":[{"href":"https:\/\/www.jardipond.com\/fr\/wp-json\/wp\/v2\/types\/product"}],"replies":[{"embeddable":true,"href":"https:\/\/www.jardipond.com\/fr\/wp-json\/wp\/v2\/comments?post=7696"}],"wp:featuredmedia":[{"embeddable":true,"href":"https:\/\/www.jardipond.com\/fr\/wp-json\/wp\/v2\/media\/86514"}],"wp:attachment":[{"href":"https:\/\/www.jardipond.com\/fr\/wp-json\/wp\/v2\/media?parent=7696"}],"wp:term":[{"taxonomy":"product_cat","embeddable":true,"href":"https:\/\/www.jardipond.com\/fr\/wp-json\/wp\/v2\/product_cat?post=7696"},{"taxonomy":"product_tag","embeddable":true,"href":"https:\/\/www.jardipond.com\/fr\/wp-json\/wp\/v2\/product_tag?post=7696"}],"curies":[{"name":"wp","href":"https:\/\/api.w.org\/{rel}","templated":true}]}}