{"id":7849,"date":"2025-03-17T09:26:14","date_gmt":"2025-03-17T08:26:14","guid":{"rendered":"https:\/\/www.jardipond.com\/tienda\/sin%20categor\u00eda\/briquetas-12x200-mm-para-brezo-fajo-1-000-uds\/"},"modified":"2026-04-10T09:42:02","modified_gmt":"2026-04-10T08:42:02","slug":"briquetas-12x200-mm-para-brezo-fajo-1-000-uds","status":"publish","type":"product","link":"https:\/\/www.jardipond.com\/fr\/tienda\/decomax\/complementos-vallas-naturales\/briquetas-12x200-mm-para-brezo-fajo-1-000-uds\/","title":{"rendered":"Briquetas 1,2&#215;200 mm Para Brezo Fajo 1.000 uds"},"content":{"rendered":"<p><span style=\"font-size: 12px\">Las <strong>briquetas 1,2 x 200 mm<\/strong> son el complemento indispensable para la correcta <strong>instalaci\u00f3n del Brezo<\/strong>. Garantizan una <strong>sujeci\u00f3n firme<\/strong> y profesional del brezo sobre estructuras de soporte (vallas met\u00e1licas, mallas, p\u00e9rgolas, postes de madera, etc.), evitando desplazamientos y asegurando un acabado est\u00e9tico y duradero.<\/span><\/p>\n<ul>\n<li><span style=\"font-size: 12px\">Dise\u00f1adas espec\u00edficamente para la instalaci\u00f3n del <strong>Brezo<\/strong>.<\/span><\/li>\n<li><span style=\"font-size: 12px\">Permiten tensar correctamente el brezo para conseguir una <strong>pantalla de ocultaci\u00f3n<\/strong> eficaz y estable.<\/span><\/li>\n<li><span style=\"font-size: 12px\">Aportan resistencia frente al viento y a las condiciones clim\u00e1ticas.<br \/>\n<\/span><\/li>\n<\/ul>\n<h6><span style=\"font-size: 12px\"><strong>C\u00f3mo utilizarlo<\/strong><\/span><\/h6>\n<ol>\n<li><span style=\"font-size: 12px\"><strong>Presentar el brezo<\/strong> sobre la estructura deseada (valla, p\u00e9rgola, etc.).<\/span><\/li>\n<li><span style=\"font-size: 12px\">Colocar las <strong>briquetas<\/strong> en los puntos de sujeci\u00f3n clave (superior, inferior y laterales).<\/span><\/li>\n<li><span style=\"font-size: 12px\"><strong>Apretar y fijar<\/strong> con ayuda de alicates o herramientas adecuadas.<\/span><\/li>\n<li><span style=\"font-size: 12px\">Repartir las briquetas de forma regular a lo largo de toda la superficie para una fijaci\u00f3n homog\u00e9nea.<br \/>\n<\/span><\/li>\n<\/ol>\n<blockquote data-o-mail-quote-node=\"1\" data-o-mail-quote=\"1\"><p><span style=\"font-size: 12px\"><strong>Consejo profesional:<\/strong> Cuantas m\u00e1s briquetas se utilicen, mayor ser\u00e1 la tensi\u00f3n y estabilidad del brezo a largo plazo.<\/span><\/p><\/blockquote>\n","protected":false},"excerpt":{"rendered":"<p><span style=\"font-size: 12px\">Las <strong>briquetas 1,2 x 200 mm<\/strong> son el complemento indispensable para la correcta <strong>instalaci\u00f3n del Brezo<\/strong>. Garantizan una <strong>sujeci\u00f3n firme<\/strong> y profesional del brezo sobre estructuras de soporte (vallas met\u00e1licas, mallas, p\u00e9rgolas, postes de madera, etc.), evitando desplazamientos y asegurando un acabado est\u00e9tico y duradero.<\/span><\/p>\n<ul>\n<li><span style=\"font-size: 12px\">Dise\u00f1adas espec\u00edficamente para la instalaci\u00f3n del <strong>Brezo<\/strong>.<\/span><\/li>\n<li><span style=\"font-size: 12px\">Permiten tensar correctamente el brezo para conseguir una <strong>pantalla de ocultaci\u00f3n<\/strong> eficaz y estable.<\/span><\/li>\n<li><span style=\"font-size: 12px\">Aportan resistencia frente al viento y a las condiciones clim\u00e1ticas.<br \/>\n<\/span><\/li>\n<\/ul>\n<h6><span style=\"font-size: 12px\"><strong>C\u00f3mo utilizarlo<\/strong><\/span><\/h6>\n<ol>\n<li><span style=\"font-size: 12px\"><strong>Presentar el brezo<\/strong> sobre la estructura deseada (valla, p\u00e9rgola, etc.).<\/span><\/li>\n<li><span style=\"font-size: 12px\">Colocar las <strong>briquetas<\/strong> en los puntos de sujeci\u00f3n clave (superior, inferior y laterales).<\/span><\/li>\n<li><span style=\"font-size: 12px\"><strong>Apretar y fijar<\/strong> con ayuda de alicates o herramientas adecuadas.<\/span><\/li>\n<li><span style=\"font-size: 12px\">Repartir las briquetas de forma regular a lo largo de toda la superficie para una fijaci\u00f3n homog\u00e9nea.<br \/>\n<\/span><\/li>\n<\/ol>\n<blockquote data-o-mail-quote-node=\"1\" data-o-mail-quote=\"1\"><p><span style=\"font-size: 12px\"><strong>Consejo profesional:<\/strong> Cuantas m\u00e1s briquetas se utilicen, mayor ser\u00e1 la tensi\u00f3n y estabilidad del brezo a largo plazo.<\/span><\/p><\/blockquote>\n","protected":false},"featured_media":86628,"comment_status":"open","ping_status":"closed","template":"","meta":{"_acf_changed":false},"product_cat":[50,314],"product_tag":[],"class_list":{"0":"post-7849","1":"product","2":"type-product","3":"status-publish","4":"has-post-thumbnail","6":"product_cat-decomax","7":"product_cat-complementos-vallas-naturales","9":"first","10":"outofstock","11":"shipping-taxable","12":"product-type-variable"},"acf":[],"yoast_head":"<!-- This site is optimized with the Yoast SEO plugin v23.4 - https:\/\/yoast.com\/wordpress\/plugins\/seo\/ -->\n<title>Cat\u00e1logo Online de Jardiner\u00eda. Descubre todos nuestros productos | Jard\u00ed Pond<\/title>\n<meta name=\"description\" content=\"Explora todo el cat\u00e1logo de Jard\u00ed Pond y solicita presupuesto para tus proyectos de jardiner\u00eda y paisajismo directamente online.\" \/>\n<meta name=\"robots\" content=\"index, follow, max-snippet:-1, max-image-preview:large, max-video-preview:-1\" \/>\n<link rel=\"canonical\" href=\"https:\/\/www.jardipond.com\/fr\/tienda\/decomax\/complementos-vallas-naturales\/briquetas-12x200-mm-para-brezo-fajo-1-000-uds\/\" \/>\n<meta property=\"og:locale\" content=\"fr_FR\" \/>\n<meta property=\"og:type\" content=\"article\" \/>\n<meta property=\"og:title\" content=\"Cat\u00e1logo Online de Jardiner\u00eda. Descubre todos nuestros productos | Jard\u00ed Pond\" \/>\n<meta property=\"og:description\" content=\"Explora todo el cat\u00e1logo de Jard\u00ed Pond y solicita presupuesto para tus proyectos de jardiner\u00eda y paisajismo directamente online.\" \/>\n<meta property=\"og:url\" content=\"https:\/\/www.jardipond.com\/fr\/tienda\/decomax\/complementos-vallas-naturales\/briquetas-12x200-mm-para-brezo-fajo-1-000-uds\/\" \/>\n<meta property=\"og:site_name\" content=\"Jard\u00ed Pond\" \/>\n<meta property=\"article:modified_time\" content=\"2026-04-10T08:42:02+00:00\" \/>\n<meta property=\"og:image\" content=\"https:\/\/www.jardipond.com\/wp-content\/uploads\/productImgs\/External\/BR200.png\" \/>\n\t<meta property=\"og:image:width\" content=\"778\" \/>\n\t<meta property=\"og:image:height\" content=\"822\" \/>\n\t<meta property=\"og:image:type\" content=\"image\/png\" \/>\n<meta name=\"twitter:card\" content=\"summary_large_image\" \/>\n<meta name=\"twitter:label1\" content=\"Dur\u00e9e de lecture estim\u00e9e\" \/>\n\t<meta name=\"twitter:data1\" content=\"1 minute\" \/>\n<script type=\"application\/ld+json\" class=\"yoast-schema-graph\">{\"@context\":\"https:\/\/schema.org\",\"@graph\":[{\"@type\":\"WebPage\",\"@id\":\"https:\/\/www.jardipond.com\/fr\/tienda\/decomax\/complementos-vallas-naturales\/briquetas-12x200-mm-para-brezo-fajo-1-000-uds\/\",\"url\":\"https:\/\/www.jardipond.com\/fr\/tienda\/decomax\/complementos-vallas-naturales\/briquetas-12x200-mm-para-brezo-fajo-1-000-uds\/\",\"name\":\"Cat\u00e1logo Online de Jardiner\u00eda. Descubre todos nuestros productos | Jard\u00ed Pond\",\"isPartOf\":{\"@id\":\"https:\/\/www.jardipond.com\/fr\/#website\"},\"primaryImageOfPage\":{\"@id\":\"https:\/\/www.jardipond.com\/fr\/tienda\/decomax\/complementos-vallas-naturales\/briquetas-12x200-mm-para-brezo-fajo-1-000-uds\/#primaryimage\"},\"image\":{\"@id\":\"https:\/\/www.jardipond.com\/fr\/tienda\/decomax\/complementos-vallas-naturales\/briquetas-12x200-mm-para-brezo-fajo-1-000-uds\/#primaryimage\"},\"thumbnailUrl\":\"https:\/\/www.jardipond.com\/wp-content\/uploads\/productImgs\/External\/BR200.png\",\"datePublished\":\"2025-03-17T08:26:14+00:00\",\"dateModified\":\"2026-04-10T08:42:02+00:00\",\"description\":\"Explora todo el cat\u00e1logo de Jard\u00ed Pond y solicita presupuesto para tus proyectos de jardiner\u00eda y paisajismo directamente online.\",\"breadcrumb\":{\"@id\":\"https:\/\/www.jardipond.com\/fr\/tienda\/decomax\/complementos-vallas-naturales\/briquetas-12x200-mm-para-brezo-fajo-1-000-uds\/#breadcrumb\"},\"inLanguage\":\"fr-FR\",\"potentialAction\":[{\"@type\":\"ReadAction\",\"target\":[\"https:\/\/www.jardipond.com\/fr\/tienda\/decomax\/complementos-vallas-naturales\/briquetas-12x200-mm-para-brezo-fajo-1-000-uds\/\"]}]},{\"@type\":\"ImageObject\",\"inLanguage\":\"fr-FR\",\"@id\":\"https:\/\/www.jardipond.com\/fr\/tienda\/decomax\/complementos-vallas-naturales\/briquetas-12x200-mm-para-brezo-fajo-1-000-uds\/#primaryimage\",\"url\":\"https:\/\/www.jardipond.com\/wp-content\/uploads\/productImgs\/External\/BR200.png\",\"contentUrl\":\"https:\/\/www.jardipond.com\/wp-content\/uploads\/productImgs\/External\/BR200.png\",\"width\":778,\"height\":822},{\"@type\":\"BreadcrumbList\",\"@id\":\"https:\/\/www.jardipond.com\/fr\/tienda\/decomax\/complementos-vallas-naturales\/briquetas-12x200-mm-para-brezo-fajo-1-000-uds\/#breadcrumb\",\"itemListElement\":[{\"@type\":\"ListItem\",\"position\":1,\"name\":\"Portada\",\"item\":\"https:\/\/www.jardipond.com\/fr\/\"},{\"@type\":\"ListItem\",\"position\":2,\"name\":\"Cat\u00e1logo\",\"item\":\"https:\/\/www.jardipond.com\/tienda\/\"},{\"@type\":\"ListItem\",\"position\":3,\"name\":\"Briquetas 1,2&#215;200 mm Para Brezo Fajo 1.000 uds\"}]},{\"@type\":\"WebSite\",\"@id\":\"https:\/\/www.jardipond.com\/fr\/#website\",\"url\":\"https:\/\/www.jardipond.com\/fr\/\",\"name\":\"Jard\u00ed Pond\",\"description\":\"\",\"publisher\":{\"@id\":\"https:\/\/www.jardipond.com\/fr\/#organization\"},\"potentialAction\":[{\"@type\":\"SearchAction\",\"target\":{\"@type\":\"EntryPoint\",\"urlTemplate\":\"https:\/\/www.jardipond.com\/fr\/?s={search_term_string}\"},\"query-input\":{\"@type\":\"PropertyValueSpecification\",\"valueRequired\":true,\"valueName\":\"search_term_string\"}}],\"inLanguage\":\"fr-FR\"},{\"@type\":\"Organization\",\"@id\":\"https:\/\/www.jardipond.com\/fr\/#organization\",\"name\":\"Jard\u00ed Pond\",\"url\":\"https:\/\/www.jardipond.com\/fr\/\",\"logo\":{\"@type\":\"ImageObject\",\"inLanguage\":\"fr-FR\",\"@id\":\"https:\/\/www.jardipond.com\/fr\/#\/schema\/logo\/image\/\",\"url\":\"https:\/\/www.jardipond.com\/wp-content\/uploads\/2025\/05\/cropped-default.jpg\",\"contentUrl\":\"https:\/\/www.jardipond.com\/wp-content\/uploads\/2025\/05\/cropped-default.jpg\",\"width\":157,\"height\":157,\"caption\":\"Jard\u00ed Pond\"},\"image\":{\"@id\":\"https:\/\/www.jardipond.com\/fr\/#\/schema\/logo\/image\/\"}}]}<\/script>\n<!-- \/ Yoast SEO plugin. -->","yoast_head_json":{"title":"Cat\u00e1logo Online de Jardiner\u00eda. Descubre todos nuestros productos | Jard\u00ed Pond","description":"Explora todo el cat\u00e1logo de Jard\u00ed Pond y solicita presupuesto para tus proyectos de jardiner\u00eda y paisajismo directamente online.","robots":{"index":"index","follow":"follow","max-snippet":"max-snippet:-1","max-image-preview":"max-image-preview:large","max-video-preview":"max-video-preview:-1"},"canonical":"https:\/\/www.jardipond.com\/fr\/tienda\/decomax\/complementos-vallas-naturales\/briquetas-12x200-mm-para-brezo-fajo-1-000-uds\/","og_locale":"fr_FR","og_type":"article","og_title":"Cat\u00e1logo Online de Jardiner\u00eda. Descubre todos nuestros productos | Jard\u00ed Pond","og_description":"Explora todo el cat\u00e1logo de Jard\u00ed Pond y solicita presupuesto para tus proyectos de jardiner\u00eda y paisajismo directamente online.","og_url":"https:\/\/www.jardipond.com\/fr\/tienda\/decomax\/complementos-vallas-naturales\/briquetas-12x200-mm-para-brezo-fajo-1-000-uds\/","og_site_name":"Jard\u00ed Pond","article_modified_time":"2026-04-10T08:42:02+00:00","og_image":[{"width":778,"height":822,"url":"https:\/\/www.jardipond.com\/wp-content\/uploads\/productImgs\/External\/BR200.png","type":"image\/png"}],"twitter_card":"summary_large_image","twitter_misc":{"Dur\u00e9e de lecture estim\u00e9e":"1 minute"},"schema":{"@context":"https:\/\/schema.org","@graph":[{"@type":"WebPage","@id":"https:\/\/www.jardipond.com\/fr\/tienda\/decomax\/complementos-vallas-naturales\/briquetas-12x200-mm-para-brezo-fajo-1-000-uds\/","url":"https:\/\/www.jardipond.com\/fr\/tienda\/decomax\/complementos-vallas-naturales\/briquetas-12x200-mm-para-brezo-fajo-1-000-uds\/","name":"Cat\u00e1logo Online de Jardiner\u00eda. Descubre todos nuestros productos | Jard\u00ed Pond","isPartOf":{"@id":"https:\/\/www.jardipond.com\/fr\/#website"},"primaryImageOfPage":{"@id":"https:\/\/www.jardipond.com\/fr\/tienda\/decomax\/complementos-vallas-naturales\/briquetas-12x200-mm-para-brezo-fajo-1-000-uds\/#primaryimage"},"image":{"@id":"https:\/\/www.jardipond.com\/fr\/tienda\/decomax\/complementos-vallas-naturales\/briquetas-12x200-mm-para-brezo-fajo-1-000-uds\/#primaryimage"},"thumbnailUrl":"https:\/\/www.jardipond.com\/wp-content\/uploads\/productImgs\/External\/BR200.png","datePublished":"2025-03-17T08:26:14+00:00","dateModified":"2026-04-10T08:42:02+00:00","description":"Explora todo el cat\u00e1logo de Jard\u00ed Pond y solicita presupuesto para tus proyectos de jardiner\u00eda y paisajismo directamente online.","breadcrumb":{"@id":"https:\/\/www.jardipond.com\/fr\/tienda\/decomax\/complementos-vallas-naturales\/briquetas-12x200-mm-para-brezo-fajo-1-000-uds\/#breadcrumb"},"inLanguage":"fr-FR","potentialAction":[{"@type":"ReadAction","target":["https:\/\/www.jardipond.com\/fr\/tienda\/decomax\/complementos-vallas-naturales\/briquetas-12x200-mm-para-brezo-fajo-1-000-uds\/"]}]},{"@type":"ImageObject","inLanguage":"fr-FR","@id":"https:\/\/www.jardipond.com\/fr\/tienda\/decomax\/complementos-vallas-naturales\/briquetas-12x200-mm-para-brezo-fajo-1-000-uds\/#primaryimage","url":"https:\/\/www.jardipond.com\/wp-content\/uploads\/productImgs\/External\/BR200.png","contentUrl":"https:\/\/www.jardipond.com\/wp-content\/uploads\/productImgs\/External\/BR200.png","width":778,"height":822},{"@type":"BreadcrumbList","@id":"https:\/\/www.jardipond.com\/fr\/tienda\/decomax\/complementos-vallas-naturales\/briquetas-12x200-mm-para-brezo-fajo-1-000-uds\/#breadcrumb","itemListElement":[{"@type":"ListItem","position":1,"name":"Portada","item":"https:\/\/www.jardipond.com\/fr\/"},{"@type":"ListItem","position":2,"name":"Cat\u00e1logo","item":"https:\/\/www.jardipond.com\/tienda\/"},{"@type":"ListItem","position":3,"name":"Briquetas 1,2&#215;200 mm Para Brezo Fajo 1.000 uds"}]},{"@type":"WebSite","@id":"https:\/\/www.jardipond.com\/fr\/#website","url":"https:\/\/www.jardipond.com\/fr\/","name":"Jard\u00ed Pond","description":"","publisher":{"@id":"https:\/\/www.jardipond.com\/fr\/#organization"},"potentialAction":[{"@type":"SearchAction","target":{"@type":"EntryPoint","urlTemplate":"https:\/\/www.jardipond.com\/fr\/?s={search_term_string}"},"query-input":{"@type":"PropertyValueSpecification","valueRequired":true,"valueName":"search_term_string"}}],"inLanguage":"fr-FR"},{"@type":"Organization","@id":"https:\/\/www.jardipond.com\/fr\/#organization","name":"Jard\u00ed Pond","url":"https:\/\/www.jardipond.com\/fr\/","logo":{"@type":"ImageObject","inLanguage":"fr-FR","@id":"https:\/\/www.jardipond.com\/fr\/#\/schema\/logo\/image\/","url":"https:\/\/www.jardipond.com\/wp-content\/uploads\/2025\/05\/cropped-default.jpg","contentUrl":"https:\/\/www.jardipond.com\/wp-content\/uploads\/2025\/05\/cropped-default.jpg","width":157,"height":157,"caption":"Jard\u00ed Pond"},"image":{"@id":"https:\/\/www.jardipond.com\/fr\/#\/schema\/logo\/image\/"}}]}},"_links":{"self":[{"href":"https:\/\/www.jardipond.com\/fr\/wp-json\/wp\/v2\/product\/7849"}],"collection":[{"href":"https:\/\/www.jardipond.com\/fr\/wp-json\/wp\/v2\/product"}],"about":[{"href":"https:\/\/www.jardipond.com\/fr\/wp-json\/wp\/v2\/types\/product"}],"replies":[{"embeddable":true,"href":"https:\/\/www.jardipond.com\/fr\/wp-json\/wp\/v2\/comments?post=7849"}],"wp:featuredmedia":[{"embeddable":true,"href":"https:\/\/www.jardipond.com\/fr\/wp-json\/wp\/v2\/media\/86628"}],"wp:attachment":[{"href":"https:\/\/www.jardipond.com\/fr\/wp-json\/wp\/v2\/media?parent=7849"}],"wp:term":[{"taxonomy":"product_cat","embeddable":true,"href":"https:\/\/www.jardipond.com\/fr\/wp-json\/wp\/v2\/product_cat?post=7849"},{"taxonomy":"product_tag","embeddable":true,"href":"https:\/\/www.jardipond.com\/fr\/wp-json\/wp\/v2\/product_tag?post=7849"}],"curies":[{"name":"wp","href":"https:\/\/api.w.org\/{rel}","templated":true}]}}