{"id":7952,"date":"2025-03-17T09:27:33","date_gmt":"2025-03-17T08:27:33","guid":{"rendered":"https:\/\/www.jardipond.com\/tienda\/sin%20categor\u00eda\/esquinera-borduline-marron-100mm\/"},"modified":"2026-04-10T09:42:52","modified_gmt":"2026-04-10T08:42:52","slug":"esquinera-borduline-marron-100mm","status":"publish","type":"product","link":"https:\/\/www.jardipond.com\/fr\/tienda\/global-edging\/complementos-acero\/esquinera-borduline-marron-100mm\/","title":{"rendered":"Esquinera Borduline Marr\u00f3n 100mm"},"content":{"rendered":"<p><span style=\"font-size: 12px\">La <strong>Esquinera Borduline Marr\u00f3n 100 mm<\/strong> es un accesorio de acero pintado dise\u00f1ado para resolver <strong>\u00e1ngulos rectos<\/strong> entre perfiles <strong>Borduline Safedge<\/strong>. Su acabado marr\u00f3n permite una integraci\u00f3n est\u00e9tica con los perfiles del mismo color, manteniendo una l\u00ednea de separaci\u00f3n continua y cuidada.<\/span><\/p>\n<p><span style=\"font-size: 12px\">Compatible con perfiles de 95 mm y 145 mm de altura.<\/span><\/p>\n<ul>\n<li><span style=\"font-size: 12px\">Longitud: 100 mm<\/span><\/li>\n<li><span style=\"font-size: 12px\">Material: acero galvanizado<\/span><\/li>\n<li><span style=\"font-size: 12px\">Acabados: galvanizado, corten, <strong>marr\u00f3n<\/strong> y negro&nbsp;<\/span><\/li>\n<li><span style=\"font-size: 12px\">Uso: conexi\u00f3n en esquina<\/span><\/li>\n<li><span style=\"font-size: 12px\">Compatible con perfiles Borduline Safedge<\/span><\/li>\n<\/ul>\n<h6><span style=\"font-size: 12px\"><\/span><br \/><\/h6>\n","protected":false},"excerpt":{"rendered":"<p><span style=\"font-size: 12px\">La <strong>Esquinera Borduline Marr\u00f3n 100 mm<\/strong> es un accesorio de acero pintado dise\u00f1ado para resolver <strong>\u00e1ngulos rectos<\/strong> entre perfiles <strong>Borduline Safedge<\/strong>. Su acabado marr\u00f3n permite una integraci\u00f3n est\u00e9tica con los perfiles del mismo color, manteniendo una l\u00ednea de separaci\u00f3n continua y cuidada.<\/span><\/p>\n<p><span style=\"font-size: 12px\">Compatible con perfiles de 95 mm y 145 mm de altura.<\/span><\/p>\n<ul>\n<li><span style=\"font-size: 12px\">Longitud: 100 mm<\/span><\/li>\n<li><span style=\"font-size: 12px\">Material: acero galvanizado<\/span><\/li>\n<li><span style=\"font-size: 12px\">Acabados: galvanizado, corten, <strong>marr\u00f3n<\/strong> y negro&nbsp;<\/span><\/li>\n<li><span style=\"font-size: 12px\">Uso: conexi\u00f3n en esquina<\/span><\/li>\n<li><span style=\"font-size: 12px\">Compatible con perfiles Borduline Safedge<\/span><\/li>\n<\/ul>\n<h6><span style=\"font-size: 12px\"><\/span><br \/><\/h6>\n","protected":false},"featured_media":86692,"comment_status":"open","ping_status":"closed","template":"","meta":{"_acf_changed":false},"product_cat":[46,87],"product_tag":[],"class_list":{"0":"post-7952","1":"product","2":"type-product","3":"status-publish","4":"has-post-thumbnail","6":"product_cat-global-edging","7":"product_cat-complementos-acero","9":"first","10":"outofstock","11":"shipping-taxable","12":"product-type-variable"},"acf":[],"yoast_head":"<!-- This site is optimized with the Yoast SEO plugin v23.4 - https:\/\/yoast.com\/wordpress\/plugins\/seo\/ -->\n<title>Cat\u00e1logo Online de Jardiner\u00eda. Descubre todos nuestros productos | Jard\u00ed Pond<\/title>\n<meta name=\"description\" content=\"Explora todo el cat\u00e1logo de Jard\u00ed Pond y solicita presupuesto para tus proyectos de jardiner\u00eda y paisajismo directamente online.\" \/>\n<meta name=\"robots\" content=\"index, follow, max-snippet:-1, max-image-preview:large, max-video-preview:-1\" \/>\n<link rel=\"canonical\" href=\"https:\/\/www.jardipond.com\/fr\/tienda\/global-edging\/complementos-acero\/esquinera-borduline-marron-100mm\/\" \/>\n<meta property=\"og:locale\" content=\"fr_FR\" \/>\n<meta property=\"og:type\" content=\"article\" \/>\n<meta property=\"og:title\" content=\"Cat\u00e1logo Online de Jardiner\u00eda. Descubre todos nuestros productos | Jard\u00ed Pond\" \/>\n<meta property=\"og:description\" content=\"Explora todo el cat\u00e1logo de Jard\u00ed Pond y solicita presupuesto para tus proyectos de jardiner\u00eda y paisajismo directamente online.\" \/>\n<meta property=\"og:url\" content=\"https:\/\/www.jardipond.com\/fr\/tienda\/global-edging\/complementos-acero\/esquinera-borduline-marron-100mm\/\" \/>\n<meta property=\"og:site_name\" content=\"Jard\u00ed Pond\" \/>\n<meta property=\"article:modified_time\" content=\"2026-04-10T08:42:52+00:00\" \/>\n<meta property=\"og:image\" content=\"https:\/\/www.jardipond.com\/wp-content\/uploads\/productImgs\/External\/PL220.png\" \/>\n\t<meta property=\"og:image:width\" content=\"778\" \/>\n\t<meta property=\"og:image:height\" content=\"822\" \/>\n\t<meta property=\"og:image:type\" content=\"image\/png\" \/>\n<meta name=\"twitter:card\" content=\"summary_large_image\" \/>\n<script type=\"application\/ld+json\" class=\"yoast-schema-graph\">{\"@context\":\"https:\/\/schema.org\",\"@graph\":[{\"@type\":\"WebPage\",\"@id\":\"https:\/\/www.jardipond.com\/fr\/tienda\/global-edging\/complementos-acero\/esquinera-borduline-marron-100mm\/\",\"url\":\"https:\/\/www.jardipond.com\/fr\/tienda\/global-edging\/complementos-acero\/esquinera-borduline-marron-100mm\/\",\"name\":\"Cat\u00e1logo Online de Jardiner\u00eda. Descubre todos nuestros productos | Jard\u00ed Pond\",\"isPartOf\":{\"@id\":\"https:\/\/www.jardipond.com\/fr\/#website\"},\"primaryImageOfPage\":{\"@id\":\"https:\/\/www.jardipond.com\/fr\/tienda\/global-edging\/complementos-acero\/esquinera-borduline-marron-100mm\/#primaryimage\"},\"image\":{\"@id\":\"https:\/\/www.jardipond.com\/fr\/tienda\/global-edging\/complementos-acero\/esquinera-borduline-marron-100mm\/#primaryimage\"},\"thumbnailUrl\":\"https:\/\/www.jardipond.com\/wp-content\/uploads\/productImgs\/External\/PL220.png\",\"datePublished\":\"2025-03-17T08:27:33+00:00\",\"dateModified\":\"2026-04-10T08:42:52+00:00\",\"description\":\"Explora todo el cat\u00e1logo de Jard\u00ed Pond y solicita presupuesto para tus proyectos de jardiner\u00eda y paisajismo directamente online.\",\"breadcrumb\":{\"@id\":\"https:\/\/www.jardipond.com\/fr\/tienda\/global-edging\/complementos-acero\/esquinera-borduline-marron-100mm\/#breadcrumb\"},\"inLanguage\":\"fr-FR\",\"potentialAction\":[{\"@type\":\"ReadAction\",\"target\":[\"https:\/\/www.jardipond.com\/fr\/tienda\/global-edging\/complementos-acero\/esquinera-borduline-marron-100mm\/\"]}]},{\"@type\":\"ImageObject\",\"inLanguage\":\"fr-FR\",\"@id\":\"https:\/\/www.jardipond.com\/fr\/tienda\/global-edging\/complementos-acero\/esquinera-borduline-marron-100mm\/#primaryimage\",\"url\":\"https:\/\/www.jardipond.com\/wp-content\/uploads\/productImgs\/External\/PL220.png\",\"contentUrl\":\"https:\/\/www.jardipond.com\/wp-content\/uploads\/productImgs\/External\/PL220.png\",\"width\":778,\"height\":822},{\"@type\":\"BreadcrumbList\",\"@id\":\"https:\/\/www.jardipond.com\/fr\/tienda\/global-edging\/complementos-acero\/esquinera-borduline-marron-100mm\/#breadcrumb\",\"itemListElement\":[{\"@type\":\"ListItem\",\"position\":1,\"name\":\"Portada\",\"item\":\"https:\/\/www.jardipond.com\/fr\/\"},{\"@type\":\"ListItem\",\"position\":2,\"name\":\"Cat\u00e1logo\",\"item\":\"https:\/\/www.jardipond.com\/tienda\/\"},{\"@type\":\"ListItem\",\"position\":3,\"name\":\"Esquinera Borduline Marr\u00f3n 100mm\"}]},{\"@type\":\"WebSite\",\"@id\":\"https:\/\/www.jardipond.com\/fr\/#website\",\"url\":\"https:\/\/www.jardipond.com\/fr\/\",\"name\":\"Jard\u00ed Pond\",\"description\":\"\",\"publisher\":{\"@id\":\"https:\/\/www.jardipond.com\/fr\/#organization\"},\"potentialAction\":[{\"@type\":\"SearchAction\",\"target\":{\"@type\":\"EntryPoint\",\"urlTemplate\":\"https:\/\/www.jardipond.com\/fr\/?s={search_term_string}\"},\"query-input\":{\"@type\":\"PropertyValueSpecification\",\"valueRequired\":true,\"valueName\":\"search_term_string\"}}],\"inLanguage\":\"fr-FR\"},{\"@type\":\"Organization\",\"@id\":\"https:\/\/www.jardipond.com\/fr\/#organization\",\"name\":\"Jard\u00ed Pond\",\"url\":\"https:\/\/www.jardipond.com\/fr\/\",\"logo\":{\"@type\":\"ImageObject\",\"inLanguage\":\"fr-FR\",\"@id\":\"https:\/\/www.jardipond.com\/fr\/#\/schema\/logo\/image\/\",\"url\":\"https:\/\/www.jardipond.com\/wp-content\/uploads\/2025\/05\/cropped-default.jpg\",\"contentUrl\":\"https:\/\/www.jardipond.com\/wp-content\/uploads\/2025\/05\/cropped-default.jpg\",\"width\":157,\"height\":157,\"caption\":\"Jard\u00ed Pond\"},\"image\":{\"@id\":\"https:\/\/www.jardipond.com\/fr\/#\/schema\/logo\/image\/\"}}]}<\/script>\n<!-- \/ Yoast SEO plugin. -->","yoast_head_json":{"title":"Cat\u00e1logo Online de Jardiner\u00eda. Descubre todos nuestros productos | Jard\u00ed Pond","description":"Explora todo el cat\u00e1logo de Jard\u00ed Pond y solicita presupuesto para tus proyectos de jardiner\u00eda y paisajismo directamente online.","robots":{"index":"index","follow":"follow","max-snippet":"max-snippet:-1","max-image-preview":"max-image-preview:large","max-video-preview":"max-video-preview:-1"},"canonical":"https:\/\/www.jardipond.com\/fr\/tienda\/global-edging\/complementos-acero\/esquinera-borduline-marron-100mm\/","og_locale":"fr_FR","og_type":"article","og_title":"Cat\u00e1logo Online de Jardiner\u00eda. Descubre todos nuestros productos | Jard\u00ed Pond","og_description":"Explora todo el cat\u00e1logo de Jard\u00ed Pond y solicita presupuesto para tus proyectos de jardiner\u00eda y paisajismo directamente online.","og_url":"https:\/\/www.jardipond.com\/fr\/tienda\/global-edging\/complementos-acero\/esquinera-borduline-marron-100mm\/","og_site_name":"Jard\u00ed Pond","article_modified_time":"2026-04-10T08:42:52+00:00","og_image":[{"width":778,"height":822,"url":"https:\/\/www.jardipond.com\/wp-content\/uploads\/productImgs\/External\/PL220.png","type":"image\/png"}],"twitter_card":"summary_large_image","schema":{"@context":"https:\/\/schema.org","@graph":[{"@type":"WebPage","@id":"https:\/\/www.jardipond.com\/fr\/tienda\/global-edging\/complementos-acero\/esquinera-borduline-marron-100mm\/","url":"https:\/\/www.jardipond.com\/fr\/tienda\/global-edging\/complementos-acero\/esquinera-borduline-marron-100mm\/","name":"Cat\u00e1logo Online de Jardiner\u00eda. Descubre todos nuestros productos | Jard\u00ed Pond","isPartOf":{"@id":"https:\/\/www.jardipond.com\/fr\/#website"},"primaryImageOfPage":{"@id":"https:\/\/www.jardipond.com\/fr\/tienda\/global-edging\/complementos-acero\/esquinera-borduline-marron-100mm\/#primaryimage"},"image":{"@id":"https:\/\/www.jardipond.com\/fr\/tienda\/global-edging\/complementos-acero\/esquinera-borduline-marron-100mm\/#primaryimage"},"thumbnailUrl":"https:\/\/www.jardipond.com\/wp-content\/uploads\/productImgs\/External\/PL220.png","datePublished":"2025-03-17T08:27:33+00:00","dateModified":"2026-04-10T08:42:52+00:00","description":"Explora todo el cat\u00e1logo de Jard\u00ed Pond y solicita presupuesto para tus proyectos de jardiner\u00eda y paisajismo directamente online.","breadcrumb":{"@id":"https:\/\/www.jardipond.com\/fr\/tienda\/global-edging\/complementos-acero\/esquinera-borduline-marron-100mm\/#breadcrumb"},"inLanguage":"fr-FR","potentialAction":[{"@type":"ReadAction","target":["https:\/\/www.jardipond.com\/fr\/tienda\/global-edging\/complementos-acero\/esquinera-borduline-marron-100mm\/"]}]},{"@type":"ImageObject","inLanguage":"fr-FR","@id":"https:\/\/www.jardipond.com\/fr\/tienda\/global-edging\/complementos-acero\/esquinera-borduline-marron-100mm\/#primaryimage","url":"https:\/\/www.jardipond.com\/wp-content\/uploads\/productImgs\/External\/PL220.png","contentUrl":"https:\/\/www.jardipond.com\/wp-content\/uploads\/productImgs\/External\/PL220.png","width":778,"height":822},{"@type":"BreadcrumbList","@id":"https:\/\/www.jardipond.com\/fr\/tienda\/global-edging\/complementos-acero\/esquinera-borduline-marron-100mm\/#breadcrumb","itemListElement":[{"@type":"ListItem","position":1,"name":"Portada","item":"https:\/\/www.jardipond.com\/fr\/"},{"@type":"ListItem","position":2,"name":"Cat\u00e1logo","item":"https:\/\/www.jardipond.com\/tienda\/"},{"@type":"ListItem","position":3,"name":"Esquinera Borduline Marr\u00f3n 100mm"}]},{"@type":"WebSite","@id":"https:\/\/www.jardipond.com\/fr\/#website","url":"https:\/\/www.jardipond.com\/fr\/","name":"Jard\u00ed Pond","description":"","publisher":{"@id":"https:\/\/www.jardipond.com\/fr\/#organization"},"potentialAction":[{"@type":"SearchAction","target":{"@type":"EntryPoint","urlTemplate":"https:\/\/www.jardipond.com\/fr\/?s={search_term_string}"},"query-input":{"@type":"PropertyValueSpecification","valueRequired":true,"valueName":"search_term_string"}}],"inLanguage":"fr-FR"},{"@type":"Organization","@id":"https:\/\/www.jardipond.com\/fr\/#organization","name":"Jard\u00ed Pond","url":"https:\/\/www.jardipond.com\/fr\/","logo":{"@type":"ImageObject","inLanguage":"fr-FR","@id":"https:\/\/www.jardipond.com\/fr\/#\/schema\/logo\/image\/","url":"https:\/\/www.jardipond.com\/wp-content\/uploads\/2025\/05\/cropped-default.jpg","contentUrl":"https:\/\/www.jardipond.com\/wp-content\/uploads\/2025\/05\/cropped-default.jpg","width":157,"height":157,"caption":"Jard\u00ed Pond"},"image":{"@id":"https:\/\/www.jardipond.com\/fr\/#\/schema\/logo\/image\/"}}]}},"_links":{"self":[{"href":"https:\/\/www.jardipond.com\/fr\/wp-json\/wp\/v2\/product\/7952"}],"collection":[{"href":"https:\/\/www.jardipond.com\/fr\/wp-json\/wp\/v2\/product"}],"about":[{"href":"https:\/\/www.jardipond.com\/fr\/wp-json\/wp\/v2\/types\/product"}],"replies":[{"embeddable":true,"href":"https:\/\/www.jardipond.com\/fr\/wp-json\/wp\/v2\/comments?post=7952"}],"wp:featuredmedia":[{"embeddable":true,"href":"https:\/\/www.jardipond.com\/fr\/wp-json\/wp\/v2\/media\/86692"}],"wp:attachment":[{"href":"https:\/\/www.jardipond.com\/fr\/wp-json\/wp\/v2\/media?parent=7952"}],"wp:term":[{"taxonomy":"product_cat","embeddable":true,"href":"https:\/\/www.jardipond.com\/fr\/wp-json\/wp\/v2\/product_cat?post=7952"},{"taxonomy":"product_tag","embeddable":true,"href":"https:\/\/www.jardipond.com\/fr\/wp-json\/wp\/v2\/product_tag?post=7952"}],"curies":[{"name":"wp","href":"https:\/\/api.w.org\/{rel}","templated":true}]}}