{"id":7979,"date":"2025-03-17T09:27:48","date_gmt":"2025-03-17T08:27:48","guid":{"rendered":"https:\/\/www.jardipond.com\/tienda\/sin%20categor\u00eda\/gaviopond-kubik\/"},"modified":"2026-05-01T03:03:35","modified_gmt":"2026-05-01T02:03:35","slug":"gaviopond-kubik","status":"publish","type":"product","link":"https:\/\/www.jardipond.com\/fr\/tienda\/decomax\/gaviones\/gaviopond-kubik\/","title":{"rendered":"Gaviopond Kubik"},"content":{"rendered":"<p><span style=\"font-size: 12px\">Los <strong>gaviones Decomax Gaviopond Kubik<\/strong> son estructuras modulares de <strong>malla de alambre galvanizada<\/strong>, ensambladas con <strong>espirales<\/strong> y listas para rellenar con piedra decorativa.<br \/>Ofrecen soluciones vers\u00e1tiles para proyectos de <strong>paisajismo, jardiner\u00eda y urbanismo<\/strong>: separaci\u00f3n de espacios, muros de contenci\u00f3n ligeros, pantallas ac\u00fasticas y elementos decorativos.<\/span><\/p>\n<h6><span style=\"font-size: 12px\"><strong>Especificaciones<\/strong><\/span><\/h6>\n<ul>\n<li><span style=\"font-size: 12px\"><strong>Alambre galvanizado<\/strong> (BS443 \/ EN10244-2:2001).<\/span><\/li>\n<li><span style=\"font-size: 12px\">Di\u00e1metro: <strong>4 mm<\/strong>.Malla: <strong>50 x 50 mm<\/strong>.<\/span><\/li>\n<li><span style=\"font-size: 12px\">Sistema de uni\u00f3n: <strong>espirales<\/strong>.<\/span><\/li>\n<li><span style=\"font-size: 12px\">Presentaci\u00f3n: <strong>kit desmontado<\/strong>.<\/span><\/li>\n<li><span style=\"font-size: 12px\">Piedra recomendada: <strong>40 &#8211; 100 mm<\/strong>.<\/span><\/li>\n<\/ul>\n<h6><span style=\"font-size: 12px\"><strong>Ventajas<\/strong><\/span><\/h6>\n<ul>\n<li><span style=\"font-size: 12px\">Alta durabilidad: &gt; 50 a\u00f1os.<\/span><\/li>\n<li><span style=\"font-size: 12px\">Gran resistencia a la intemperie<\/span><\/li>\n<li><span style=\"font-size: 12px\">Entrega en kit desmontado, f\u00e1cil instalaci\u00f3n.<\/span><\/li>\n<li><span style=\"font-size: 12px\">Personalizaci\u00f3n con piedra de relleno a elecci\u00f3n.<\/span><\/li>\n<li><span style=\"font-size: 12px\">Aplicaciones m\u00faltiples: muros, fachadas, jardines, parques.<br \/>\n<\/span><\/li>\n<\/ul>\n<h6><\/h6>\n","protected":false},"excerpt":{"rendered":"<p><span style=\"font-size: 12px\">Los <strong>gaviones Decomax Gaviopond Kubik<\/strong> son estructuras modulares de <strong>malla de alambre galvanizada<\/strong>, ensambladas con <strong>espirales<\/strong> y listas para rellenar con piedra decorativa.<br \/>Ofrecen soluciones vers\u00e1tiles para proyectos de <strong>paisajismo, jardiner\u00eda y urbanismo<\/strong>: separaci\u00f3n de espacios, muros de contenci\u00f3n ligeros, pantallas ac\u00fasticas y elementos decorativos.<\/span><\/p>\n<h6><span style=\"font-size: 12px\"><strong>Especificaciones<\/strong><\/span><\/h6>\n<ul>\n<li><span style=\"font-size: 12px\"><strong>Alambre galvanizado<\/strong> (BS443 \/ EN10244-2:2001).<\/span><\/li>\n<li><span style=\"font-size: 12px\">Di\u00e1metro: <strong>4 mm<\/strong>.Malla: <strong>50 x 50 mm<\/strong>.<\/span><\/li>\n<li><span style=\"font-size: 12px\">Sistema de uni\u00f3n: <strong>espirales<\/strong>.<\/span><\/li>\n<li><span style=\"font-size: 12px\">Presentaci\u00f3n: <strong>kit desmontado<\/strong>.<\/span><\/li>\n<li><span style=\"font-size: 12px\">Piedra recomendada: <strong>40 &#8211; 100 mm<\/strong>.<\/span><\/li>\n<\/ul>\n<h6><span style=\"font-size: 12px\"><strong>Ventajas<\/strong><\/span><\/h6>\n<ul>\n<li><span style=\"font-size: 12px\">Alta durabilidad: &gt; 50 a\u00f1os.<\/span><\/li>\n<li><span style=\"font-size: 12px\">Gran resistencia a la intemperie<\/span><\/li>\n<li><span style=\"font-size: 12px\">Entrega en kit desmontado, f\u00e1cil instalaci\u00f3n.<\/span><\/li>\n<li><span style=\"font-size: 12px\">Personalizaci\u00f3n con piedra de relleno a elecci\u00f3n.<\/span><\/li>\n<li><span style=\"font-size: 12px\">Aplicaciones m\u00faltiples: muros, fachadas, jardines, parques.<br \/>\n<\/span><\/li>\n<\/ul>\n<h6><\/h6>\n","protected":false},"featured_media":88183,"comment_status":"open","ping_status":"closed","template":"","meta":{"_acf_changed":false},"product_cat":[50,312],"product_tag":[],"class_list":{"0":"post-7979","1":"product","2":"type-product","3":"status-publish","4":"has-post-thumbnail","6":"product_cat-decomax","7":"product_cat-gaviones","9":"first","10":"instock","11":"shipping-taxable","12":"purchasable","13":"product-type-simple"},"acf":[],"yoast_head":"<!-- This site is optimized with the Yoast SEO plugin v23.4 - https:\/\/yoast.com\/wordpress\/plugins\/seo\/ -->\n<title>Cat\u00e1logo Online de Jardiner\u00eda. Descubre todos nuestros productos | Jard\u00ed Pond<\/title>\n<meta name=\"description\" content=\"Explora todo el cat\u00e1logo de Jard\u00ed Pond y solicita presupuesto para tus proyectos de jardiner\u00eda y paisajismo directamente online.\" \/>\n<meta name=\"robots\" content=\"index, follow, max-snippet:-1, max-image-preview:large, max-video-preview:-1\" \/>\n<link rel=\"canonical\" href=\"https:\/\/www.jardipond.com\/fr\/tienda\/decomax\/gaviones\/gaviopond-kubik\/\" \/>\n<meta property=\"og:locale\" content=\"fr_FR\" \/>\n<meta property=\"og:type\" content=\"article\" \/>\n<meta property=\"og:title\" content=\"Cat\u00e1logo Online de Jardiner\u00eda. Descubre todos nuestros productos | Jard\u00ed Pond\" \/>\n<meta property=\"og:description\" content=\"Explora todo el cat\u00e1logo de Jard\u00ed Pond y solicita presupuesto para tus proyectos de jardiner\u00eda y paisajismo directamente online.\" \/>\n<meta property=\"og:url\" content=\"https:\/\/www.jardipond.com\/fr\/tienda\/decomax\/gaviones\/gaviopond-kubik\/\" \/>\n<meta property=\"og:site_name\" content=\"Jard\u00ed Pond\" \/>\n<meta property=\"article:modified_time\" content=\"2026-05-01T02:03:35+00:00\" \/>\n<meta property=\"og:image\" content=\"https:\/\/www.jardipond.com\/wp-content\/uploads\/productImgs\/External\/1233.png\" \/>\n\t<meta property=\"og:image:width\" content=\"216\" \/>\n\t<meta property=\"og:image:height\" content=\"215\" \/>\n\t<meta property=\"og:image:type\" content=\"image\/png\" \/>\n<meta name=\"twitter:card\" content=\"summary_large_image\" \/>\n<meta name=\"twitter:label1\" content=\"Dur\u00e9e de lecture estim\u00e9e\" \/>\n\t<meta name=\"twitter:data1\" content=\"1 minute\" \/>\n<script type=\"application\/ld+json\" class=\"yoast-schema-graph\">{\"@context\":\"https:\/\/schema.org\",\"@graph\":[{\"@type\":\"WebPage\",\"@id\":\"https:\/\/www.jardipond.com\/fr\/tienda\/decomax\/gaviones\/gaviopond-kubik\/\",\"url\":\"https:\/\/www.jardipond.com\/fr\/tienda\/decomax\/gaviones\/gaviopond-kubik\/\",\"name\":\"Cat\u00e1logo Online de Jardiner\u00eda. Descubre todos nuestros productos | Jard\u00ed Pond\",\"isPartOf\":{\"@id\":\"https:\/\/www.jardipond.com\/fr\/#website\"},\"primaryImageOfPage\":{\"@id\":\"https:\/\/www.jardipond.com\/fr\/tienda\/decomax\/gaviones\/gaviopond-kubik\/#primaryimage\"},\"image\":{\"@id\":\"https:\/\/www.jardipond.com\/fr\/tienda\/decomax\/gaviones\/gaviopond-kubik\/#primaryimage\"},\"thumbnailUrl\":\"https:\/\/www.jardipond.com\/wp-content\/uploads\/productImgs\/External\/1233.png\",\"datePublished\":\"2025-03-17T08:27:48+00:00\",\"dateModified\":\"2026-05-01T02:03:35+00:00\",\"description\":\"Explora todo el cat\u00e1logo de Jard\u00ed Pond y solicita presupuesto para tus proyectos de jardiner\u00eda y paisajismo directamente online.\",\"breadcrumb\":{\"@id\":\"https:\/\/www.jardipond.com\/fr\/tienda\/decomax\/gaviones\/gaviopond-kubik\/#breadcrumb\"},\"inLanguage\":\"fr-FR\",\"potentialAction\":[{\"@type\":\"ReadAction\",\"target\":[\"https:\/\/www.jardipond.com\/fr\/tienda\/decomax\/gaviones\/gaviopond-kubik\/\"]}]},{\"@type\":\"ImageObject\",\"inLanguage\":\"fr-FR\",\"@id\":\"https:\/\/www.jardipond.com\/fr\/tienda\/decomax\/gaviones\/gaviopond-kubik\/#primaryimage\",\"url\":\"https:\/\/www.jardipond.com\/wp-content\/uploads\/productImgs\/External\/1233.png\",\"contentUrl\":\"https:\/\/www.jardipond.com\/wp-content\/uploads\/productImgs\/External\/1233.png\",\"width\":216,\"height\":215},{\"@type\":\"BreadcrumbList\",\"@id\":\"https:\/\/www.jardipond.com\/fr\/tienda\/decomax\/gaviones\/gaviopond-kubik\/#breadcrumb\",\"itemListElement\":[{\"@type\":\"ListItem\",\"position\":1,\"name\":\"Portada\",\"item\":\"https:\/\/www.jardipond.com\/fr\/\"},{\"@type\":\"ListItem\",\"position\":2,\"name\":\"Cat\u00e1logo\",\"item\":\"https:\/\/www.jardipond.com\/tienda\/\"},{\"@type\":\"ListItem\",\"position\":3,\"name\":\"Gaviopond Kubik\"}]},{\"@type\":\"WebSite\",\"@id\":\"https:\/\/www.jardipond.com\/fr\/#website\",\"url\":\"https:\/\/www.jardipond.com\/fr\/\",\"name\":\"Jard\u00ed Pond\",\"description\":\"\",\"publisher\":{\"@id\":\"https:\/\/www.jardipond.com\/fr\/#organization\"},\"potentialAction\":[{\"@type\":\"SearchAction\",\"target\":{\"@type\":\"EntryPoint\",\"urlTemplate\":\"https:\/\/www.jardipond.com\/fr\/?s={search_term_string}\"},\"query-input\":{\"@type\":\"PropertyValueSpecification\",\"valueRequired\":true,\"valueName\":\"search_term_string\"}}],\"inLanguage\":\"fr-FR\"},{\"@type\":\"Organization\",\"@id\":\"https:\/\/www.jardipond.com\/fr\/#organization\",\"name\":\"Jard\u00ed Pond\",\"url\":\"https:\/\/www.jardipond.com\/fr\/\",\"logo\":{\"@type\":\"ImageObject\",\"inLanguage\":\"fr-FR\",\"@id\":\"https:\/\/www.jardipond.com\/fr\/#\/schema\/logo\/image\/\",\"url\":\"https:\/\/www.jardipond.com\/wp-content\/uploads\/2025\/05\/cropped-default.jpg\",\"contentUrl\":\"https:\/\/www.jardipond.com\/wp-content\/uploads\/2025\/05\/cropped-default.jpg\",\"width\":157,\"height\":157,\"caption\":\"Jard\u00ed Pond\"},\"image\":{\"@id\":\"https:\/\/www.jardipond.com\/fr\/#\/schema\/logo\/image\/\"}}]}<\/script>\n<!-- \/ Yoast SEO plugin. -->","yoast_head_json":{"title":"Cat\u00e1logo Online de Jardiner\u00eda. Descubre todos nuestros productos | Jard\u00ed Pond","description":"Explora todo el cat\u00e1logo de Jard\u00ed Pond y solicita presupuesto para tus proyectos de jardiner\u00eda y paisajismo directamente online.","robots":{"index":"index","follow":"follow","max-snippet":"max-snippet:-1","max-image-preview":"max-image-preview:large","max-video-preview":"max-video-preview:-1"},"canonical":"https:\/\/www.jardipond.com\/fr\/tienda\/decomax\/gaviones\/gaviopond-kubik\/","og_locale":"fr_FR","og_type":"article","og_title":"Cat\u00e1logo Online de Jardiner\u00eda. Descubre todos nuestros productos | Jard\u00ed Pond","og_description":"Explora todo el cat\u00e1logo de Jard\u00ed Pond y solicita presupuesto para tus proyectos de jardiner\u00eda y paisajismo directamente online.","og_url":"https:\/\/www.jardipond.com\/fr\/tienda\/decomax\/gaviones\/gaviopond-kubik\/","og_site_name":"Jard\u00ed Pond","article_modified_time":"2026-05-01T02:03:35+00:00","og_image":[{"width":216,"height":215,"url":"https:\/\/www.jardipond.com\/wp-content\/uploads\/productImgs\/External\/1233.png","type":"image\/png"}],"twitter_card":"summary_large_image","twitter_misc":{"Dur\u00e9e de lecture estim\u00e9e":"1 minute"},"schema":{"@context":"https:\/\/schema.org","@graph":[{"@type":"WebPage","@id":"https:\/\/www.jardipond.com\/fr\/tienda\/decomax\/gaviones\/gaviopond-kubik\/","url":"https:\/\/www.jardipond.com\/fr\/tienda\/decomax\/gaviones\/gaviopond-kubik\/","name":"Cat\u00e1logo Online de Jardiner\u00eda. Descubre todos nuestros productos | Jard\u00ed Pond","isPartOf":{"@id":"https:\/\/www.jardipond.com\/fr\/#website"},"primaryImageOfPage":{"@id":"https:\/\/www.jardipond.com\/fr\/tienda\/decomax\/gaviones\/gaviopond-kubik\/#primaryimage"},"image":{"@id":"https:\/\/www.jardipond.com\/fr\/tienda\/decomax\/gaviones\/gaviopond-kubik\/#primaryimage"},"thumbnailUrl":"https:\/\/www.jardipond.com\/wp-content\/uploads\/productImgs\/External\/1233.png","datePublished":"2025-03-17T08:27:48+00:00","dateModified":"2026-05-01T02:03:35+00:00","description":"Explora todo el cat\u00e1logo de Jard\u00ed Pond y solicita presupuesto para tus proyectos de jardiner\u00eda y paisajismo directamente online.","breadcrumb":{"@id":"https:\/\/www.jardipond.com\/fr\/tienda\/decomax\/gaviones\/gaviopond-kubik\/#breadcrumb"},"inLanguage":"fr-FR","potentialAction":[{"@type":"ReadAction","target":["https:\/\/www.jardipond.com\/fr\/tienda\/decomax\/gaviones\/gaviopond-kubik\/"]}]},{"@type":"ImageObject","inLanguage":"fr-FR","@id":"https:\/\/www.jardipond.com\/fr\/tienda\/decomax\/gaviones\/gaviopond-kubik\/#primaryimage","url":"https:\/\/www.jardipond.com\/wp-content\/uploads\/productImgs\/External\/1233.png","contentUrl":"https:\/\/www.jardipond.com\/wp-content\/uploads\/productImgs\/External\/1233.png","width":216,"height":215},{"@type":"BreadcrumbList","@id":"https:\/\/www.jardipond.com\/fr\/tienda\/decomax\/gaviones\/gaviopond-kubik\/#breadcrumb","itemListElement":[{"@type":"ListItem","position":1,"name":"Portada","item":"https:\/\/www.jardipond.com\/fr\/"},{"@type":"ListItem","position":2,"name":"Cat\u00e1logo","item":"https:\/\/www.jardipond.com\/tienda\/"},{"@type":"ListItem","position":3,"name":"Gaviopond Kubik"}]},{"@type":"WebSite","@id":"https:\/\/www.jardipond.com\/fr\/#website","url":"https:\/\/www.jardipond.com\/fr\/","name":"Jard\u00ed Pond","description":"","publisher":{"@id":"https:\/\/www.jardipond.com\/fr\/#organization"},"potentialAction":[{"@type":"SearchAction","target":{"@type":"EntryPoint","urlTemplate":"https:\/\/www.jardipond.com\/fr\/?s={search_term_string}"},"query-input":{"@type":"PropertyValueSpecification","valueRequired":true,"valueName":"search_term_string"}}],"inLanguage":"fr-FR"},{"@type":"Organization","@id":"https:\/\/www.jardipond.com\/fr\/#organization","name":"Jard\u00ed Pond","url":"https:\/\/www.jardipond.com\/fr\/","logo":{"@type":"ImageObject","inLanguage":"fr-FR","@id":"https:\/\/www.jardipond.com\/fr\/#\/schema\/logo\/image\/","url":"https:\/\/www.jardipond.com\/wp-content\/uploads\/2025\/05\/cropped-default.jpg","contentUrl":"https:\/\/www.jardipond.com\/wp-content\/uploads\/2025\/05\/cropped-default.jpg","width":157,"height":157,"caption":"Jard\u00ed Pond"},"image":{"@id":"https:\/\/www.jardipond.com\/fr\/#\/schema\/logo\/image\/"}}]}},"_links":{"self":[{"href":"https:\/\/www.jardipond.com\/fr\/wp-json\/wp\/v2\/product\/7979"}],"collection":[{"href":"https:\/\/www.jardipond.com\/fr\/wp-json\/wp\/v2\/product"}],"about":[{"href":"https:\/\/www.jardipond.com\/fr\/wp-json\/wp\/v2\/types\/product"}],"replies":[{"embeddable":true,"href":"https:\/\/www.jardipond.com\/fr\/wp-json\/wp\/v2\/comments?post=7979"}],"wp:featuredmedia":[{"embeddable":true,"href":"https:\/\/www.jardipond.com\/fr\/wp-json\/wp\/v2\/media\/88183"}],"wp:attachment":[{"href":"https:\/\/www.jardipond.com\/fr\/wp-json\/wp\/v2\/media?parent=7979"}],"wp:term":[{"taxonomy":"product_cat","embeddable":true,"href":"https:\/\/www.jardipond.com\/fr\/wp-json\/wp\/v2\/product_cat?post=7979"},{"taxonomy":"product_tag","embeddable":true,"href":"https:\/\/www.jardipond.com\/fr\/wp-json\/wp\/v2\/product_tag?post=7979"}],"curies":[{"name":"wp","href":"https:\/\/api.w.org\/{rel}","templated":true}]}}