{"id":7984,"date":"2025-03-17T09:27:51","date_gmt":"2025-03-17T08:27:51","guid":{"rendered":"https:\/\/www.jardipond.com\/tienda\/sin%20categor\u00eda\/geocelda-celdapond-placa-325-m2\/"},"modified":"2026-04-10T09:43:25","modified_gmt":"2026-04-10T08:43:25","slug":"geocelda-celdapond-placa-325-m2","status":"publish","type":"product","link":"https:\/\/www.jardipond.com\/fr\/tienda\/estabex\/geocelda\/geocelda-celdapond-placa-325-m2\/","title":{"rendered":"Geocelda Celdapond Placa 32,5 m2"},"content":{"rendered":"<p><span style=\"font-size: 12px\">La <strong>Geocelda Celdapond<\/strong> es un sistema de <strong>geoceldas tridimensionales<\/strong> fabricadas en <strong>HDPE estabilizado UV<\/strong>, dise\u00f1ado para la <strong>estabilizaci\u00f3n de suelos<\/strong>, el <strong>control de erosi\u00f3n<\/strong> y el <strong>refuerzo de superficies expuestas<\/strong>. Gracias a su estructura en forma de <strong>panal tridimensional<\/strong>, retiene tierras y part\u00edculas, permitiendo al mismo tiempo el <strong>paso del agua<\/strong>, lo que la hace ideal para taludes, cauces, zonas de tr\u00e1nsito, y refuerzo de terrenos.<\/span><\/p>\n<p><span style=\"font-size: 12px\">Se rellena f\u00e1cilmente con <strong>tierra, gravas, \u00e1ridos o materiales vegetales<\/strong> y puede combinarse con mantas org\u00e1nicas o t\u00e9cnicas de revegetaci\u00f3n para reforzar su efectividad en taludes de fuerte pendiente.<\/span><\/p>\n<h6><span style=\"font-size: 12px\"><strong>Aplicaciones profesionales<\/strong><\/span><\/h6>\n<ul>\n<li><span style=\"font-size: 12px\"><strong>Control de erosi\u00f3n<\/strong> en taludes y laderas.<\/span><\/li>\n<li><span style=\"font-size: 12px\">Refuerzo y protecci\u00f3n de <strong>cauces y m\u00e1rgenes de r\u00edos<\/strong>.<\/span><\/li>\n<li><span style=\"font-size: 12px\">Estabilizaci\u00f3n de suelos en <strong>carreteras<\/strong>, <strong>v\u00edas f\u00e9rreas<\/strong> y <strong>pavimentos drenantes<\/strong>.<\/span><\/li>\n<li><span style=\"font-size: 12px\">Soporte de cargas en <strong>zonas de tr\u00e1nsito<\/strong> (peatonal o rodado).<\/span><\/li>\n<li><span style=\"font-size: 12px\">Refuerzo de suelos en taludes con <strong>plantaci\u00f3n<\/strong> (c\u00e9sped, hidrosiembra).<\/span><\/li>\n<li><span style=\"font-size: 12px\">Protecci\u00f3n de taludes en zonas industriales o infraestructuras.<br \/>\n<\/span><\/li>\n<\/ul>\n<h6><span style=\"font-size: 12px\"><strong>Ventajas<\/strong><\/span><\/h6>\n<ul>\n<li><span style=\"font-size: 12px\">Estructura <strong>tridimensional<\/strong>: retiene tierras y permite el drenaje.Alta resistencia a la <strong>tensi\u00f3n<\/strong>, a la <strong>rotura<\/strong> y a la <strong>degradaci\u00f3n ambiental<\/strong>.<\/span><\/li>\n<li><span style=\"font-size: 12px\"><strong>Estabilizada UV<\/strong>, apta para uso exterior prolongado.Flexible: se adapta a la forma del terreno.<\/span><\/li>\n<li><span style=\"font-size: 12px\">Permite rellenado con diversos materiales (<strong>tierra, gravas, \u00e1ridos<\/strong>).<\/span><\/li>\n<li><span style=\"font-size: 12px\">Compatible con t\u00e9cnicas de <strong>revegetaci\u00f3n<\/strong>.<\/span><\/li>\n<li><span style=\"font-size: 12px\">Se recomienda reforzar en taludes con mantas org\u00e1nicas e hidrosiembra.<\/span><\/li>\n<li><span style=\"font-size: 12px\"><strong>F\u00e1cil instalaci\u00f3n<\/strong>.<\/span><\/li>\n<\/ul>\n","protected":false},"excerpt":{"rendered":"<p><span style=\"font-size: 12px\">La <strong>Geocelda Celdapond<\/strong> es un sistema de <strong>geoceldas tridimensionales<\/strong> fabricadas en <strong>HDPE estabilizado UV<\/strong>, dise\u00f1ado para la <strong>estabilizaci\u00f3n de suelos<\/strong>, el <strong>control de erosi\u00f3n<\/strong> y el <strong>refuerzo de superficies expuestas<\/strong>. Gracias a su estructura en forma de <strong>panal tridimensional<\/strong>, retiene tierras y part\u00edculas, permitiendo al mismo tiempo el <strong>paso del agua<\/strong>, lo que la hace ideal para taludes, cauces, zonas de tr\u00e1nsito, y refuerzo de terrenos.<\/span><\/p>\n<p><span style=\"font-size: 12px\">Se rellena f\u00e1cilmente con <strong>tierra, gravas, \u00e1ridos o materiales vegetales<\/strong> y puede combinarse con mantas org\u00e1nicas o t\u00e9cnicas de revegetaci\u00f3n para reforzar su efectividad en taludes de fuerte pendiente.<\/span><\/p>\n<h6><span style=\"font-size: 12px\"><strong>Aplicaciones profesionales<\/strong><\/span><\/h6>\n<ul>\n<li><span style=\"font-size: 12px\"><strong>Control de erosi\u00f3n<\/strong> en taludes y laderas.<\/span><\/li>\n<li><span style=\"font-size: 12px\">Refuerzo y protecci\u00f3n de <strong>cauces y m\u00e1rgenes de r\u00edos<\/strong>.<\/span><\/li>\n<li><span style=\"font-size: 12px\">Estabilizaci\u00f3n de suelos en <strong>carreteras<\/strong>, <strong>v\u00edas f\u00e9rreas<\/strong> y <strong>pavimentos drenantes<\/strong>.<\/span><\/li>\n<li><span style=\"font-size: 12px\">Soporte de cargas en <strong>zonas de tr\u00e1nsito<\/strong> (peatonal o rodado).<\/span><\/li>\n<li><span style=\"font-size: 12px\">Refuerzo de suelos en taludes con <strong>plantaci\u00f3n<\/strong> (c\u00e9sped, hidrosiembra).<\/span><\/li>\n<li><span style=\"font-size: 12px\">Protecci\u00f3n de taludes en zonas industriales o infraestructuras.<br \/>\n<\/span><\/li>\n<\/ul>\n<h6><span style=\"font-size: 12px\"><strong>Ventajas<\/strong><\/span><\/h6>\n<ul>\n<li><span style=\"font-size: 12px\">Estructura <strong>tridimensional<\/strong>: retiene tierras y permite el drenaje.Alta resistencia a la <strong>tensi\u00f3n<\/strong>, a la <strong>rotura<\/strong> y a la <strong>degradaci\u00f3n ambiental<\/strong>.<\/span><\/li>\n<li><span style=\"font-size: 12px\"><strong>Estabilizada UV<\/strong>, apta para uso exterior prolongado.Flexible: se adapta a la forma del terreno.<\/span><\/li>\n<li><span style=\"font-size: 12px\">Permite rellenado con diversos materiales (<strong>tierra, gravas, \u00e1ridos<\/strong>).<\/span><\/li>\n<li><span style=\"font-size: 12px\">Compatible con t\u00e9cnicas de <strong>revegetaci\u00f3n<\/strong>.<\/span><\/li>\n<li><span style=\"font-size: 12px\">Se recomienda reforzar en taludes con mantas org\u00e1nicas e hidrosiembra.<\/span><\/li>\n<li><span style=\"font-size: 12px\"><strong>F\u00e1cil instalaci\u00f3n<\/strong>.<\/span><\/li>\n<\/ul>\n","protected":false},"featured_media":86714,"comment_status":"open","ping_status":"closed","template":"","meta":{"_acf_changed":false},"product_cat":[49,308],"product_tag":[],"class_list":{"0":"post-7984","1":"product","2":"type-product","3":"status-publish","4":"has-post-thumbnail","6":"product_cat-estabex","7":"product_cat-geocelda","9":"first","10":"instock","11":"shipping-taxable","12":"purchasable","13":"product-type-simple"},"acf":[],"yoast_head":"<!-- This site is optimized with the Yoast SEO plugin v23.4 - https:\/\/yoast.com\/wordpress\/plugins\/seo\/ -->\n<title>Cat\u00e1logo Online de Jardiner\u00eda. Descubre todos nuestros productos | Jard\u00ed Pond<\/title>\n<meta name=\"description\" content=\"Explora todo el cat\u00e1logo de Jard\u00ed Pond y solicita presupuesto para tus proyectos de jardiner\u00eda y paisajismo directamente online.\" \/>\n<meta name=\"robots\" content=\"index, follow, max-snippet:-1, max-image-preview:large, max-video-preview:-1\" \/>\n<link rel=\"canonical\" href=\"https:\/\/www.jardipond.com\/fr\/tienda\/estabex\/geocelda\/geocelda-celdapond-placa-325-m2\/\" \/>\n<meta property=\"og:locale\" content=\"fr_FR\" \/>\n<meta property=\"og:type\" content=\"article\" \/>\n<meta property=\"og:title\" content=\"Cat\u00e1logo Online de Jardiner\u00eda. Descubre todos nuestros productos | Jard\u00ed Pond\" \/>\n<meta property=\"og:description\" content=\"Explora todo el cat\u00e1logo de Jard\u00ed Pond y solicita presupuesto para tus proyectos de jardiner\u00eda y paisajismo directamente online.\" \/>\n<meta property=\"og:url\" content=\"https:\/\/www.jardipond.com\/fr\/tienda\/estabex\/geocelda\/geocelda-celdapond-placa-325-m2\/\" \/>\n<meta property=\"og:site_name\" content=\"Jard\u00ed Pond\" \/>\n<meta property=\"article:modified_time\" content=\"2026-04-10T08:43:25+00:00\" \/>\n<meta property=\"og:image\" content=\"https:\/\/www.jardipond.com\/wp-content\/uploads\/productImgs\/External\/1235-1024x1024.png\" \/>\n\t<meta property=\"og:image:width\" content=\"1024\" \/>\n\t<meta property=\"og:image:height\" content=\"1024\" \/>\n\t<meta property=\"og:image:type\" content=\"image\/png\" \/>\n<meta name=\"twitter:card\" content=\"summary_large_image\" \/>\n<meta name=\"twitter:label1\" content=\"Dur\u00e9e de lecture estim\u00e9e\" \/>\n\t<meta name=\"twitter:data1\" content=\"1 minute\" \/>\n<script type=\"application\/ld+json\" class=\"yoast-schema-graph\">{\"@context\":\"https:\/\/schema.org\",\"@graph\":[{\"@type\":\"WebPage\",\"@id\":\"https:\/\/www.jardipond.com\/fr\/tienda\/estabex\/geocelda\/geocelda-celdapond-placa-325-m2\/\",\"url\":\"https:\/\/www.jardipond.com\/fr\/tienda\/estabex\/geocelda\/geocelda-celdapond-placa-325-m2\/\",\"name\":\"Cat\u00e1logo Online de Jardiner\u00eda. Descubre todos nuestros productos | Jard\u00ed Pond\",\"isPartOf\":{\"@id\":\"https:\/\/www.jardipond.com\/fr\/#website\"},\"primaryImageOfPage\":{\"@id\":\"https:\/\/www.jardipond.com\/fr\/tienda\/estabex\/geocelda\/geocelda-celdapond-placa-325-m2\/#primaryimage\"},\"image\":{\"@id\":\"https:\/\/www.jardipond.com\/fr\/tienda\/estabex\/geocelda\/geocelda-celdapond-placa-325-m2\/#primaryimage\"},\"thumbnailUrl\":\"https:\/\/www.jardipond.com\/wp-content\/uploads\/productImgs\/External\/1235.png\",\"datePublished\":\"2025-03-17T08:27:51+00:00\",\"dateModified\":\"2026-04-10T08:43:25+00:00\",\"description\":\"Explora todo el cat\u00e1logo de Jard\u00ed Pond y solicita presupuesto para tus proyectos de jardiner\u00eda y paisajismo directamente online.\",\"breadcrumb\":{\"@id\":\"https:\/\/www.jardipond.com\/fr\/tienda\/estabex\/geocelda\/geocelda-celdapond-placa-325-m2\/#breadcrumb\"},\"inLanguage\":\"fr-FR\",\"potentialAction\":[{\"@type\":\"ReadAction\",\"target\":[\"https:\/\/www.jardipond.com\/fr\/tienda\/estabex\/geocelda\/geocelda-celdapond-placa-325-m2\/\"]}]},{\"@type\":\"ImageObject\",\"inLanguage\":\"fr-FR\",\"@id\":\"https:\/\/www.jardipond.com\/fr\/tienda\/estabex\/geocelda\/geocelda-celdapond-placa-325-m2\/#primaryimage\",\"url\":\"https:\/\/www.jardipond.com\/wp-content\/uploads\/productImgs\/External\/1235.png\",\"contentUrl\":\"https:\/\/www.jardipond.com\/wp-content\/uploads\/productImgs\/External\/1235.png\",\"width\":1920,\"height\":1920},{\"@type\":\"BreadcrumbList\",\"@id\":\"https:\/\/www.jardipond.com\/fr\/tienda\/estabex\/geocelda\/geocelda-celdapond-placa-325-m2\/#breadcrumb\",\"itemListElement\":[{\"@type\":\"ListItem\",\"position\":1,\"name\":\"Portada\",\"item\":\"https:\/\/www.jardipond.com\/fr\/\"},{\"@type\":\"ListItem\",\"position\":2,\"name\":\"Cat\u00e1logo\",\"item\":\"https:\/\/www.jardipond.com\/tienda\/\"},{\"@type\":\"ListItem\",\"position\":3,\"name\":\"Geocelda Celdapond Placa 32,5 m2\"}]},{\"@type\":\"WebSite\",\"@id\":\"https:\/\/www.jardipond.com\/fr\/#website\",\"url\":\"https:\/\/www.jardipond.com\/fr\/\",\"name\":\"Jard\u00ed Pond\",\"description\":\"\",\"publisher\":{\"@id\":\"https:\/\/www.jardipond.com\/fr\/#organization\"},\"potentialAction\":[{\"@type\":\"SearchAction\",\"target\":{\"@type\":\"EntryPoint\",\"urlTemplate\":\"https:\/\/www.jardipond.com\/fr\/?s={search_term_string}\"},\"query-input\":{\"@type\":\"PropertyValueSpecification\",\"valueRequired\":true,\"valueName\":\"search_term_string\"}}],\"inLanguage\":\"fr-FR\"},{\"@type\":\"Organization\",\"@id\":\"https:\/\/www.jardipond.com\/fr\/#organization\",\"name\":\"Jard\u00ed Pond\",\"url\":\"https:\/\/www.jardipond.com\/fr\/\",\"logo\":{\"@type\":\"ImageObject\",\"inLanguage\":\"fr-FR\",\"@id\":\"https:\/\/www.jardipond.com\/fr\/#\/schema\/logo\/image\/\",\"url\":\"https:\/\/www.jardipond.com\/wp-content\/uploads\/2025\/05\/cropped-default.jpg\",\"contentUrl\":\"https:\/\/www.jardipond.com\/wp-content\/uploads\/2025\/05\/cropped-default.jpg\",\"width\":157,\"height\":157,\"caption\":\"Jard\u00ed Pond\"},\"image\":{\"@id\":\"https:\/\/www.jardipond.com\/fr\/#\/schema\/logo\/image\/\"}}]}<\/script>\n<!-- \/ Yoast SEO plugin. -->","yoast_head_json":{"title":"Cat\u00e1logo Online de Jardiner\u00eda. Descubre todos nuestros productos | Jard\u00ed Pond","description":"Explora todo el cat\u00e1logo de Jard\u00ed Pond y solicita presupuesto para tus proyectos de jardiner\u00eda y paisajismo directamente online.","robots":{"index":"index","follow":"follow","max-snippet":"max-snippet:-1","max-image-preview":"max-image-preview:large","max-video-preview":"max-video-preview:-1"},"canonical":"https:\/\/www.jardipond.com\/fr\/tienda\/estabex\/geocelda\/geocelda-celdapond-placa-325-m2\/","og_locale":"fr_FR","og_type":"article","og_title":"Cat\u00e1logo Online de Jardiner\u00eda. Descubre todos nuestros productos | Jard\u00ed Pond","og_description":"Explora todo el cat\u00e1logo de Jard\u00ed Pond y solicita presupuesto para tus proyectos de jardiner\u00eda y paisajismo directamente online.","og_url":"https:\/\/www.jardipond.com\/fr\/tienda\/estabex\/geocelda\/geocelda-celdapond-placa-325-m2\/","og_site_name":"Jard\u00ed Pond","article_modified_time":"2026-04-10T08:43:25+00:00","og_image":[{"width":1024,"height":1024,"url":"https:\/\/www.jardipond.com\/wp-content\/uploads\/productImgs\/External\/1235-1024x1024.png","type":"image\/png"}],"twitter_card":"summary_large_image","twitter_misc":{"Dur\u00e9e de lecture estim\u00e9e":"1 minute"},"schema":{"@context":"https:\/\/schema.org","@graph":[{"@type":"WebPage","@id":"https:\/\/www.jardipond.com\/fr\/tienda\/estabex\/geocelda\/geocelda-celdapond-placa-325-m2\/","url":"https:\/\/www.jardipond.com\/fr\/tienda\/estabex\/geocelda\/geocelda-celdapond-placa-325-m2\/","name":"Cat\u00e1logo Online de Jardiner\u00eda. Descubre todos nuestros productos | Jard\u00ed Pond","isPartOf":{"@id":"https:\/\/www.jardipond.com\/fr\/#website"},"primaryImageOfPage":{"@id":"https:\/\/www.jardipond.com\/fr\/tienda\/estabex\/geocelda\/geocelda-celdapond-placa-325-m2\/#primaryimage"},"image":{"@id":"https:\/\/www.jardipond.com\/fr\/tienda\/estabex\/geocelda\/geocelda-celdapond-placa-325-m2\/#primaryimage"},"thumbnailUrl":"https:\/\/www.jardipond.com\/wp-content\/uploads\/productImgs\/External\/1235.png","datePublished":"2025-03-17T08:27:51+00:00","dateModified":"2026-04-10T08:43:25+00:00","description":"Explora todo el cat\u00e1logo de Jard\u00ed Pond y solicita presupuesto para tus proyectos de jardiner\u00eda y paisajismo directamente online.","breadcrumb":{"@id":"https:\/\/www.jardipond.com\/fr\/tienda\/estabex\/geocelda\/geocelda-celdapond-placa-325-m2\/#breadcrumb"},"inLanguage":"fr-FR","potentialAction":[{"@type":"ReadAction","target":["https:\/\/www.jardipond.com\/fr\/tienda\/estabex\/geocelda\/geocelda-celdapond-placa-325-m2\/"]}]},{"@type":"ImageObject","inLanguage":"fr-FR","@id":"https:\/\/www.jardipond.com\/fr\/tienda\/estabex\/geocelda\/geocelda-celdapond-placa-325-m2\/#primaryimage","url":"https:\/\/www.jardipond.com\/wp-content\/uploads\/productImgs\/External\/1235.png","contentUrl":"https:\/\/www.jardipond.com\/wp-content\/uploads\/productImgs\/External\/1235.png","width":1920,"height":1920},{"@type":"BreadcrumbList","@id":"https:\/\/www.jardipond.com\/fr\/tienda\/estabex\/geocelda\/geocelda-celdapond-placa-325-m2\/#breadcrumb","itemListElement":[{"@type":"ListItem","position":1,"name":"Portada","item":"https:\/\/www.jardipond.com\/fr\/"},{"@type":"ListItem","position":2,"name":"Cat\u00e1logo","item":"https:\/\/www.jardipond.com\/tienda\/"},{"@type":"ListItem","position":3,"name":"Geocelda Celdapond Placa 32,5 m2"}]},{"@type":"WebSite","@id":"https:\/\/www.jardipond.com\/fr\/#website","url":"https:\/\/www.jardipond.com\/fr\/","name":"Jard\u00ed Pond","description":"","publisher":{"@id":"https:\/\/www.jardipond.com\/fr\/#organization"},"potentialAction":[{"@type":"SearchAction","target":{"@type":"EntryPoint","urlTemplate":"https:\/\/www.jardipond.com\/fr\/?s={search_term_string}"},"query-input":{"@type":"PropertyValueSpecification","valueRequired":true,"valueName":"search_term_string"}}],"inLanguage":"fr-FR"},{"@type":"Organization","@id":"https:\/\/www.jardipond.com\/fr\/#organization","name":"Jard\u00ed Pond","url":"https:\/\/www.jardipond.com\/fr\/","logo":{"@type":"ImageObject","inLanguage":"fr-FR","@id":"https:\/\/www.jardipond.com\/fr\/#\/schema\/logo\/image\/","url":"https:\/\/www.jardipond.com\/wp-content\/uploads\/2025\/05\/cropped-default.jpg","contentUrl":"https:\/\/www.jardipond.com\/wp-content\/uploads\/2025\/05\/cropped-default.jpg","width":157,"height":157,"caption":"Jard\u00ed Pond"},"image":{"@id":"https:\/\/www.jardipond.com\/fr\/#\/schema\/logo\/image\/"}}]}},"_links":{"self":[{"href":"https:\/\/www.jardipond.com\/fr\/wp-json\/wp\/v2\/product\/7984"}],"collection":[{"href":"https:\/\/www.jardipond.com\/fr\/wp-json\/wp\/v2\/product"}],"about":[{"href":"https:\/\/www.jardipond.com\/fr\/wp-json\/wp\/v2\/types\/product"}],"replies":[{"embeddable":true,"href":"https:\/\/www.jardipond.com\/fr\/wp-json\/wp\/v2\/comments?post=7984"}],"wp:featuredmedia":[{"embeddable":true,"href":"https:\/\/www.jardipond.com\/fr\/wp-json\/wp\/v2\/media\/86714"}],"wp:attachment":[{"href":"https:\/\/www.jardipond.com\/fr\/wp-json\/wp\/v2\/media?parent=7984"}],"wp:term":[{"taxonomy":"product_cat","embeddable":true,"href":"https:\/\/www.jardipond.com\/fr\/wp-json\/wp\/v2\/product_cat?post=7984"},{"taxonomy":"product_tag","embeddable":true,"href":"https:\/\/www.jardipond.com\/fr\/wp-json\/wp\/v2\/product_tag?post=7984"}],"curies":[{"name":"wp","href":"https:\/\/api.w.org\/{rel}","templated":true}]}}