{"id":8398,"date":"2025-04-01T22:02:50","date_gmt":"2025-04-01T21:02:50","guid":{"rendered":"https:\/\/www.jardipond.com\/tienda\/sin%20categor\u00eda\/supradeck-perfil-escalera-teak-50x60x2200mm\/"},"modified":"2026-04-23T12:54:55","modified_gmt":"2026-04-23T11:54:55","slug":"supradeck-perfil-escalera-teak-50x60x2200mm","status":"publish","type":"product","link":"https:\/\/www.jardipond.com\/fr\/tienda\/supradeck\/complementos-tarima-sintetica\/supradeck-perfil-escalera-teak-50x60x2200mm\/","title":{"rendered":"Supradeck Perfil Escalera Teak 50x60x2200mm"},"content":{"rendered":"<p><span style=\"font-size: 12px\"><strong>Perfil de remate para pelda\u00f1os con acabado en color teca.<\/strong><\/span><\/p>\n<p><span style=\"font-size: 12px\"><br \/>\nEl <strong>Perfil Escalera Teak Supradeck<\/strong> ha sido dise\u00f1ado espec\u00edficamente para cubrir y proteger los cantos de pelda\u00f1os en instalaciones de tarima sint\u00e9tica. Ofrece un acabado seguro, est\u00e9tico y duradero, combinando perfectamente con la tarima Supradeck Teak.<\/span><\/p>\n<h6><span style=\"font-size: 12px\"><strong><br \/>Ventajas<\/strong><\/span><\/h6>\n<ul>\n<li><span style=\"font-size: 12px\">Remate robusto y est\u00e9tico para escalones<\/span><\/li>\n<li><span style=\"font-size: 12px\">Color teca coordinado con tarimas Supradeck Teak<\/span><\/li>\n<li><span style=\"font-size: 12px\">Perfil angular que proporciona seguridad en el borde del pelda\u00f1o<\/span><\/li>\n<li><span style=\"font-size: 12px\">Composite resistente a impactos, humedad y agentes externos<\/span><\/li>\n<li><span style=\"font-size: 12px\">F\u00e1cil de instalar sobre rastrelado o estructura existente<br \/>\n<\/span><\/li>\n<\/ul>\n<h6><span style=\"font-size: 12px\"><strong><br \/>Especificaciones<\/strong><\/span><\/h6>\n<table class=\"table table-bordered\">\n<thead>\n<tr>\n<th>\n<h6><span style=\"font-size: 12px\"><strong>Caracter\u00edstica<\/strong><\/span><\/h6>\n<\/th>\n<th>\n<h6><span style=\"font-size: 12px\"><strong>Valor<\/strong><\/span><\/h6>\n<\/th>\n<\/tr>\n<\/thead>\n<tbody>\n<tr>\n<td><span style=\"font-size: 12px\">Modelo<\/span><\/td>\n<td><span style=\"font-size: 12px\">Supradeck Perfil Escalera Teak<\/span><\/td>\n<\/tr>\n<tr>\n<td><span style=\"font-size: 12px\">Dimensiones (mm)<\/span><\/td>\n<td><span style=\"font-size: 12px\">50 x 60 x 2200<\/span><\/td>\n<\/tr>\n<tr>\n<td><span style=\"font-size: 12px\">Longitud \u00fatil<\/span><\/td>\n<td><span style=\"font-size: 12px\">2,20 m<\/span><\/td>\n<\/tr>\n<tr>\n<td><span style=\"font-size: 12px\">Forma<\/span><\/td>\n<td><span style=\"font-size: 12px\">Perfil en \u00e1ngulo recto<\/span><\/td>\n<\/tr>\n<tr>\n<td><span style=\"font-size: 12px\">Color<\/span><\/td>\n<td><span style=\"font-size: 12px\">Teak (s\u00edmil madera clara)<\/span><\/td>\n<\/tr>\n<tr>\n<td><span style=\"font-size: 12px\">Textura<\/span><\/td>\n<td><span style=\"font-size: 12px\">Irregular, acabado mate<\/span><\/td>\n<\/tr>\n<tr>\n<td><span style=\"font-size: 12px\">Material<\/span><\/td>\n<td><span style=\"font-size: 12px\">Composite (HDPE + fibra de madera)<\/span><\/td>\n<\/tr>\n<tr>\n<td><span style=\"font-size: 12px\">Aplicaci\u00f3n<\/span><\/td>\n<td><span style=\"font-size: 12px\">Remate frontal para pelda\u00f1os<\/span><\/td>\n<\/tr>\n<tr>\n<td><span style=\"font-size: 12px\">Compatibilidad<\/span><\/td>\n<td><span style=\"font-size: 12px\">Tarima Supradeck Teak<\/span><\/td>\n<\/tr>\n<\/tbody>\n<\/table>\n","protected":false},"excerpt":{"rendered":"<p><span style=\"font-size: 12px\"><strong>Perfil de remate para pelda\u00f1os con acabado en color teca.<\/strong><\/span><\/p>\n<p><span style=\"font-size: 12px\"><br \/>\nEl <strong>Perfil Escalera Teak Supradeck<\/strong> ha sido dise\u00f1ado espec\u00edficamente para cubrir y proteger los cantos de pelda\u00f1os en instalaciones de tarima sint\u00e9tica. Ofrece un acabado seguro, est\u00e9tico y duradero, combinando perfectamente con la tarima Supradeck Teak.<\/span><\/p>\n<h6><span style=\"font-size: 12px\"><strong><br \/>Ventajas<\/strong><\/span><\/h6>\n<ul>\n<li><span style=\"font-size: 12px\">Remate robusto y est\u00e9tico para escalones<\/span><\/li>\n<li><span style=\"font-size: 12px\">Color teca coordinado con tarimas Supradeck Teak<\/span><\/li>\n<li><span style=\"font-size: 12px\">Perfil angular que proporciona seguridad en el borde del pelda\u00f1o<\/span><\/li>\n<li><span style=\"font-size: 12px\">Composite resistente a impactos, humedad y agentes externos<\/span><\/li>\n<li><span style=\"font-size: 12px\">F\u00e1cil de instalar sobre rastrelado o estructura existente<br \/>\n<\/span><\/li>\n<\/ul>\n<h6><span style=\"font-size: 12px\"><strong><br \/>Especificaciones<\/strong><\/span><\/h6>\n<table class=\"table table-bordered\">\n<thead>\n<tr>\n<th>\n<h6><span style=\"font-size: 12px\"><strong>Caracter\u00edstica<\/strong><\/span><\/h6>\n<\/th>\n<th>\n<h6><span style=\"font-size: 12px\"><strong>Valor<\/strong><\/span><\/h6>\n<\/th>\n<\/tr>\n<\/thead>\n<tbody>\n<tr>\n<td><span style=\"font-size: 12px\">Modelo<\/span><\/td>\n<td><span style=\"font-size: 12px\">Supradeck Perfil Escalera Teak<\/span><\/td>\n<\/tr>\n<tr>\n<td><span style=\"font-size: 12px\">Dimensiones (mm)<\/span><\/td>\n<td><span style=\"font-size: 12px\">50 x 60 x 2200<\/span><\/td>\n<\/tr>\n<tr>\n<td><span style=\"font-size: 12px\">Longitud \u00fatil<\/span><\/td>\n<td><span style=\"font-size: 12px\">2,20 m<\/span><\/td>\n<\/tr>\n<tr>\n<td><span style=\"font-size: 12px\">Forma<\/span><\/td>\n<td><span style=\"font-size: 12px\">Perfil en \u00e1ngulo recto<\/span><\/td>\n<\/tr>\n<tr>\n<td><span style=\"font-size: 12px\">Color<\/span><\/td>\n<td><span style=\"font-size: 12px\">Teak (s\u00edmil madera clara)<\/span><\/td>\n<\/tr>\n<tr>\n<td><span style=\"font-size: 12px\">Textura<\/span><\/td>\n<td><span style=\"font-size: 12px\">Irregular, acabado mate<\/span><\/td>\n<\/tr>\n<tr>\n<td><span style=\"font-size: 12px\">Material<\/span><\/td>\n<td><span style=\"font-size: 12px\">Composite (HDPE + fibra de madera)<\/span><\/td>\n<\/tr>\n<tr>\n<td><span style=\"font-size: 12px\">Aplicaci\u00f3n<\/span><\/td>\n<td><span style=\"font-size: 12px\">Remate frontal para pelda\u00f1os<\/span><\/td>\n<\/tr>\n<tr>\n<td><span style=\"font-size: 12px\">Compatibilidad<\/span><\/td>\n<td><span style=\"font-size: 12px\">Tarima Supradeck Teak<\/span><\/td>\n<\/tr>\n<\/tbody>\n<\/table>\n","protected":false},"featured_media":87693,"comment_status":"open","ping_status":"closed","template":"","meta":{"_acf_changed":false},"product_cat":[43,299],"product_tag":[],"class_list":{"0":"post-8398","1":"product","2":"type-product","3":"status-publish","4":"has-post-thumbnail","6":"product_cat-supradeck","7":"product_cat-complementos-tarima-sintetica","9":"first","10":"outofstock","11":"shipping-taxable","12":"product-type-variable"},"acf":[],"yoast_head":"<!-- This site is optimized with the Yoast SEO plugin v23.4 - https:\/\/yoast.com\/wordpress\/plugins\/seo\/ -->\n<title>Cat\u00e1logo Online de Jardiner\u00eda. Descubre todos nuestros productos | Jard\u00ed Pond<\/title>\n<meta name=\"description\" content=\"Explora todo el cat\u00e1logo de Jard\u00ed Pond y solicita presupuesto para tus proyectos de jardiner\u00eda y paisajismo directamente online.\" \/>\n<meta name=\"robots\" content=\"index, follow, max-snippet:-1, max-image-preview:large, max-video-preview:-1\" \/>\n<link rel=\"canonical\" href=\"https:\/\/www.jardipond.com\/fr\/tienda\/supradeck\/complementos-tarima-sintetica\/supradeck-perfil-escalera-teak-50x60x2200mm\/\" \/>\n<meta property=\"og:locale\" content=\"fr_FR\" \/>\n<meta property=\"og:type\" content=\"article\" \/>\n<meta property=\"og:title\" content=\"Cat\u00e1logo Online de Jardiner\u00eda. Descubre todos nuestros productos | Jard\u00ed Pond\" \/>\n<meta property=\"og:description\" content=\"Explora todo el cat\u00e1logo de Jard\u00ed Pond y solicita presupuesto para tus proyectos de jardiner\u00eda y paisajismo directamente online.\" \/>\n<meta property=\"og:url\" content=\"https:\/\/www.jardipond.com\/fr\/tienda\/supradeck\/complementos-tarima-sintetica\/supradeck-perfil-escalera-teak-50x60x2200mm\/\" \/>\n<meta property=\"og:site_name\" content=\"Jard\u00ed Pond\" \/>\n<meta property=\"article:modified_time\" content=\"2026-04-23T11:54:55+00:00\" \/>\n<meta property=\"og:image\" content=\"https:\/\/www.jardipond.com\/wp-content\/uploads\/productImgs\/External\/SD361.png\" \/>\n\t<meta property=\"og:image:width\" content=\"778\" \/>\n\t<meta property=\"og:image:height\" content=\"822\" \/>\n\t<meta property=\"og:image:type\" content=\"image\/png\" \/>\n<meta name=\"twitter:card\" content=\"summary_large_image\" \/>\n<meta name=\"twitter:label1\" content=\"Dur\u00e9e de lecture estim\u00e9e\" \/>\n\t<meta name=\"twitter:data1\" content=\"1 minute\" \/>\n<script type=\"application\/ld+json\" class=\"yoast-schema-graph\">{\"@context\":\"https:\/\/schema.org\",\"@graph\":[{\"@type\":\"WebPage\",\"@id\":\"https:\/\/www.jardipond.com\/fr\/tienda\/supradeck\/complementos-tarima-sintetica\/supradeck-perfil-escalera-teak-50x60x2200mm\/\",\"url\":\"https:\/\/www.jardipond.com\/fr\/tienda\/supradeck\/complementos-tarima-sintetica\/supradeck-perfil-escalera-teak-50x60x2200mm\/\",\"name\":\"Cat\u00e1logo Online de Jardiner\u00eda. Descubre todos nuestros productos | Jard\u00ed Pond\",\"isPartOf\":{\"@id\":\"https:\/\/www.jardipond.com\/fr\/#website\"},\"primaryImageOfPage\":{\"@id\":\"https:\/\/www.jardipond.com\/fr\/tienda\/supradeck\/complementos-tarima-sintetica\/supradeck-perfil-escalera-teak-50x60x2200mm\/#primaryimage\"},\"image\":{\"@id\":\"https:\/\/www.jardipond.com\/fr\/tienda\/supradeck\/complementos-tarima-sintetica\/supradeck-perfil-escalera-teak-50x60x2200mm\/#primaryimage\"},\"thumbnailUrl\":\"https:\/\/www.jardipond.com\/wp-content\/uploads\/productImgs\/External\/SD361.png\",\"datePublished\":\"2025-04-01T21:02:50+00:00\",\"dateModified\":\"2026-04-23T11:54:55+00:00\",\"description\":\"Explora todo el cat\u00e1logo de Jard\u00ed Pond y solicita presupuesto para tus proyectos de jardiner\u00eda y paisajismo directamente online.\",\"breadcrumb\":{\"@id\":\"https:\/\/www.jardipond.com\/fr\/tienda\/supradeck\/complementos-tarima-sintetica\/supradeck-perfil-escalera-teak-50x60x2200mm\/#breadcrumb\"},\"inLanguage\":\"fr-FR\",\"potentialAction\":[{\"@type\":\"ReadAction\",\"target\":[\"https:\/\/www.jardipond.com\/fr\/tienda\/supradeck\/complementos-tarima-sintetica\/supradeck-perfil-escalera-teak-50x60x2200mm\/\"]}]},{\"@type\":\"ImageObject\",\"inLanguage\":\"fr-FR\",\"@id\":\"https:\/\/www.jardipond.com\/fr\/tienda\/supradeck\/complementos-tarima-sintetica\/supradeck-perfil-escalera-teak-50x60x2200mm\/#primaryimage\",\"url\":\"https:\/\/www.jardipond.com\/wp-content\/uploads\/productImgs\/External\/SD361.png\",\"contentUrl\":\"https:\/\/www.jardipond.com\/wp-content\/uploads\/productImgs\/External\/SD361.png\",\"width\":778,\"height\":822},{\"@type\":\"BreadcrumbList\",\"@id\":\"https:\/\/www.jardipond.com\/fr\/tienda\/supradeck\/complementos-tarima-sintetica\/supradeck-perfil-escalera-teak-50x60x2200mm\/#breadcrumb\",\"itemListElement\":[{\"@type\":\"ListItem\",\"position\":1,\"name\":\"Portada\",\"item\":\"https:\/\/www.jardipond.com\/fr\/\"},{\"@type\":\"ListItem\",\"position\":2,\"name\":\"Cat\u00e1logo\",\"item\":\"https:\/\/www.jardipond.com\/tienda\/\"},{\"@type\":\"ListItem\",\"position\":3,\"name\":\"Supradeck Perfil Escalera Teak 50x60x2200mm\"}]},{\"@type\":\"WebSite\",\"@id\":\"https:\/\/www.jardipond.com\/fr\/#website\",\"url\":\"https:\/\/www.jardipond.com\/fr\/\",\"name\":\"Jard\u00ed Pond\",\"description\":\"\",\"publisher\":{\"@id\":\"https:\/\/www.jardipond.com\/fr\/#organization\"},\"potentialAction\":[{\"@type\":\"SearchAction\",\"target\":{\"@type\":\"EntryPoint\",\"urlTemplate\":\"https:\/\/www.jardipond.com\/fr\/?s={search_term_string}\"},\"query-input\":{\"@type\":\"PropertyValueSpecification\",\"valueRequired\":true,\"valueName\":\"search_term_string\"}}],\"inLanguage\":\"fr-FR\"},{\"@type\":\"Organization\",\"@id\":\"https:\/\/www.jardipond.com\/fr\/#organization\",\"name\":\"Jard\u00ed Pond\",\"url\":\"https:\/\/www.jardipond.com\/fr\/\",\"logo\":{\"@type\":\"ImageObject\",\"inLanguage\":\"fr-FR\",\"@id\":\"https:\/\/www.jardipond.com\/fr\/#\/schema\/logo\/image\/\",\"url\":\"https:\/\/www.jardipond.com\/wp-content\/uploads\/2025\/05\/cropped-default.jpg\",\"contentUrl\":\"https:\/\/www.jardipond.com\/wp-content\/uploads\/2025\/05\/cropped-default.jpg\",\"width\":157,\"height\":157,\"caption\":\"Jard\u00ed Pond\"},\"image\":{\"@id\":\"https:\/\/www.jardipond.com\/fr\/#\/schema\/logo\/image\/\"}}]}<\/script>\n<!-- \/ Yoast SEO plugin. -->","yoast_head_json":{"title":"Cat\u00e1logo Online de Jardiner\u00eda. Descubre todos nuestros productos | Jard\u00ed Pond","description":"Explora todo el cat\u00e1logo de Jard\u00ed Pond y solicita presupuesto para tus proyectos de jardiner\u00eda y paisajismo directamente online.","robots":{"index":"index","follow":"follow","max-snippet":"max-snippet:-1","max-image-preview":"max-image-preview:large","max-video-preview":"max-video-preview:-1"},"canonical":"https:\/\/www.jardipond.com\/fr\/tienda\/supradeck\/complementos-tarima-sintetica\/supradeck-perfil-escalera-teak-50x60x2200mm\/","og_locale":"fr_FR","og_type":"article","og_title":"Cat\u00e1logo Online de Jardiner\u00eda. Descubre todos nuestros productos | Jard\u00ed Pond","og_description":"Explora todo el cat\u00e1logo de Jard\u00ed Pond y solicita presupuesto para tus proyectos de jardiner\u00eda y paisajismo directamente online.","og_url":"https:\/\/www.jardipond.com\/fr\/tienda\/supradeck\/complementos-tarima-sintetica\/supradeck-perfil-escalera-teak-50x60x2200mm\/","og_site_name":"Jard\u00ed Pond","article_modified_time":"2026-04-23T11:54:55+00:00","og_image":[{"width":778,"height":822,"url":"https:\/\/www.jardipond.com\/wp-content\/uploads\/productImgs\/External\/SD361.png","type":"image\/png"}],"twitter_card":"summary_large_image","twitter_misc":{"Dur\u00e9e de lecture estim\u00e9e":"1 minute"},"schema":{"@context":"https:\/\/schema.org","@graph":[{"@type":"WebPage","@id":"https:\/\/www.jardipond.com\/fr\/tienda\/supradeck\/complementos-tarima-sintetica\/supradeck-perfil-escalera-teak-50x60x2200mm\/","url":"https:\/\/www.jardipond.com\/fr\/tienda\/supradeck\/complementos-tarima-sintetica\/supradeck-perfil-escalera-teak-50x60x2200mm\/","name":"Cat\u00e1logo Online de Jardiner\u00eda. Descubre todos nuestros productos | Jard\u00ed Pond","isPartOf":{"@id":"https:\/\/www.jardipond.com\/fr\/#website"},"primaryImageOfPage":{"@id":"https:\/\/www.jardipond.com\/fr\/tienda\/supradeck\/complementos-tarima-sintetica\/supradeck-perfil-escalera-teak-50x60x2200mm\/#primaryimage"},"image":{"@id":"https:\/\/www.jardipond.com\/fr\/tienda\/supradeck\/complementos-tarima-sintetica\/supradeck-perfil-escalera-teak-50x60x2200mm\/#primaryimage"},"thumbnailUrl":"https:\/\/www.jardipond.com\/wp-content\/uploads\/productImgs\/External\/SD361.png","datePublished":"2025-04-01T21:02:50+00:00","dateModified":"2026-04-23T11:54:55+00:00","description":"Explora todo el cat\u00e1logo de Jard\u00ed Pond y solicita presupuesto para tus proyectos de jardiner\u00eda y paisajismo directamente online.","breadcrumb":{"@id":"https:\/\/www.jardipond.com\/fr\/tienda\/supradeck\/complementos-tarima-sintetica\/supradeck-perfil-escalera-teak-50x60x2200mm\/#breadcrumb"},"inLanguage":"fr-FR","potentialAction":[{"@type":"ReadAction","target":["https:\/\/www.jardipond.com\/fr\/tienda\/supradeck\/complementos-tarima-sintetica\/supradeck-perfil-escalera-teak-50x60x2200mm\/"]}]},{"@type":"ImageObject","inLanguage":"fr-FR","@id":"https:\/\/www.jardipond.com\/fr\/tienda\/supradeck\/complementos-tarima-sintetica\/supradeck-perfil-escalera-teak-50x60x2200mm\/#primaryimage","url":"https:\/\/www.jardipond.com\/wp-content\/uploads\/productImgs\/External\/SD361.png","contentUrl":"https:\/\/www.jardipond.com\/wp-content\/uploads\/productImgs\/External\/SD361.png","width":778,"height":822},{"@type":"BreadcrumbList","@id":"https:\/\/www.jardipond.com\/fr\/tienda\/supradeck\/complementos-tarima-sintetica\/supradeck-perfil-escalera-teak-50x60x2200mm\/#breadcrumb","itemListElement":[{"@type":"ListItem","position":1,"name":"Portada","item":"https:\/\/www.jardipond.com\/fr\/"},{"@type":"ListItem","position":2,"name":"Cat\u00e1logo","item":"https:\/\/www.jardipond.com\/tienda\/"},{"@type":"ListItem","position":3,"name":"Supradeck Perfil Escalera Teak 50x60x2200mm"}]},{"@type":"WebSite","@id":"https:\/\/www.jardipond.com\/fr\/#website","url":"https:\/\/www.jardipond.com\/fr\/","name":"Jard\u00ed Pond","description":"","publisher":{"@id":"https:\/\/www.jardipond.com\/fr\/#organization"},"potentialAction":[{"@type":"SearchAction","target":{"@type":"EntryPoint","urlTemplate":"https:\/\/www.jardipond.com\/fr\/?s={search_term_string}"},"query-input":{"@type":"PropertyValueSpecification","valueRequired":true,"valueName":"search_term_string"}}],"inLanguage":"fr-FR"},{"@type":"Organization","@id":"https:\/\/www.jardipond.com\/fr\/#organization","name":"Jard\u00ed Pond","url":"https:\/\/www.jardipond.com\/fr\/","logo":{"@type":"ImageObject","inLanguage":"fr-FR","@id":"https:\/\/www.jardipond.com\/fr\/#\/schema\/logo\/image\/","url":"https:\/\/www.jardipond.com\/wp-content\/uploads\/2025\/05\/cropped-default.jpg","contentUrl":"https:\/\/www.jardipond.com\/wp-content\/uploads\/2025\/05\/cropped-default.jpg","width":157,"height":157,"caption":"Jard\u00ed Pond"},"image":{"@id":"https:\/\/www.jardipond.com\/fr\/#\/schema\/logo\/image\/"}}]}},"_links":{"self":[{"href":"https:\/\/www.jardipond.com\/fr\/wp-json\/wp\/v2\/product\/8398"}],"collection":[{"href":"https:\/\/www.jardipond.com\/fr\/wp-json\/wp\/v2\/product"}],"about":[{"href":"https:\/\/www.jardipond.com\/fr\/wp-json\/wp\/v2\/types\/product"}],"replies":[{"embeddable":true,"href":"https:\/\/www.jardipond.com\/fr\/wp-json\/wp\/v2\/comments?post=8398"}],"wp:featuredmedia":[{"embeddable":true,"href":"https:\/\/www.jardipond.com\/fr\/wp-json\/wp\/v2\/media\/87693"}],"wp:attachment":[{"href":"https:\/\/www.jardipond.com\/fr\/wp-json\/wp\/v2\/media?parent=8398"}],"wp:term":[{"taxonomy":"product_cat","embeddable":true,"href":"https:\/\/www.jardipond.com\/fr\/wp-json\/wp\/v2\/product_cat?post=8398"},{"taxonomy":"product_tag","embeddable":true,"href":"https:\/\/www.jardipond.com\/fr\/wp-json\/wp\/v2\/product_tag?post=8398"}],"curies":[{"name":"wp","href":"https:\/\/api.w.org\/{rel}","templated":true}]}}