{"id":86498,"date":"2026-04-10T08:51:28","date_gmt":"2026-04-10T07:51:28","guid":{"rendered":"https:\/\/www.jardipond.com\/tienda\/sin categor\u00eda\/placa-drenaje-drenaplack-80x120-cm-e-m2\/"},"modified":"2026-04-10T08:51:28","modified_gmt":"2026-04-10T07:51:28","slug":"placa-drenaje-drenaplack-80x120-cm-e-m2","status":"publish","type":"product","link":"https:\/\/www.jardipond.com\/fr\/tienda\/estabex\/complementos-estabex\/placa-drenaje-drenaplack-80x120-cm-e-m2\/","title":{"rendered":"PLACA DRENAJE DRENAPLACK 80X120 CM (\u20ac\/M2)"},"content":{"rendered":"<p><span style=\"font-size: 12px\"><strong>Celda-Stab<\/strong> es una <strong>geocelda ligera<\/strong> dise\u00f1ada espec\u00edficamente para la <strong>estabilizaci\u00f3n de gravas<\/strong> en grandes superficies y zonas con pendiente. Gracias a su estructura en forma de celda de <strong>5 cm de altura<\/strong>, evita el desplazamiento de \u00e1ridos y materiales sueltos, proporcionando una superficie <strong>estable, drenante y resistente<\/strong>.<\/span><\/p>\n<p><span style=\"font-size: 12px\">Est\u00e1 especialmente indicada para la creaci\u00f3n de <strong>senderos<\/strong>, <strong>caminos de paso ocasional<\/strong> y para estabilizar gravas en taludes o \u00e1reas donde se desee un refuerzo ligero y eficaz.<\/span><\/p>\n<h6><span style=\"font-size: 12px\"><strong>Aplicaciones profesionales<\/strong><\/span><\/h6>\n<ul>\n<li><span style=\"font-size: 12px\"><strong>Senderos y caminos de paso ocasional<\/strong>.<\/span><\/li>\n<li><span style=\"font-size: 12px\"><strong>Estabilizaci\u00f3n de gravas<\/strong> en grandes superficies.<\/span><\/li>\n<li><span style=\"font-size: 12px\">Control de desplazamiento de \u00e1ridos en <strong>taludes y laderas<\/strong>.<\/span><\/li>\n<li><span style=\"font-size: 12px\">Caminos en parques y zonas naturales.<\/span><\/li>\n<li><span style=\"font-size: 12px\">Superficies peatonales o de bajo tr\u00e1fico.<\/span><\/li>\n<li><span style=\"font-size: 12px\">Jardiner\u00eda profesional y paisajismo.<br \/>\n<\/span><\/li>\n<\/ul>\n<h6><span style=\"font-size: 12px\"><strong>Ventajas<\/strong><\/span><\/h6>\n<ul>\n<li><span style=\"font-size: 12px\">Geocelda ligera y flexible (<strong>5 cm de altura<\/strong>).<\/span><\/li>\n<li><span style=\"font-size: 12px\">Estabiliza gravas y \u00e1ridos evitando desplazamientos.<\/span><\/li>\n<li><span style=\"font-size: 12px\"><strong>Permite el drenaje<\/strong> (perforado con agujeros de 10 mm).<\/span><\/li>\n<li><span style=\"font-size: 12px\">Alta resistencia a la <strong>tracci\u00f3n<\/strong>, a la <strong>rotura<\/strong> y a la <strong>degradaci\u00f3n ambiental<\/strong>.<\/span><\/li>\n<li><span style=\"font-size: 12px\">Fabricada en <strong>HDPE estabilizado UV<\/strong> para uso prolongado en exterior.<\/span><\/li>\n<li><span style=\"font-size: 12px\">Instalaci\u00f3n r\u00e1pida y sencilla.<\/span><\/li>\n<li><span style=\"font-size: 12px\">Adaptable a terrenos con pendiente.<\/span><\/li>\n<\/ul>\n","protected":false},"excerpt":{"rendered":"<p><span style=\"font-size: 12px\"><strong>Celda-Stab<\/strong> es una <strong>geocelda ligera<\/strong> dise\u00f1ada espec\u00edficamente para la <strong>estabilizaci\u00f3n de gravas<\/strong> en grandes superficies y zonas con pendiente. Gracias a su estructura en forma de celda de <strong>5 cm de altura<\/strong>, evita el desplazamiento de \u00e1ridos y materiales sueltos, proporcionando una superficie <strong>estable, drenante y resistente<\/strong>.<\/span><\/p>\n<p><span style=\"font-size: 12px\">Est\u00e1 especialmente indicada para la creaci\u00f3n de <strong>senderos<\/strong>, <strong>caminos de paso ocasional<\/strong> y para estabilizar gravas en taludes o \u00e1reas donde se desee un refuerzo ligero y eficaz.<\/span><\/p>\n<h6><span style=\"font-size: 12px\"><strong>Aplicaciones profesionales<\/strong><\/span><\/h6>\n<ul>\n<li><span style=\"font-size: 12px\"><strong>Senderos y caminos de paso ocasional<\/strong>.<\/span><\/li>\n<li><span style=\"font-size: 12px\"><strong>Estabilizaci\u00f3n de gravas<\/strong> en grandes superficies.<\/span><\/li>\n<li><span style=\"font-size: 12px\">Control de desplazamiento de \u00e1ridos en <strong>taludes y laderas<\/strong>.<\/span><\/li>\n<li><span style=\"font-size: 12px\">Caminos en parques y zonas naturales.<\/span><\/li>\n<li><span style=\"font-size: 12px\">Superficies peatonales o de bajo tr\u00e1fico.<\/span><\/li>\n<li><span style=\"font-size: 12px\">Jardiner\u00eda profesional y paisajismo.<br \/>\n<\/span><\/li>\n<\/ul>\n<h6><span style=\"font-size: 12px\"><strong>Ventajas<\/strong><\/span><\/h6>\n<ul>\n<li><span style=\"font-size: 12px\">Geocelda ligera y flexible (<strong>5 cm de altura<\/strong>).<\/span><\/li>\n<li><span style=\"font-size: 12px\">Estabiliza gravas y \u00e1ridos evitando desplazamientos.<\/span><\/li>\n<li><span style=\"font-size: 12px\"><strong>Permite el drenaje<\/strong> (perforado con agujeros de 10 mm).<\/span><\/li>\n<li><span style=\"font-size: 12px\">Alta resistencia a la <strong>tracci\u00f3n<\/strong>, a la <strong>rotura<\/strong> y a la <strong>degradaci\u00f3n ambiental<\/strong>.<\/span><\/li>\n<li><span style=\"font-size: 12px\">Fabricada en <strong>HDPE estabilizado UV<\/strong> para uso prolongado en exterior.<\/span><\/li>\n<li><span style=\"font-size: 12px\">Instalaci\u00f3n r\u00e1pida y sencilla.<\/span><\/li>\n<li><span style=\"font-size: 12px\">Adaptable a terrenos con pendiente.<\/span><\/li>\n<\/ul>\n","protected":false},"featured_media":21067,"comment_status":"open","ping_status":"closed","template":"","meta":{"_acf_changed":false},"product_cat":[49,90],"product_tag":[],"class_list":{"0":"post-86498","1":"product","2":"type-product","3":"status-publish","4":"has-post-thumbnail","6":"product_cat-estabex","7":"product_cat-complementos-estabex","9":"first","10":"instock","11":"shipping-taxable","12":"purchasable","13":"product-type-simple"},"acf":[],"yoast_head":"<!-- This site is optimized with the Yoast SEO plugin v23.4 - https:\/\/yoast.com\/wordpress\/plugins\/seo\/ -->\n<title>Cat\u00e1logo Online de Jardiner\u00eda. Descubre todos nuestros productos | Jard\u00ed Pond<\/title>\n<meta name=\"description\" content=\"Explora todo el cat\u00e1logo de Jard\u00ed Pond y solicita presupuesto para tus proyectos de jardiner\u00eda y paisajismo directamente online.\" \/>\n<meta name=\"robots\" content=\"index, follow, max-snippet:-1, max-image-preview:large, max-video-preview:-1\" \/>\n<link rel=\"canonical\" href=\"https:\/\/www.jardipond.com\/fr\/tienda\/estabex\/complementos-estabex\/placa-drenaje-drenaplack-80x120-cm-e-m2\/\" \/>\n<meta property=\"og:locale\" content=\"fr_FR\" \/>\n<meta property=\"og:type\" content=\"article\" \/>\n<meta property=\"og:title\" content=\"Cat\u00e1logo Online de Jardiner\u00eda. Descubre todos nuestros productos | Jard\u00ed Pond\" \/>\n<meta property=\"og:description\" content=\"Explora todo el cat\u00e1logo de Jard\u00ed Pond y solicita presupuesto para tus proyectos de jardiner\u00eda y paisajismo directamente online.\" \/>\n<meta property=\"og:url\" content=\"https:\/\/www.jardipond.com\/fr\/tienda\/estabex\/complementos-estabex\/placa-drenaje-drenaplack-80x120-cm-e-m2\/\" \/>\n<meta property=\"og:site_name\" content=\"Jard\u00ed Pond\" \/>\n<meta name=\"twitter:card\" content=\"summary_large_image\" \/>\n<meta name=\"twitter:label1\" content=\"Dur\u00e9e de lecture estim\u00e9e\" \/>\n\t<meta name=\"twitter:data1\" content=\"1 minute\" \/>\n<script type=\"application\/ld+json\" class=\"yoast-schema-graph\">{\"@context\":\"https:\/\/schema.org\",\"@graph\":[{\"@type\":\"WebPage\",\"@id\":\"https:\/\/www.jardipond.com\/fr\/tienda\/estabex\/complementos-estabex\/placa-drenaje-drenaplack-80x120-cm-e-m2\/\",\"url\":\"https:\/\/www.jardipond.com\/fr\/tienda\/estabex\/complementos-estabex\/placa-drenaje-drenaplack-80x120-cm-e-m2\/\",\"name\":\"Cat\u00e1logo Online de Jardiner\u00eda. Descubre todos nuestros productos | Jard\u00ed Pond\",\"isPartOf\":{\"@id\":\"https:\/\/www.jardipond.com\/fr\/#website\"},\"primaryImageOfPage\":{\"@id\":\"https:\/\/www.jardipond.com\/fr\/tienda\/estabex\/complementos-estabex\/placa-drenaje-drenaplack-80x120-cm-e-m2\/#primaryimage\"},\"image\":{\"@id\":\"https:\/\/www.jardipond.com\/fr\/tienda\/estabex\/complementos-estabex\/placa-drenaje-drenaplack-80x120-cm-e-m2\/#primaryimage\"},\"thumbnailUrl\":\"https:\/\/www.jardipond.com\/wp-content\/uploads\/2025\/05\/default.jpg\",\"datePublished\":\"2026-04-10T07:51:28+00:00\",\"dateModified\":\"2026-04-10T07:51:28+00:00\",\"description\":\"Explora todo el cat\u00e1logo de Jard\u00ed Pond y solicita presupuesto para tus proyectos de jardiner\u00eda y paisajismo directamente online.\",\"breadcrumb\":{\"@id\":\"https:\/\/www.jardipond.com\/fr\/tienda\/estabex\/complementos-estabex\/placa-drenaje-drenaplack-80x120-cm-e-m2\/#breadcrumb\"},\"inLanguage\":\"fr-FR\",\"potentialAction\":[{\"@type\":\"ReadAction\",\"target\":[\"https:\/\/www.jardipond.com\/fr\/tienda\/estabex\/complementos-estabex\/placa-drenaje-drenaplack-80x120-cm-e-m2\/\"]}]},{\"@type\":\"ImageObject\",\"inLanguage\":\"fr-FR\",\"@id\":\"https:\/\/www.jardipond.com\/fr\/tienda\/estabex\/complementos-estabex\/placa-drenaje-drenaplack-80x120-cm-e-m2\/#primaryimage\",\"url\":\"https:\/\/www.jardipond.com\/wp-content\/uploads\/2025\/05\/default.jpg\",\"contentUrl\":\"https:\/\/www.jardipond.com\/wp-content\/uploads\/2025\/05\/default.jpg\",\"width\":700,\"height\":800},{\"@type\":\"BreadcrumbList\",\"@id\":\"https:\/\/www.jardipond.com\/fr\/tienda\/estabex\/complementos-estabex\/placa-drenaje-drenaplack-80x120-cm-e-m2\/#breadcrumb\",\"itemListElement\":[{\"@type\":\"ListItem\",\"position\":1,\"name\":\"Portada\",\"item\":\"https:\/\/www.jardipond.com\/fr\/\"},{\"@type\":\"ListItem\",\"position\":2,\"name\":\"Cat\u00e1logo\",\"item\":\"https:\/\/www.jardipond.com\/tienda\/\"},{\"@type\":\"ListItem\",\"position\":3,\"name\":\"PLACA DRENAJE DRENAPLACK 80X120 CM (\u20ac\/M2)\"}]},{\"@type\":\"WebSite\",\"@id\":\"https:\/\/www.jardipond.com\/fr\/#website\",\"url\":\"https:\/\/www.jardipond.com\/fr\/\",\"name\":\"Jard\u00ed Pond\",\"description\":\"\",\"publisher\":{\"@id\":\"https:\/\/www.jardipond.com\/fr\/#organization\"},\"potentialAction\":[{\"@type\":\"SearchAction\",\"target\":{\"@type\":\"EntryPoint\",\"urlTemplate\":\"https:\/\/www.jardipond.com\/fr\/?s={search_term_string}\"},\"query-input\":{\"@type\":\"PropertyValueSpecification\",\"valueRequired\":true,\"valueName\":\"search_term_string\"}}],\"inLanguage\":\"fr-FR\"},{\"@type\":\"Organization\",\"@id\":\"https:\/\/www.jardipond.com\/fr\/#organization\",\"name\":\"Jard\u00ed Pond\",\"url\":\"https:\/\/www.jardipond.com\/fr\/\",\"logo\":{\"@type\":\"ImageObject\",\"inLanguage\":\"fr-FR\",\"@id\":\"https:\/\/www.jardipond.com\/fr\/#\/schema\/logo\/image\/\",\"url\":\"https:\/\/www.jardipond.com\/wp-content\/uploads\/2025\/05\/cropped-default.jpg\",\"contentUrl\":\"https:\/\/www.jardipond.com\/wp-content\/uploads\/2025\/05\/cropped-default.jpg\",\"width\":157,\"height\":157,\"caption\":\"Jard\u00ed Pond\"},\"image\":{\"@id\":\"https:\/\/www.jardipond.com\/fr\/#\/schema\/logo\/image\/\"}}]}<\/script>\n<!-- \/ Yoast SEO plugin. -->","yoast_head_json":{"title":"Cat\u00e1logo Online de Jardiner\u00eda. Descubre todos nuestros productos | Jard\u00ed Pond","description":"Explora todo el cat\u00e1logo de Jard\u00ed Pond y solicita presupuesto para tus proyectos de jardiner\u00eda y paisajismo directamente online.","robots":{"index":"index","follow":"follow","max-snippet":"max-snippet:-1","max-image-preview":"max-image-preview:large","max-video-preview":"max-video-preview:-1"},"canonical":"https:\/\/www.jardipond.com\/fr\/tienda\/estabex\/complementos-estabex\/placa-drenaje-drenaplack-80x120-cm-e-m2\/","og_locale":"fr_FR","og_type":"article","og_title":"Cat\u00e1logo Online de Jardiner\u00eda. Descubre todos nuestros productos | Jard\u00ed Pond","og_description":"Explora todo el cat\u00e1logo de Jard\u00ed Pond y solicita presupuesto para tus proyectos de jardiner\u00eda y paisajismo directamente online.","og_url":"https:\/\/www.jardipond.com\/fr\/tienda\/estabex\/complementos-estabex\/placa-drenaje-drenaplack-80x120-cm-e-m2\/","og_site_name":"Jard\u00ed Pond","twitter_card":"summary_large_image","twitter_misc":{"Dur\u00e9e de lecture estim\u00e9e":"1 minute"},"schema":{"@context":"https:\/\/schema.org","@graph":[{"@type":"WebPage","@id":"https:\/\/www.jardipond.com\/fr\/tienda\/estabex\/complementos-estabex\/placa-drenaje-drenaplack-80x120-cm-e-m2\/","url":"https:\/\/www.jardipond.com\/fr\/tienda\/estabex\/complementos-estabex\/placa-drenaje-drenaplack-80x120-cm-e-m2\/","name":"Cat\u00e1logo Online de Jardiner\u00eda. Descubre todos nuestros productos | Jard\u00ed Pond","isPartOf":{"@id":"https:\/\/www.jardipond.com\/fr\/#website"},"primaryImageOfPage":{"@id":"https:\/\/www.jardipond.com\/fr\/tienda\/estabex\/complementos-estabex\/placa-drenaje-drenaplack-80x120-cm-e-m2\/#primaryimage"},"image":{"@id":"https:\/\/www.jardipond.com\/fr\/tienda\/estabex\/complementos-estabex\/placa-drenaje-drenaplack-80x120-cm-e-m2\/#primaryimage"},"thumbnailUrl":"https:\/\/www.jardipond.com\/wp-content\/uploads\/2025\/05\/default.jpg","datePublished":"2026-04-10T07:51:28+00:00","dateModified":"2026-04-10T07:51:28+00:00","description":"Explora todo el cat\u00e1logo de Jard\u00ed Pond y solicita presupuesto para tus proyectos de jardiner\u00eda y paisajismo directamente online.","breadcrumb":{"@id":"https:\/\/www.jardipond.com\/fr\/tienda\/estabex\/complementos-estabex\/placa-drenaje-drenaplack-80x120-cm-e-m2\/#breadcrumb"},"inLanguage":"fr-FR","potentialAction":[{"@type":"ReadAction","target":["https:\/\/www.jardipond.com\/fr\/tienda\/estabex\/complementos-estabex\/placa-drenaje-drenaplack-80x120-cm-e-m2\/"]}]},{"@type":"ImageObject","inLanguage":"fr-FR","@id":"https:\/\/www.jardipond.com\/fr\/tienda\/estabex\/complementos-estabex\/placa-drenaje-drenaplack-80x120-cm-e-m2\/#primaryimage","url":"https:\/\/www.jardipond.com\/wp-content\/uploads\/2025\/05\/default.jpg","contentUrl":"https:\/\/www.jardipond.com\/wp-content\/uploads\/2025\/05\/default.jpg","width":700,"height":800},{"@type":"BreadcrumbList","@id":"https:\/\/www.jardipond.com\/fr\/tienda\/estabex\/complementos-estabex\/placa-drenaje-drenaplack-80x120-cm-e-m2\/#breadcrumb","itemListElement":[{"@type":"ListItem","position":1,"name":"Portada","item":"https:\/\/www.jardipond.com\/fr\/"},{"@type":"ListItem","position":2,"name":"Cat\u00e1logo","item":"https:\/\/www.jardipond.com\/tienda\/"},{"@type":"ListItem","position":3,"name":"PLACA DRENAJE DRENAPLACK 80X120 CM (\u20ac\/M2)"}]},{"@type":"WebSite","@id":"https:\/\/www.jardipond.com\/fr\/#website","url":"https:\/\/www.jardipond.com\/fr\/","name":"Jard\u00ed Pond","description":"","publisher":{"@id":"https:\/\/www.jardipond.com\/fr\/#organization"},"potentialAction":[{"@type":"SearchAction","target":{"@type":"EntryPoint","urlTemplate":"https:\/\/www.jardipond.com\/fr\/?s={search_term_string}"},"query-input":{"@type":"PropertyValueSpecification","valueRequired":true,"valueName":"search_term_string"}}],"inLanguage":"fr-FR"},{"@type":"Organization","@id":"https:\/\/www.jardipond.com\/fr\/#organization","name":"Jard\u00ed Pond","url":"https:\/\/www.jardipond.com\/fr\/","logo":{"@type":"ImageObject","inLanguage":"fr-FR","@id":"https:\/\/www.jardipond.com\/fr\/#\/schema\/logo\/image\/","url":"https:\/\/www.jardipond.com\/wp-content\/uploads\/2025\/05\/cropped-default.jpg","contentUrl":"https:\/\/www.jardipond.com\/wp-content\/uploads\/2025\/05\/cropped-default.jpg","width":157,"height":157,"caption":"Jard\u00ed Pond"},"image":{"@id":"https:\/\/www.jardipond.com\/fr\/#\/schema\/logo\/image\/"}}]}},"_links":{"self":[{"href":"https:\/\/www.jardipond.com\/fr\/wp-json\/wp\/v2\/product\/86498"}],"collection":[{"href":"https:\/\/www.jardipond.com\/fr\/wp-json\/wp\/v2\/product"}],"about":[{"href":"https:\/\/www.jardipond.com\/fr\/wp-json\/wp\/v2\/types\/product"}],"replies":[{"embeddable":true,"href":"https:\/\/www.jardipond.com\/fr\/wp-json\/wp\/v2\/comments?post=86498"}],"wp:featuredmedia":[{"embeddable":true,"href":"https:\/\/www.jardipond.com\/fr\/wp-json\/wp\/v2\/media\/21067"}],"wp:attachment":[{"href":"https:\/\/www.jardipond.com\/fr\/wp-json\/wp\/v2\/media?parent=86498"}],"wp:term":[{"taxonomy":"product_cat","embeddable":true,"href":"https:\/\/www.jardipond.com\/fr\/wp-json\/wp\/v2\/product_cat?post=86498"},{"taxonomy":"product_tag","embeddable":true,"href":"https:\/\/www.jardipond.com\/fr\/wp-json\/wp\/v2\/product_tag?post=86498"}],"curies":[{"name":"wp","href":"https:\/\/api.w.org\/{rel}","templated":true}]}}