{"id":9178,"date":"2025-04-15T17:46:06","date_gmt":"2025-04-15T16:46:06","guid":{"rendered":"https:\/\/www.jardipond.com\/tienda\/sin%20categor\u00eda\/anclaje-recto\/"},"modified":"2026-04-10T09:40:21","modified_gmt":"2026-04-10T08:40:21","slug":"anclaje-recto","status":"publish","type":"product","link":"https:\/\/www.jardipond.com\/fr\/tienda\/madering\/complementos-anclajes\/anclaje-recto\/","title":{"rendered":"Anclaje Recto"},"content":{"rendered":"<p><span style=\"font-size: 12px\"><strong>Anclaje met\u00e1lico recto<\/strong> dise\u00f1ado para la fijaci\u00f3n segura de <strong>postes, traviesas y estructuras de madera tratada<\/strong> en exteriores. Su forma cuadrada permite una instalaci\u00f3n estable y duradera, facilitando el montaje de cerramientos, delimitaciones, estructuras de jard\u00edn o paisajismo.<\/span><\/p>\n<h6><span style=\"font-size: 12px\"><strong>Disponible en:<\/strong><\/span><\/h6>\n<ul>\n<li><span style=\"font-size: 12px\">71 x 71 mm<\/span><\/li>\n<li><span style=\"font-size: 12px\">91 x 91 mm<\/span><\/li>\n<\/ul>\n<h6><span style=\"font-size: 12px\"><strong>Ventajas del anclaje recto:<\/strong><\/span><\/h6>\n<ul>\n<li><span style=\"font-size: 12px\">Garantiza la sujeci\u00f3n firme de postes y traviesas de madera<\/span><\/li>\n<li><span style=\"font-size: 12px\">Resistente a la intemperie, ideal para uso exterior<\/span><\/li>\n<li><span style=\"font-size: 12px\">Facilita una instalaci\u00f3n r\u00e1pida y alineada<\/span><\/li>\n<li><span style=\"font-size: 12px\">Compatible con madera tratada autoclave<\/span><\/li>\n<li><span style=\"font-size: 12px\">Aporta estabilidad estructural sin necesidad de cimentaci\u00f3n<br \/>\n<\/span><\/li>\n<\/ul>\n<h6><span style=\"font-size: 12px\"><strong>Aplicaciones habituales:<\/strong><\/span><\/h6>\n<ul>\n<li><span style=\"font-size: 12px\">Fijaci\u00f3n de traviesas decorativas<\/span><\/li>\n<li><span style=\"font-size: 12px\">Instalaci\u00f3n de postes para vallas o p\u00e9rgolas<\/span><\/li>\n<li><span style=\"font-size: 12px\">Soporte para estructuras de madera en jardines y patios<\/span><\/li>\n<li><span style=\"font-size: 12px\">Montaje de delimitaciones o caminos con madera tratada<\/span><span style=\"font-size: 11px\"><br \/>\n<\/span><\/li>\n<\/ul>\n<p><\/p><\/p>\n","protected":false},"excerpt":{"rendered":"<p><span style=\"font-size: 12px\"><strong>Anclaje met\u00e1lico recto<\/strong> dise\u00f1ado para la fijaci\u00f3n segura de <strong>postes, traviesas y estructuras de madera tratada<\/strong> en exteriores. Su forma cuadrada permite una instalaci\u00f3n estable y duradera, facilitando el montaje de cerramientos, delimitaciones, estructuras de jard\u00edn o paisajismo.<\/span><\/p>\n<h6><span style=\"font-size: 12px\"><strong>Disponible en:<\/strong><\/span><\/h6>\n<ul>\n<li><span style=\"font-size: 12px\">71 x 71 mm<\/span><\/li>\n<li><span style=\"font-size: 12px\">91 x 91 mm<\/span><\/li>\n<\/ul>\n<h6><span style=\"font-size: 12px\"><strong>Ventajas del anclaje recto:<\/strong><\/span><\/h6>\n<ul>\n<li><span style=\"font-size: 12px\">Garantiza la sujeci\u00f3n firme de postes y traviesas de madera<\/span><\/li>\n<li><span style=\"font-size: 12px\">Resistente a la intemperie, ideal para uso exterior<\/span><\/li>\n<li><span style=\"font-size: 12px\">Facilita una instalaci\u00f3n r\u00e1pida y alineada<\/span><\/li>\n<li><span style=\"font-size: 12px\">Compatible con madera tratada autoclave<\/span><\/li>\n<li><span style=\"font-size: 12px\">Aporta estabilidad estructural sin necesidad de cimentaci\u00f3n<br \/>\n<\/span><\/li>\n<\/ul>\n<h6><span style=\"font-size: 12px\"><strong>Aplicaciones habituales:<\/strong><\/span><\/h6>\n<ul>\n<li><span style=\"font-size: 12px\">Fijaci\u00f3n de traviesas decorativas<\/span><\/li>\n<li><span style=\"font-size: 12px\">Instalaci\u00f3n de postes para vallas o p\u00e9rgolas<\/span><\/li>\n<li><span style=\"font-size: 12px\">Soporte para estructuras de madera en jardines y patios<\/span><\/li>\n<li><span style=\"font-size: 12px\">Montaje de delimitaciones o caminos con madera tratada<\/span><span style=\"font-size: 11px\"><br \/>\n<\/span><\/li>\n<\/ul>\n<p><\/p><\/p>\n","protected":false},"featured_media":86524,"comment_status":"open","ping_status":"closed","template":"","meta":{"_acf_changed":false},"product_cat":[48,95],"product_tag":[],"class_list":{"0":"post-9178","1":"product","2":"type-product","3":"status-publish","4":"has-post-thumbnail","6":"product_cat-madering","7":"product_cat-complementos-anclajes","9":"first","10":"outofstock","11":"shipping-taxable","12":"product-type-variable","13":"has-default-attributes"},"acf":[],"yoast_head":"<!-- This site is optimized with the Yoast SEO plugin v23.4 - https:\/\/yoast.com\/wordpress\/plugins\/seo\/ -->\n<title>Cat\u00e1logo Online de Jardiner\u00eda. Descubre todos nuestros productos | Jard\u00ed Pond<\/title>\n<meta name=\"description\" content=\"Explora todo el cat\u00e1logo de Jard\u00ed Pond y solicita presupuesto para tus proyectos de jardiner\u00eda y paisajismo directamente online.\" \/>\n<meta name=\"robots\" content=\"index, follow, max-snippet:-1, max-image-preview:large, max-video-preview:-1\" \/>\n<link rel=\"canonical\" href=\"https:\/\/www.jardipond.com\/fr\/tienda\/madering\/complementos-anclajes\/anclaje-recto\/\" \/>\n<meta property=\"og:locale\" content=\"fr_FR\" \/>\n<meta property=\"og:type\" content=\"article\" \/>\n<meta property=\"og:title\" content=\"Cat\u00e1logo Online de Jardiner\u00eda. Descubre todos nuestros productos | Jard\u00ed Pond\" \/>\n<meta property=\"og:description\" content=\"Explora todo el cat\u00e1logo de Jard\u00ed Pond y solicita presupuesto para tus proyectos de jardiner\u00eda y paisajismo directamente online.\" \/>\n<meta property=\"og:url\" content=\"https:\/\/www.jardipond.com\/fr\/tienda\/madering\/complementos-anclajes\/anclaje-recto\/\" \/>\n<meta property=\"og:site_name\" content=\"Jard\u00ed Pond\" \/>\n<meta property=\"article:modified_time\" content=\"2026-04-10T08:40:21+00:00\" \/>\n<meta property=\"og:image\" content=\"https:\/\/www.jardipond.com\/wp-content\/uploads\/productImgs\/External\/1125.png\" \/>\n\t<meta property=\"og:image:width\" content=\"778\" \/>\n\t<meta property=\"og:image:height\" content=\"822\" \/>\n\t<meta property=\"og:image:type\" content=\"image\/png\" \/>\n<meta name=\"twitter:card\" content=\"summary_large_image\" \/>\n<meta name=\"twitter:label1\" content=\"Dur\u00e9e de lecture estim\u00e9e\" \/>\n\t<meta name=\"twitter:data1\" content=\"1 minute\" \/>\n<script type=\"application\/ld+json\" class=\"yoast-schema-graph\">{\"@context\":\"https:\/\/schema.org\",\"@graph\":[{\"@type\":\"WebPage\",\"@id\":\"https:\/\/www.jardipond.com\/fr\/tienda\/madering\/complementos-anclajes\/anclaje-recto\/\",\"url\":\"https:\/\/www.jardipond.com\/fr\/tienda\/madering\/complementos-anclajes\/anclaje-recto\/\",\"name\":\"Cat\u00e1logo Online de Jardiner\u00eda. Descubre todos nuestros productos | Jard\u00ed Pond\",\"isPartOf\":{\"@id\":\"https:\/\/www.jardipond.com\/fr\/#website\"},\"primaryImageOfPage\":{\"@id\":\"https:\/\/www.jardipond.com\/fr\/tienda\/madering\/complementos-anclajes\/anclaje-recto\/#primaryimage\"},\"image\":{\"@id\":\"https:\/\/www.jardipond.com\/fr\/tienda\/madering\/complementos-anclajes\/anclaje-recto\/#primaryimage\"},\"thumbnailUrl\":\"https:\/\/www.jardipond.com\/wp-content\/uploads\/productImgs\/External\/1125.png\",\"datePublished\":\"2025-04-15T16:46:06+00:00\",\"dateModified\":\"2026-04-10T08:40:21+00:00\",\"description\":\"Explora todo el cat\u00e1logo de Jard\u00ed Pond y solicita presupuesto para tus proyectos de jardiner\u00eda y paisajismo directamente online.\",\"breadcrumb\":{\"@id\":\"https:\/\/www.jardipond.com\/fr\/tienda\/madering\/complementos-anclajes\/anclaje-recto\/#breadcrumb\"},\"inLanguage\":\"fr-FR\",\"potentialAction\":[{\"@type\":\"ReadAction\",\"target\":[\"https:\/\/www.jardipond.com\/fr\/tienda\/madering\/complementos-anclajes\/anclaje-recto\/\"]}]},{\"@type\":\"ImageObject\",\"inLanguage\":\"fr-FR\",\"@id\":\"https:\/\/www.jardipond.com\/fr\/tienda\/madering\/complementos-anclajes\/anclaje-recto\/#primaryimage\",\"url\":\"https:\/\/www.jardipond.com\/wp-content\/uploads\/productImgs\/External\/1125.png\",\"contentUrl\":\"https:\/\/www.jardipond.com\/wp-content\/uploads\/productImgs\/External\/1125.png\",\"width\":778,\"height\":822},{\"@type\":\"BreadcrumbList\",\"@id\":\"https:\/\/www.jardipond.com\/fr\/tienda\/madering\/complementos-anclajes\/anclaje-recto\/#breadcrumb\",\"itemListElement\":[{\"@type\":\"ListItem\",\"position\":1,\"name\":\"Portada\",\"item\":\"https:\/\/www.jardipond.com\/fr\/\"},{\"@type\":\"ListItem\",\"position\":2,\"name\":\"Cat\u00e1logo\",\"item\":\"https:\/\/www.jardipond.com\/tienda\/\"},{\"@type\":\"ListItem\",\"position\":3,\"name\":\"Anclaje Recto\"}]},{\"@type\":\"WebSite\",\"@id\":\"https:\/\/www.jardipond.com\/fr\/#website\",\"url\":\"https:\/\/www.jardipond.com\/fr\/\",\"name\":\"Jard\u00ed Pond\",\"description\":\"\",\"publisher\":{\"@id\":\"https:\/\/www.jardipond.com\/fr\/#organization\"},\"potentialAction\":[{\"@type\":\"SearchAction\",\"target\":{\"@type\":\"EntryPoint\",\"urlTemplate\":\"https:\/\/www.jardipond.com\/fr\/?s={search_term_string}\"},\"query-input\":{\"@type\":\"PropertyValueSpecification\",\"valueRequired\":true,\"valueName\":\"search_term_string\"}}],\"inLanguage\":\"fr-FR\"},{\"@type\":\"Organization\",\"@id\":\"https:\/\/www.jardipond.com\/fr\/#organization\",\"name\":\"Jard\u00ed Pond\",\"url\":\"https:\/\/www.jardipond.com\/fr\/\",\"logo\":{\"@type\":\"ImageObject\",\"inLanguage\":\"fr-FR\",\"@id\":\"https:\/\/www.jardipond.com\/fr\/#\/schema\/logo\/image\/\",\"url\":\"https:\/\/www.jardipond.com\/wp-content\/uploads\/2025\/05\/cropped-default.jpg\",\"contentUrl\":\"https:\/\/www.jardipond.com\/wp-content\/uploads\/2025\/05\/cropped-default.jpg\",\"width\":157,\"height\":157,\"caption\":\"Jard\u00ed Pond\"},\"image\":{\"@id\":\"https:\/\/www.jardipond.com\/fr\/#\/schema\/logo\/image\/\"}}]}<\/script>\n<!-- \/ Yoast SEO plugin. -->","yoast_head_json":{"title":"Cat\u00e1logo Online de Jardiner\u00eda. Descubre todos nuestros productos | Jard\u00ed Pond","description":"Explora todo el cat\u00e1logo de Jard\u00ed Pond y solicita presupuesto para tus proyectos de jardiner\u00eda y paisajismo directamente online.","robots":{"index":"index","follow":"follow","max-snippet":"max-snippet:-1","max-image-preview":"max-image-preview:large","max-video-preview":"max-video-preview:-1"},"canonical":"https:\/\/www.jardipond.com\/fr\/tienda\/madering\/complementos-anclajes\/anclaje-recto\/","og_locale":"fr_FR","og_type":"article","og_title":"Cat\u00e1logo Online de Jardiner\u00eda. Descubre todos nuestros productos | Jard\u00ed Pond","og_description":"Explora todo el cat\u00e1logo de Jard\u00ed Pond y solicita presupuesto para tus proyectos de jardiner\u00eda y paisajismo directamente online.","og_url":"https:\/\/www.jardipond.com\/fr\/tienda\/madering\/complementos-anclajes\/anclaje-recto\/","og_site_name":"Jard\u00ed Pond","article_modified_time":"2026-04-10T08:40:21+00:00","og_image":[{"width":778,"height":822,"url":"https:\/\/www.jardipond.com\/wp-content\/uploads\/productImgs\/External\/1125.png","type":"image\/png"}],"twitter_card":"summary_large_image","twitter_misc":{"Dur\u00e9e de lecture estim\u00e9e":"1 minute"},"schema":{"@context":"https:\/\/schema.org","@graph":[{"@type":"WebPage","@id":"https:\/\/www.jardipond.com\/fr\/tienda\/madering\/complementos-anclajes\/anclaje-recto\/","url":"https:\/\/www.jardipond.com\/fr\/tienda\/madering\/complementos-anclajes\/anclaje-recto\/","name":"Cat\u00e1logo Online de Jardiner\u00eda. Descubre todos nuestros productos | Jard\u00ed Pond","isPartOf":{"@id":"https:\/\/www.jardipond.com\/fr\/#website"},"primaryImageOfPage":{"@id":"https:\/\/www.jardipond.com\/fr\/tienda\/madering\/complementos-anclajes\/anclaje-recto\/#primaryimage"},"image":{"@id":"https:\/\/www.jardipond.com\/fr\/tienda\/madering\/complementos-anclajes\/anclaje-recto\/#primaryimage"},"thumbnailUrl":"https:\/\/www.jardipond.com\/wp-content\/uploads\/productImgs\/External\/1125.png","datePublished":"2025-04-15T16:46:06+00:00","dateModified":"2026-04-10T08:40:21+00:00","description":"Explora todo el cat\u00e1logo de Jard\u00ed Pond y solicita presupuesto para tus proyectos de jardiner\u00eda y paisajismo directamente online.","breadcrumb":{"@id":"https:\/\/www.jardipond.com\/fr\/tienda\/madering\/complementos-anclajes\/anclaje-recto\/#breadcrumb"},"inLanguage":"fr-FR","potentialAction":[{"@type":"ReadAction","target":["https:\/\/www.jardipond.com\/fr\/tienda\/madering\/complementos-anclajes\/anclaje-recto\/"]}]},{"@type":"ImageObject","inLanguage":"fr-FR","@id":"https:\/\/www.jardipond.com\/fr\/tienda\/madering\/complementos-anclajes\/anclaje-recto\/#primaryimage","url":"https:\/\/www.jardipond.com\/wp-content\/uploads\/productImgs\/External\/1125.png","contentUrl":"https:\/\/www.jardipond.com\/wp-content\/uploads\/productImgs\/External\/1125.png","width":778,"height":822},{"@type":"BreadcrumbList","@id":"https:\/\/www.jardipond.com\/fr\/tienda\/madering\/complementos-anclajes\/anclaje-recto\/#breadcrumb","itemListElement":[{"@type":"ListItem","position":1,"name":"Portada","item":"https:\/\/www.jardipond.com\/fr\/"},{"@type":"ListItem","position":2,"name":"Cat\u00e1logo","item":"https:\/\/www.jardipond.com\/tienda\/"},{"@type":"ListItem","position":3,"name":"Anclaje Recto"}]},{"@type":"WebSite","@id":"https:\/\/www.jardipond.com\/fr\/#website","url":"https:\/\/www.jardipond.com\/fr\/","name":"Jard\u00ed Pond","description":"","publisher":{"@id":"https:\/\/www.jardipond.com\/fr\/#organization"},"potentialAction":[{"@type":"SearchAction","target":{"@type":"EntryPoint","urlTemplate":"https:\/\/www.jardipond.com\/fr\/?s={search_term_string}"},"query-input":{"@type":"PropertyValueSpecification","valueRequired":true,"valueName":"search_term_string"}}],"inLanguage":"fr-FR"},{"@type":"Organization","@id":"https:\/\/www.jardipond.com\/fr\/#organization","name":"Jard\u00ed Pond","url":"https:\/\/www.jardipond.com\/fr\/","logo":{"@type":"ImageObject","inLanguage":"fr-FR","@id":"https:\/\/www.jardipond.com\/fr\/#\/schema\/logo\/image\/","url":"https:\/\/www.jardipond.com\/wp-content\/uploads\/2025\/05\/cropped-default.jpg","contentUrl":"https:\/\/www.jardipond.com\/wp-content\/uploads\/2025\/05\/cropped-default.jpg","width":157,"height":157,"caption":"Jard\u00ed Pond"},"image":{"@id":"https:\/\/www.jardipond.com\/fr\/#\/schema\/logo\/image\/"}}]}},"_links":{"self":[{"href":"https:\/\/www.jardipond.com\/fr\/wp-json\/wp\/v2\/product\/9178"}],"collection":[{"href":"https:\/\/www.jardipond.com\/fr\/wp-json\/wp\/v2\/product"}],"about":[{"href":"https:\/\/www.jardipond.com\/fr\/wp-json\/wp\/v2\/types\/product"}],"replies":[{"embeddable":true,"href":"https:\/\/www.jardipond.com\/fr\/wp-json\/wp\/v2\/comments?post=9178"}],"wp:featuredmedia":[{"embeddable":true,"href":"https:\/\/www.jardipond.com\/fr\/wp-json\/wp\/v2\/media\/86524"}],"wp:attachment":[{"href":"https:\/\/www.jardipond.com\/fr\/wp-json\/wp\/v2\/media?parent=9178"}],"wp:term":[{"taxonomy":"product_cat","embeddable":true,"href":"https:\/\/www.jardipond.com\/fr\/wp-json\/wp\/v2\/product_cat?post=9178"},{"taxonomy":"product_tag","embeddable":true,"href":"https:\/\/www.jardipond.com\/fr\/wp-json\/wp\/v2\/product_tag?post=9178"}],"curies":[{"name":"wp","href":"https:\/\/api.w.org\/{rel}","templated":true}]}}